{"id":8758,"date":"2020-12-10T10:43:39","date_gmt":"2020-12-10T09:43:39","guid":{"rendered":"https:\/\/squatsolutions.com\/occupant-sans-droit-ni-titre-proceder-a-une-expulsion\/"},"modified":"2026-03-16T18:16:33","modified_gmt":"2026-03-16T17:16:33","slug":"occupant-sans-droit-ni-titre-proceder-a-une-expulsion","status":"publish","type":"page","link":"https:\/\/squatsolutions.com\/be\/occupant-sans-droit-ni-titre-proceder-a-une-expulsion\/","title":{"rendered":"Occupant sans droit ni titre en Belgique\u00a0: d\u00e9finition et explications"},"content":{"rendered":"\n<div class=\"gb-element-2511702e\">\n<div>\n<p>En Belgique, un <strong>occupant sans droit ni titre<\/strong> est une personne qui occupe un bien immobilier <strong>sans autorisation l\u00e9gale du propri\u00e9taire<\/strong> et <strong>sans fondement juridique valable<\/strong>. Cela signifie qu\u2019elle ne dispose ni d\u2019un <strong>contrat de bail<\/strong>, ni d\u2019un <strong>droit r\u00e9el<\/strong> (usufruit, emphyt\u00e9ose, etc.), ni d\u2019aucune d\u00e9cision de justice l\u2019autorisant \u00e0 rester dans les lieux. Cette situation concerne notamment les <strong>squatteurs<\/strong>, mais aussi, dans certains cas, d\u2019anciens locataires qui se maintiennent dans le logement <strong>apr\u00e8s la fin ou la r\u00e9siliation du bail<\/strong>, sans accord du propri\u00e9taire.<\/p>\n\n\n\n<p>Sur le plan juridique, l\u2019occupation sans droit ni titre est consid\u00e9r\u00e9e comme <strong>ill\u00e9gale<\/strong>. Depuis la loi dite <em>anti-squat<\/em> (entr\u00e9e en vigueur en 2017), elle peut entra\u00eener <strong>des cons\u00e9quences civiles et p\u00e9nales<\/strong> : le propri\u00e9taire peut demander une <strong>expulsion devant le juge de paix<\/strong> et, dans certaines situations, d\u00e9poser une <strong>plainte p\u00e9nale<\/strong> pour occupation ill\u00e9gale. Toutefois, m\u00eame en pr\u00e9sence d\u2019un occupant sans droit ni titre, le propri\u00e9taire ne peut pas proc\u00e9der lui-m\u00eame \u00e0 l\u2019expulsion&nbsp;: <strong>une d\u00e9cision judiciaire est indispensable<\/strong> afin de garantir le respect des droits fondamentaux et de la proc\u00e9dure contradictoire.<\/p>\n\n\n\n<h2 class=\"gb-text gb-text-70a406bf\">Que risque un propri\u00e9taire qui veut expulser&nbsp; un occupant sans droit ni titre en Belgique&nbsp;?<\/h2>\n\n\n\n<p>En Belgique, un propri\u00e9taire qui tente d\u2019expulser <strong>lui-m\u00eame<\/strong> un occupant sans droit ni titre s\u2019expose \u00e0 <strong>des risques juridiques s\u00e9rieux<\/strong>, m\u00eame s\u2019il est pleinement propri\u00e9taire du bien.<\/p>\n\n\n\n<div class=\"gb-accordion\">\n<div class=\"gb-accordion__item accordeon-item\">\n<div role=\"button\" tabindex=\"0\" class=\"gb-accordion__toggle gb-accordion__toggle-89565ac7\" id=\"gb-accordion-toggle-89565ac7\">\n<h3 class=\"gb-text titre-accordeon\">Sanctions p\u00e9nales&nbsp;<\/h3>\n\n\n\n<span class=\"gb-accordion__toggle-icon gb-accordion__toggle-icon-a3451af5\"><span class=\"gb-accordion__toggle-icon-open\"><svg aria-hidden=\"true\" viewBox=\"0 0 256 256\"><rect width=\"256\" height=\"256\" fill=\"none\"><\/rect><polyline points=\"208 96 128 176 48 96\" fill=\"none\" stroke=\"currentColor\" stroke-linecap=\"round\" stroke-linejoin=\"round\" stroke-width=\"16\"><\/polyline><\/svg><\/span><span class=\"gb-accordion__toggle-icon-close\"><svg aria-hidden=\"true\" viewBox=\"0 0 256 256\"><rect width=\"256\" height=\"256\" fill=\"none\"><\/rect><polyline points=\"48 160 128 80 208 160\" fill=\"none\" stroke=\"currentColor\" stroke-linecap=\"round\" stroke-linejoin=\"round\" stroke-width=\"16\"><\/polyline><\/svg><\/span><\/span>\n<\/div>\n\n\n\n<div class=\"gb-accordion__content\" id=\"gb-accordion-content-9404a934\">\n<div class=\"gb-element-34d43927\">\n<p>Un propri\u00e9taire qui expulse sans d\u00e9cision judiciaire (changement de serrure, coupure d\u2019eau ou d\u2019\u00e9lectricit\u00e9, menaces, intimidation, expulsion physique) peut \u00eatre poursuivi pour :<\/p>\n\n\n\n<ul class=\"wp-block-list\">\n<li><strong>violation de domicile<\/strong>,<\/li>\n\n\n\n<li><strong>voie de fait<\/strong>,<\/li>\n\n\n\n<li><strong>harc\u00e8lement<\/strong> ou <strong>menaces<\/strong> selon les circonstances.<\/li>\n<\/ul>\n\n\n\n<p>Ces infractions peuvent entra\u00eener <strong>amendes et\/ou peines de prison<\/strong>, ind\u00e9pendamment du caract\u00e8re ill\u00e9gal de l\u2019occupation.<\/p>\n<\/div>\n<\/div>\n<\/div>\n\n\n\n<div class=\"gb-accordion__item accordeon-item\">\n<div role=\"button\" tabindex=\"0\" class=\"gb-accordion__toggle gb-accordion__toggle-c2d7b850\" id=\"gb-accordion-toggle-c2d7b850\">\n<h3 class=\"gb-text titre-accordeon\">Condamnation civile<\/h3>\n\n\n\n<span class=\"gb-accordion__toggle-icon gb-accordion__toggle-icon-cd9d294b\"><span class=\"gb-accordion__toggle-icon-open\"><svg aria-hidden=\"true\" viewBox=\"0 0 256 256\"><rect width=\"256\" height=\"256\" fill=\"none\"><\/rect><polyline points=\"208 96 128 176 48 96\" fill=\"none\" stroke=\"currentColor\" stroke-linecap=\"round\" stroke-linejoin=\"round\" stroke-width=\"16\"><\/polyline><\/svg><\/span><span class=\"gb-accordion__toggle-icon-close\"><svg aria-hidden=\"true\" viewBox=\"0 0 256 256\"><rect width=\"256\" height=\"256\" fill=\"none\"><\/rect><polyline points=\"48 160 128 80 208 160\" fill=\"none\" stroke=\"currentColor\" stroke-linecap=\"round\" stroke-linejoin=\"round\" stroke-width=\"16\"><\/polyline><\/svg><\/span><\/span>\n<\/div>\n\n\n\n<div class=\"gb-accordion__content\" id=\"gb-accordion-content-eafc8c33\">\n<div class=\"gb-element-d9892532\">\n<p>L\u2019occupant peut saisir le juge pour :<\/p>\n\n\n\n<ul class=\"wp-block-list\">\n<li>demander sa r\u00e9int\u00e9gration dans le logement,<\/li>\n\n\n\n<li>r\u00e9clamer des dommages et int\u00e9r\u00eats pour expulsion abusive,<\/li>\n\n\n\n<li>obtenir la remise en \u00e9tat du bien (ex. r\u00e9ouverture du logement).<\/li>\n<\/ul>\n\n\n\n<p>Le propri\u00e9taire peut donc se retrouver condamn\u00e9 malgr\u00e9 son droit de propri\u00e9t\u00e9.<\/p>\n<\/div>\n<\/div>\n<\/div>\n\n\n\n<div class=\"gb-accordion__item accordeon-item\">\n<div role=\"button\" tabindex=\"0\" class=\"gb-accordion__toggle gb-accordion__toggle-e6848fe8\" id=\"gb-accordion-toggle-e6848fe8\">\n<h3 class=\"gb-text titre-accordeon\">Blocage ou retard de la proc\u00e9dure l\u00e9gale<\/h3>\n\n\n\n<span class=\"gb-accordion__toggle-icon gb-accordion__toggle-icon-440cec84\"><span class=\"gb-accordion__toggle-icon-open\"><svg aria-hidden=\"true\" viewBox=\"0 0 256 256\"><rect width=\"256\" height=\"256\" fill=\"none\"><\/rect><polyline points=\"208 96 128 176 48 96\" fill=\"none\" stroke=\"currentColor\" stroke-linecap=\"round\" stroke-linejoin=\"round\" stroke-width=\"16\"><\/polyline><\/svg><\/span><span class=\"gb-accordion__toggle-icon-close\"><svg aria-hidden=\"true\" viewBox=\"0 0 256 256\"><rect width=\"256\" height=\"256\" fill=\"none\"><\/rect><polyline points=\"48 160 128 80 208 160\" fill=\"none\" stroke=\"currentColor\" stroke-linecap=\"round\" stroke-linejoin=\"round\" stroke-width=\"16\"><\/polyline><\/svg><\/span><\/span>\n<\/div>\n\n\n\n<div class=\"gb-accordion__content\" id=\"gb-accordion-content-e03db568\">\n<div class=\"gb-element-33d7a7d5\">\n<p>Une expulsion ill\u00e9gale peut :<\/p>\n\n\n\n<ul class=\"wp-block-list\">\n<li><strong>fragiliser le dossier du propri\u00e9taire<\/strong> devant le juge,<\/li>\n\n\n\n<li>donner des arguments solides \u00e0 l\u2019occupant pour <strong>contester ou retarder l\u2019expulsion officielle<\/strong>,<\/li>\n\n\n\n<li>entra\u00eener une <strong>perte de cr\u00e9dibilit\u00e9 proc\u00e9durale<\/strong>.<\/li>\n<\/ul>\n<\/div>\n<\/div>\n<\/div>\n<\/div>\n\n\n\n<h2 class=\"gb-text gb-text-c79f027c\">Que peut faire un propri\u00e9taire pour expulser&nbsp; un occupant sans droit ni titre en Belgique&nbsp;?<\/h2>\n\n\n\n<p>Le propri\u00e9taire doit imp\u00e9rativement&nbsp;:<\/p>\n\n\n\n<ul class=\"wp-block-list\">\n<li><strong>saisir le juge de paix<\/strong> (proc\u00e9dure civile),<\/li>\n\n\n\n<li>ou passer par la <strong>proc\u00e9dure p\u00e9nale pr\u00e9vue par la loi anti-squat<\/strong>,<\/li>\n\n\n\n<li>attendre une <strong>ordonnance d\u2019expulsion ex\u00e9cutoire<\/strong>, appliqu\u00e9e par <strong>un huissier et\/ou la police<\/strong>.<\/li>\n\n\n\n<li><a href=\"https:\/\/squatsolutions.com\/be\/rachat-de-biens-squattes\/\">Vendre le bien squatt\u00e9<\/a> par des occupants sans droit ni titre \u00e0 Squat Solutions<\/li>\n<\/ul>\n\n\n\n<p>Tant qu\u2019aucune d\u00e9cision judiciaire n\u2019est rendue, <strong>toute expulsion \u201cmanu militari\u201d est ill\u00e9gale<\/strong>.<\/p>\n<\/div>\n\n\n\n<div class=\"gb-element-ba396e77\">\n<div class=\"pipedriveWebForms\" data-pd-webforms=\"https:\/\/webforms.pipedrive.com\/f\/bXvxyr4TQbGQl93UkkQgBfalsTnC07kJ28fCqChotSlx3WANWa28dLHqBZejdvG0Uz\"><script src=\"https:\/\/webforms.pipedrive.com\/f\/loader\"><\/script><\/div>\n<\/div>\n<\/div>\n","protected":false},"excerpt":{"rendered":"<p>En Belgique, un occupant sans droit ni titre est une personne qui occupe un bien immobilier sans autorisation l\u00e9gale du propri\u00e9taire et sans fondement juridique valable. Cela signifie qu\u2019elle ne dispose ni d\u2019un contrat de bail, ni d\u2019un droit r\u00e9el (usufruit, emphyt\u00e9ose, etc.), ni d\u2019aucune d\u00e9cision de justice l\u2019autorisant \u00e0 rester dans les lieux. Cette &#8230; <a title=\"Occupant sans droit ni titre en Belgique\u00a0: d\u00e9finition et explications\" class=\"read-more\" href=\"https:\/\/squatsolutions.com\/be\/occupant-sans-droit-ni-titre-proceder-a-une-expulsion\/\" aria-label=\"Read more about Occupant sans droit ni titre en Belgique\u00a0: d\u00e9finition et explications\">Read more<\/a><\/p>\n","protected":false},"author":1,"featured_media":0,"parent":0,"menu_order":18,"comment_status":"closed","ping_status":"closed","template":"","meta":{"footnotes":""},"class_list":["post-8758","page","type-page","status-publish"],"yoast_head":"<!-- This site is optimized with the Yoast SEO plugin v27.3 - https:\/\/yoast.com\/product\/yoast-seo-wordpress\/ -->\n<title>Occupant sans droit ni titre en Belgique que faire ?<\/title>\n<meta name=\"description\" content=\"Votre bien est squatt\u00e9 par un occupant sans droit ni titre, vous pouvez alors lancer une proc\u00e9dure d\u2019expulsion selon la loi belge.\" \/>\n<meta name=\"robots\" content=\"index, follow, max-snippet:-1, max-image-preview:large, max-video-preview:-1\" \/>\n<link rel=\"canonical\" href=\"https:\/\/squatsolutions.com\/be\/occupant-sans-droit-ni-titre-proceder-a-une-expulsion\/\" \/>\n<meta property=\"og:locale\" content=\"fr_FR\" \/>\n<meta property=\"og:type\" content=\"article\" \/>\n<meta property=\"og:title\" content=\"Occupant sans droit ni titre en Belgique que faire ?\" \/>\n<meta property=\"og:description\" content=\"Votre bien est squatt\u00e9 par un occupant sans droit ni titre, vous pouvez alors lancer une proc\u00e9dure d\u2019expulsion selon la loi belge.\" \/>\n<meta property=\"og:url\" content=\"https:\/\/squatsolutions.com\/be\/occupant-sans-droit-ni-titre-proceder-a-une-expulsion\/\" \/>\n<meta property=\"og:site_name\" content=\"Squat solutions\" \/>\n<meta property=\"article:modified_time\" content=\"2026-03-16T17:16:33+00:00\" \/>\n<meta name=\"twitter:card\" content=\"summary_large_image\" \/>\n<meta name=\"twitter:label1\" content=\"Dur\u00e9e de lecture est.\" \/>\n\t<meta name=\"twitter:data1\" content=\"3 minutes\" \/>\n<!-- \/ Yoast SEO plugin. -->","yoast_head_json":{"title":"Occupant sans droit ni titre en Belgique que faire ?","description":"Votre bien est squatt\u00e9 par un occupant sans droit ni titre, vous pouvez alors lancer une proc\u00e9dure d\u2019expulsion selon la loi belge.","robots":{"index":"index","follow":"follow","max-snippet":"max-snippet:-1","max-image-preview":"max-image-preview:large","max-video-preview":"max-video-preview:-1"},"canonical":"https:\/\/squatsolutions.com\/be\/occupant-sans-droit-ni-titre-proceder-a-une-expulsion\/","og_locale":"fr_FR","og_type":"article","og_title":"Occupant sans droit ni titre en Belgique que faire ?","og_description":"Votre bien est squatt\u00e9 par un occupant sans droit ni titre, vous pouvez alors lancer une proc\u00e9dure d\u2019expulsion selon la loi belge.","og_url":"https:\/\/squatsolutions.com\/be\/occupant-sans-droit-ni-titre-proceder-a-une-expulsion\/","og_site_name":"Squat solutions","article_modified_time":"2026-03-16T17:16:33+00:00","twitter_card":"summary_large_image","twitter_misc":{"Dur\u00e9e de lecture est.":"3 minutes"},"schema":{"@context":"https:\/\/schema.org","@graph":[{"@type":"WebPage","@id":"https:\/\/squatsolutions.com\/be\/occupant-sans-droit-ni-titre-proceder-a-une-expulsion\/","url":"https:\/\/squatsolutions.com\/be\/occupant-sans-droit-ni-titre-proceder-a-une-expulsion\/","name":"Occupant sans droit ni titre en Belgique que faire ?","isPartOf":{"@id":"https:\/\/squatsolutions.com\/be\/#website"},"datePublished":"2020-12-10T09:43:39+00:00","dateModified":"2026-03-16T17:16:33+00:00","description":"Votre bien est squatt\u00e9 par un occupant sans droit ni titre, vous pouvez alors lancer une proc\u00e9dure d\u2019expulsion selon la loi belge.","breadcrumb":{"@id":"https:\/\/squatsolutions.com\/be\/occupant-sans-droit-ni-titre-proceder-a-une-expulsion\/#breadcrumb"},"inLanguage":"fr-BE","potentialAction":[{"@type":"ReadAction","target":["https:\/\/squatsolutions.com\/be\/occupant-sans-droit-ni-titre-proceder-a-une-expulsion\/"]}]},{"@type":"BreadcrumbList","@id":"https:\/\/squatsolutions.com\/be\/occupant-sans-droit-ni-titre-proceder-a-une-expulsion\/#breadcrumb","itemListElement":[{"@type":"ListItem","position":1,"name":"Accueil","item":"https:\/\/squatsolutions.com\/be\/"},{"@type":"ListItem","position":2,"name":"Occupant sans droit ni titre en Belgique\u00a0: d\u00e9finition et explications"}]},{"@type":"WebSite","@id":"https:\/\/squatsolutions.com\/be\/#website","url":"https:\/\/squatsolutions.com\/be\/","name":"Squat Solutions","description":"Rachat de logements squatt\u00e9s et de parts indivises","publisher":{"@id":"https:\/\/squatsolutions.com\/be\/#organization"},"potentialAction":[{"@type":"SearchAction","target":{"@type":"EntryPoint","urlTemplate":"https:\/\/squatsolutions.com\/be\/?s={search_term_string}"},"query-input":{"@type":"PropertyValueSpecification","valueRequired":true,"valueName":"search_term_string"}}],"inLanguage":"fr-BE"},{"@type":"Organization","@id":"https:\/\/squatsolutions.com\/be\/#organization","name":"Squat Solutions","url":"https:\/\/squatsolutions.com\/be\/","logo":{"@type":"ImageObject","inLanguage":"fr-BE","@id":"https:\/\/squatsolutions.com\/be\/#\/schema\/logo\/image\/","url":"https:\/\/squatsolutions.com\/wp-content\/uploads\/2019\/03\/logo-squatsolutions.png","contentUrl":"https:\/\/squatsolutions.com\/wp-content\/uploads\/2019\/03\/logo-squatsolutions.png","width":558,"height":214,"caption":"Squat Solutions"},"image":{"@id":"https:\/\/squatsolutions.com\/be\/#\/schema\/logo\/image\/"}}]}},"_links":{"self":[{"href":"https:\/\/squatsolutions.com\/be\/wp-json\/wp\/v2\/pages\/8758","targetHints":{"allow":["GET"]}}],"collection":[{"href":"https:\/\/squatsolutions.com\/be\/wp-json\/wp\/v2\/pages"}],"about":[{"href":"https:\/\/squatsolutions.com\/be\/wp-json\/wp\/v2\/types\/page"}],"author":[{"embeddable":true,"href":"https:\/\/squatsolutions.com\/be\/wp-json\/wp\/v2\/users\/1"}],"replies":[{"embeddable":true,"href":"https:\/\/squatsolutions.com\/be\/wp-json\/wp\/v2\/comments?post=8758"}],"version-history":[{"count":5,"href":"https:\/\/squatsolutions.com\/be\/wp-json\/wp\/v2\/pages\/8758\/revisions"}],"predecessor-version":[{"id":9745,"href":"https:\/\/squatsolutions.com\/be\/wp-json\/wp\/v2\/pages\/8758\/revisions\/9745"}],"wp:attachment":[{"href":"https:\/\/squatsolutions.com\/be\/wp-json\/wp\/v2\/media?parent=8758"}],"curies":[{"name":"wp","href":"https:\/\/api.w.org\/{rel}","templated":true}]}}