{"id":8764,"date":"2018-10-25T10:13:13","date_gmt":"2018-10-25T08:13:13","guid":{"rendered":"https:\/\/squatsolutions.com\/nos-garanties\/"},"modified":"2018-10-25T10:13:13","modified_gmt":"2018-10-25T08:13:13","slug":"nos-garanties","status":"publish","type":"page","link":"https:\/\/squatsolutions.com\/be\/nos-garanties\/","title":{"rendered":"Nos garanties"},"content":{"rendered":"\n<h2 class=\"gb-headline gb-headline-62b96156 gb-headline-text\">Les offres de Squat Solutions sont fermes. Les accords d&#8217;achat sont sans conditions suspensives de cr\u00e9dit ou de situation.<\/h2>\n\n\n<div class=\"gb-grid-wrapper gb-grid-wrapper-4725e83c\">\n<div class=\"gb-grid-column gb-grid-column-0add54e4\"><div class=\"gb-container gb-container-0add54e4\"><div class=\"gb-inside-container\">\n\n<h5 class=\"gb-headline gb-headline-5692d1c0\"><span class=\"gb-icon\"><svg viewBox=\"0 0 640 512\" xmlns=\"http:\/\/www.w3.org\/2000\/svg\"><path d=\"M323.4 85.2l-96.8 78.4c-16.1 13-19.2 36.4-7 53.1c12.9 17.8 38 21.3 55.3 7.8l99.3-77.2c7-5.4 17-4.2 22.5 2.8s4.2 17-2.8 22.5l-20.9 16.2L512 316.8V128h-.7l-3.9-2.5L434.8 79c-15.3-9.8-33.2-15-51.4-15c-21.8 0-43 7.5-60 21.2zm22.8 124.4l-51.7 40.2C263 274.4 217.3 268 193.7 235.6c-22.2-30.5-16.6-73.1 12.7-96.8l83.2-67.3c-11.6-4.9-24.1-7.4-36.8-7.4C234 64 215.7 69.6 200 80l-72 48V352h28.2l91.4 83.4c19.6 17.9 49.9 16.5 67.8-3.1c5.5-6.1 9.2-13.2 11.1-20.6l17 15.6c19.5 17.9 49.9 16.6 67.8-2.9c4.5-4.9 7.8-10.6 9.9-16.5c19.4 13 45.8 10.3 62.1-7.5c17.9-19.5 16.6-49.9-2.9-67.8l-134.2-123zM96 128H0V352c0 17.7 14.3 32 32 32H64c17.7 0 32-14.3 32-32V128zM48 352c-8.8 0-16-7.2-16-16s7.2-16 16-16s16 7.2 16 16s-7.2 16-16 16zM544 128V352c0 17.7 14.3 32 32 32h32c17.7 0 32-14.3 32-32V128H544zm64 208c0 8.8-7.2 16-16 16s-16-7.2-16-16s7.2-16 16-16s16 7.2 16 16z\"><\/path><\/svg><\/span><span class=\"gb-headline-text\">Une offre \u00e9quitable<\/span><\/h5>\n\n\n\n<p>Nous \u00e9valuons votre bien en fonction de sa situation juridique et technique.<\/p>\n\n<\/div><\/div><\/div>\n\n<div class=\"gb-grid-column gb-grid-column-b95b2c15\"><div class=\"gb-container gb-container-b95b2c15\"><div class=\"gb-inside-container\">\n\n<h5 class=\"gb-headline gb-headline-d50a4dd6\"><span class=\"gb-icon\"><svg viewBox=\"0 0 512 512\" xmlns=\"http:\/\/www.w3.org\/2000\/svg\"><path d=\"M224 445.3V323.5l-94.3 77.1c26.1 22.8 58.5 38.7 94.3 44.7zM89.2 351.1L224 240.8V66.7C133.2 81.9 64 160.9 64 256c0 34.6 9.2 67.1 25.2 95.1zm293.1 49.5L288 323.5V445.3c35.7-6 68.1-21.9 94.3-44.7zm40.6-49.5c16-28 25.2-60.5 25.2-95.1c0-95.1-69.2-174.1-160-189.3V240.8L422.8 351.1zM512 256c0 141.4-114.6 256-256 256S0 397.4 0 256S114.6 0 256 0S512 114.6 512 256z\"><\/path><\/svg><\/span><span class=\"gb-headline-text\">Une solution sereine<\/span><\/h5>\n\n\n\n<p>Nous vous exon\u00e9rons de toutes les responsabilit\u00e9s et incertitudes des proc\u00e9dures judiciaires en devenant propri\u00e9taire de votre bien.<\/p>\n\n<\/div><\/div><\/div>\n\n<div class=\"gb-grid-column gb-grid-column-9539dd7b\"><div class=\"gb-container gb-container-9539dd7b\"><div class=\"gb-inside-container\">\n\n<h5 class=\"gb-headline gb-headline-93cba2e8\"><span class=\"gb-icon\"><svg viewBox=\"0 0 576 512\" xmlns=\"http:\/\/www.w3.org\/2000\/svg\"><path d=\"M413.5 237.5c-28.2 4.8-58.2-3.6-80-25.4l-38.1-38.1C280.4 159 272 138.8 272 117.6V105.5L192.3 62c-5.3-2.9-8.6-8.6-8.3-14.7s3.9-11.5 9.5-14l47.2-21C259.1 4.2 279 0 299.2 0h18.1c36.7 0 72 14 98.7 39.1l44.6 42c24.2 22.8 33.2 55.7 26.6 86L503 183l8-8c9.4-9.4 24.6-9.4 33.9 0l24 24c9.4 9.4 9.4 24.6 0 33.9l-88 88c-9.4 9.4-24.6 9.4-33.9 0l-24-24c-9.4-9.4-9.4-24.6 0-33.9l8-8-17.5-17.5zM27.4 377.1L260.9 182.6c3.5 4.9 7.5 9.6 11.8 14l38.1 38.1c6 6 12.4 11.2 19.2 15.7L134.9 484.6c-14.5 17.4-36 27.4-58.6 27.4C34.1 512 0 477.8 0 435.7c0-22.6 10.1-44.1 27.4-58.6z\"><\/path><\/svg><\/span><span class=\"gb-headline-text\">Une entreprise solide<\/span><\/h5>\n\n\n\n<p>Squat Solutions r\u00e9alise en France 8 \u00e0 10 projets par mois et se d\u00e9veloppe actuellement en Europe gr\u00e2ce \u00e0 un r\u00e9seau de partenaires solides.<\/p>\n\n<\/div><\/div><\/div>\n<\/div>\n\n\n<h2 class=\"gb-headline gb-headline-4733d833 gb-headline-text\">Pour chaque bien squatt\u00e9, Squat Solutions privil\u00e9gie toujours une sortie \u00e0 l&#8217;amiable, par le dialogue et l&#8217;accompagnement.<\/h2>\n\n\n<div class=\"gb-grid-wrapper gb-grid-wrapper-e83299b3\">\n<div class=\"gb-grid-column gb-grid-column-9163366d\"><div class=\"gb-container gb-container-9163366d\"><div class=\"gb-inside-container\">\n\n<h5 class=\"gb-headline gb-headline-b1697606\"><span class=\"gb-icon\"><svg viewBox=\"0 0 512 512\" xmlns=\"http:\/\/www.w3.org\/2000\/svg\"><path d=\"M247.5 25.4c-13.5 3.3-26.4 7.2-38.6 11.7C142.9 61.6 96.7 103.6 66 153.6c-18.3 29.8-30.9 62.3-39.2 95.4L264.5 486.6c13.5-3.3 26.4-7.2 38.6-11.7c66-24.5 112.2-66.5 142.9-116.5c18.3-29.8 30.9-62.3 39.1-95.3L247.5 25.4zM495.2 205.3c6.1-56.8 1.4-112.2-7.7-156.4c-2.7-12.9-13-22.9-26.1-25.1c-58.2-9.7-109.9-12-155.6-7.9L495.2 205.3zM206.1 496L16.8 306.7c-6.1 56.8-1.4 112.2 7.7 156.4c2.7 12.9 13 22.9 26.1 25.1c58.2 9.7 109.9 12 155.6 7.9zm54.6-331.3c6.2-6.2 16.4-6.2 22.6 0l64 64c6.2 6.2 6.2 16.4 0 22.6s-16.4 6.2-22.6 0l-64-64c-6.2-6.2-6.2-16.4 0-22.6zm-48 48c6.2-6.2 16.4-6.2 22.6 0l64 64c6.2 6.2 6.2 16.4 0 22.6s-16.4 6.2-22.6 0l-64-64c-6.2-6.2-6.2-16.4 0-22.6zm-48 48c6.2-6.2 16.4-6.2 22.6 0l64 64c6.2 6.2 6.2 16.4 0 22.6s-16.4 6.2-22.6 0l-64-64c-6.2-6.2-6.2-16.4 0-22.6z\"><\/path><\/svg><\/span><span class=\"gb-headline-text\">Sur le terrain<\/span><\/h5>\n\n\n\n<p>Si nous intervenons dans le respect du droit, c\u2019est sur le terrain en premier lieu que nous privil\u00e9gions des solutions op\u00e9rationnelles.<\/p>\n\n<\/div><\/div><\/div>\n\n<div class=\"gb-grid-column gb-grid-column-6f6dd2fe\"><div class=\"gb-container gb-container-6f6dd2fe\"><div class=\"gb-inside-container\">\n\n<h5 class=\"gb-headline gb-headline-457d9b26\"><span class=\"gb-icon\"><svg viewBox=\"0 0 576 512\" xmlns=\"http:\/\/www.w3.org\/2000\/svg\"><path d=\"M118.6 80c-11.5 0-21.4 7.9-24 19.1L57 260.3c20.5-6.2 48.3-12.3 78.7-12.3c32.3 0 61.8 6.9 82.8 13.5c10.6 3.3 19.3 6.7 25.4 9.2c3.1 1.3 5.5 2.4 7.3 3.2c.9 .4 1.6 .7 2.1 1l.6 .3 .2 .1 .1 0 0 0 0 0s0 0-6.3 12.7h0l6.3-12.7c5.8 2.9 10.4 7.3 13.5 12.7h40.6c3.1-5.3 7.7-9.8 13.5-12.7l6.3 12.7h0c-6.3-12.7-6.3-12.7-6.3-12.7l0 0 0 0 .1 0 .2-.1 .6-.3c.5-.2 1.2-.6 2.1-1c1.8-.8 4.2-1.9 7.3-3.2c6.1-2.6 14.8-5.9 25.4-9.2c21-6.6 50.4-13.5 82.8-13.5c30.4 0 58.2 6.1 78.7 12.3L481.4 99.1c-2.6-11.2-12.6-19.1-24-19.1c-3.1 0-6.2 .6-9.2 1.8L416.9 94.3c-12.3 4.9-26.3-1.1-31.2-13.4s1.1-26.3 13.4-31.2l31.3-12.5c8.6-3.4 17.7-5.2 27-5.2c33.8 0 63.1 23.3 70.8 56.2l43.9 188c1.7 7.3 2.9 14.7 3.5 22.1c.3 1.9 .5 3.8 .5 5.7v6.7V352v16c0 61.9-50.1 112-112 112H419.7c-59.4 0-108.5-46.4-111.8-105.8L306.6 352H269.4l-1.2 22.2C264.9 433.6 215.8 480 156.3 480H112C50.1 480 0 429.9 0 368V352 310.7 304c0-1.9 .2-3.8 .5-5.7c.6-7.4 1.8-14.8 3.5-22.1l43.9-188C55.5 55.3 84.8 32 118.6 32c9.2 0 18.4 1.8 27 5.2l31.3 12.5c12.3 4.9 18.3 18.9 13.4 31.2s-18.9 18.3-31.2 13.4L127.8 81.8c-2.9-1.2-6-1.8-9.2-1.8zM64 325.4V368c0 26.5 21.5 48 48 48h44.3c25.5 0 46.5-19.9 47.9-45.3l2.5-45.6c-2.3-.8-4.9-1.7-7.5-2.5c-17.2-5.4-39.9-10.5-63.6-10.5c-23.7 0-46.2 5.1-63.2 10.5c-3.1 1-5.9 1.9-8.5 2.9zM512 368V325.4c-2.6-.9-5.5-1.9-8.5-2.9c-17-5.4-39.5-10.5-63.2-10.5c-23.7 0-46.4 5.1-63.6 10.5c-2.7 .8-5.2 1.7-7.5 2.5l2.5 45.6c1.4 25.4 22.5 45.3 47.9 45.3H464c26.5 0 48-21.5 48-48z\"><\/path><\/svg><\/span><span class=\"gb-headline-text\">En transparence<\/span><\/h5>\n\n\n\n<p>En toute transparence, Squat Solutions \u00e9valuera le prix de votre bien et vous expliquera les diff\u00e9rentes proc\u00e9dures \u00e0 venir.<\/p>\n\n<\/div><\/div><\/div>\n\n<div class=\"gb-grid-column gb-grid-column-42047867\"><div class=\"gb-container gb-container-42047867\"><div class=\"gb-inside-container\">\n\n<h5 class=\"gb-headline gb-headline-8a02acf7\"><span class=\"gb-icon\"><svg viewBox=\"0 0 512 512\" xmlns=\"http:\/\/www.w3.org\/2000\/svg\"><path d=\"M313.4 32.9c26 5.2 42.9 30.5 37.7 56.5l-2.3 11.4c-5.3 26.7-15.1 52.1-28.8 75.2H464c26.5 0 48 21.5 48 48c0 25.3-19.5 46-44.3 47.9c7.7 8.5 12.3 19.8 12.3 32.1c0 23.4-16.8 42.9-38.9 47.1c4.4 7.2 6.9 15.8 6.9 24.9c0 21.3-13.9 39.4-33.1 45.6c.7 3.3 1.1 6.8 1.1 10.4c0 26.5-21.5 48-48 48H294.5c-19 0-37.5-5.6-53.3-16.1l-38.5-25.7C176 420.4 160 390.4 160 358.3V320 272 247.1c0-29.2 13.3-56.7 36-75l7.4-5.9c26.5-21.2 44.6-51 51.2-84.2l2.3-11.4c5.2-26 30.5-42.9 56.5-37.7zM32 192H96c17.7 0 32 14.3 32 32V448c0 17.7-14.3 32-32 32H32c-17.7 0-32-14.3-32-32V224c0-17.7 14.3-32 32-32z\"><\/path><\/svg><\/span><span class=\"gb-headline-text\">Solution pl\u00e9biscit\u00e9e<\/span><\/h5>\n\n\n\n<p>Pr\u00e8s de 40 dossiers \u00e9tudi\u00e9s chaque mois et un d\u00e9veloppement en Europe avec un r\u00e9seau de partenaires efficaces.<\/p>\n\n<\/div><\/div><\/div>\n<\/div>\n\n\n<h4 class=\"gb-headline gb-headline-fba17bcb gb-headline-text\">Nos clients t\u00e9moignent&#8230;<\/h4>\n\n\n<div class=\"gb-grid-wrapper gb-grid-wrapper-59550de3\">\n<div class=\"gb-grid-column gb-grid-column-8d05a6c0\"><div class=\"gb-container gb-container-8d05a6c0\"><div class=\"gb-inside-container\">\n\n<figure class=\"wp-block-embed is-type-video is-provider-youtube wp-block-embed-youtube wp-embed-aspect-16-9 wp-has-aspect-ratio\"><div class=\"wp-block-embed__wrapper\">\n<iframe loading=\"lazy\" title=\"Squat Solutions, interview d&#039;un propri\u00e9taire d&#039;un immeuble squatt\u00e9 \u00e0 Dourdan.\" width=\"1200\" height=\"675\" src=\"https:\/\/www.youtube.com\/embed\/7YLXdnTEck8?start=20&#038;feature=oembed\" frameborder=\"0\" allow=\"accelerometer; autoplay; clipboard-write; encrypted-media; gyroscope; picture-in-picture; web-share\" allowfullscreen><\/iframe>\n<\/div><\/figure>\n\n<\/div><\/div><\/div>\n\n<div class=\"gb-grid-column gb-grid-column-aaabb73b\"><div class=\"gb-container gb-container-aaabb73b\"><div class=\"gb-inside-container\">\n\n<figure class=\"wp-block-embed is-type-video is-provider-youtube wp-block-embed-youtube wp-embed-aspect-16-9 wp-has-aspect-ratio\"><div class=\"wp-block-embed__wrapper\">\n<iframe loading=\"lazy\" title=\"Squat Solutions, interview d&#039;un propri\u00e9taire d&#039;une maison squatt\u00e9e \u00e0 Bezons.\" width=\"1200\" height=\"675\" src=\"https:\/\/www.youtube.com\/embed\/NP-wCsyr3-s?start=1&#038;feature=oembed\" frameborder=\"0\" allow=\"accelerometer; autoplay; clipboard-write; encrypted-media; gyroscope; picture-in-picture; web-share\" allowfullscreen><\/iframe>\n<\/div><\/figure>\n\n<\/div><\/div><\/div>\n<\/div>\n\n\n<div style=\"height:60px\" aria-hidden=\"true\" class=\"wp-block-spacer\"><\/div>\n","protected":false},"excerpt":{"rendered":"<p>Les offres de Squat Solutions sont fermes. Les accords d&#8217;achat sont sans conditions suspensives de cr\u00e9dit ou de situation. Pour chaque bien squatt\u00e9, Squat Solutions privil\u00e9gie toujours une sortie \u00e0 l&#8217;amiable, par le dialogue et l&#8217;accompagnement. Nos clients t\u00e9moignent&#8230;<\/p>\n","protected":false},"author":1,"featured_media":0,"parent":0,"menu_order":7,"comment_status":"closed","ping_status":"closed","template":"","meta":{"footnotes":""},"class_list":["post-8764","page","type-page","status-publish"],"yoast_head":"<!-- This site is optimized with the Yoast SEO plugin v27.3 - https:\/\/yoast.com\/product\/yoast-seo-wordpress\/ -->\n<title>Nos garanties - Squat solutions | Rachat de biens squatt\u00e9s<\/title>\n<meta name=\"robots\" content=\"index, follow, max-snippet:-1, max-image-preview:large, max-video-preview:-1\" \/>\n<link rel=\"canonical\" href=\"https:\/\/squatsolutions.com\/be\/nos-garanties\/\" \/>\n<meta property=\"og:locale\" content=\"fr_FR\" \/>\n<meta property=\"og:type\" content=\"article\" \/>\n<meta property=\"og:title\" content=\"Nos garanties - Squat solutions | Rachat de biens squatt\u00e9s\" \/>\n<meta property=\"og:description\" content=\"Les offres de Squat Solutions sont fermes. Les accords d&#8217;achat sont sans conditions suspensives de cr\u00e9dit ou de situation. Pour chaque bien squatt\u00e9, Squat Solutions privil\u00e9gie toujours une sortie \u00e0 l&#8217;amiable, par le dialogue et l&#8217;accompagnement. Nos clients t\u00e9moignent&#8230;\" \/>\n<meta property=\"og:url\" content=\"https:\/\/squatsolutions.com\/be\/nos-garanties\/\" \/>\n<meta property=\"og:site_name\" content=\"Squat solutions\" \/>\n<meta name=\"twitter:card\" content=\"summary_large_image\" \/>\n<meta name=\"twitter:label1\" content=\"Dur\u00e9e de lecture est.\" \/>\n\t<meta name=\"twitter:data1\" content=\"1 minute\" \/>\n<!-- \/ Yoast SEO plugin. -->","yoast_head_json":{"title":"Nos garanties - Squat solutions | Rachat de biens squatt\u00e9s","robots":{"index":"index","follow":"follow","max-snippet":"max-snippet:-1","max-image-preview":"max-image-preview:large","max-video-preview":"max-video-preview:-1"},"canonical":"https:\/\/squatsolutions.com\/be\/nos-garanties\/","og_locale":"fr_FR","og_type":"article","og_title":"Nos garanties - Squat solutions | Rachat de biens squatt\u00e9s","og_description":"Les offres de Squat Solutions sont fermes. Les accords d&#8217;achat sont sans conditions suspensives de cr\u00e9dit ou de situation. Pour chaque bien squatt\u00e9, Squat Solutions privil\u00e9gie toujours une sortie \u00e0 l&#8217;amiable, par le dialogue et l&#8217;accompagnement. Nos clients t\u00e9moignent&#8230;","og_url":"https:\/\/squatsolutions.com\/be\/nos-garanties\/","og_site_name":"Squat solutions","twitter_card":"summary_large_image","twitter_misc":{"Dur\u00e9e de lecture est.":"1 minute"},"schema":{"@context":"https:\/\/schema.org","@graph":[{"@type":"WebPage","@id":"https:\/\/squatsolutions.com\/be\/nos-garanties\/","url":"https:\/\/squatsolutions.com\/be\/nos-garanties\/","name":"Nos garanties - Squat solutions | Rachat de biens squatt\u00e9s","isPartOf":{"@id":"https:\/\/squatsolutions.com\/be\/#website"},"datePublished":"2018-10-25T08:13:13+00:00","breadcrumb":{"@id":"https:\/\/squatsolutions.com\/be\/nos-garanties\/#breadcrumb"},"inLanguage":"fr-BE","potentialAction":[{"@type":"ReadAction","target":["https:\/\/squatsolutions.com\/be\/nos-garanties\/"]}]},{"@type":"BreadcrumbList","@id":"https:\/\/squatsolutions.com\/be\/nos-garanties\/#breadcrumb","itemListElement":[{"@type":"ListItem","position":1,"name":"Accueil","item":"https:\/\/squatsolutions.com\/be\/"},{"@type":"ListItem","position":2,"name":"Nos garanties"}]},{"@type":"WebSite","@id":"https:\/\/squatsolutions.com\/be\/#website","url":"https:\/\/squatsolutions.com\/be\/","name":"Squat Solutions","description":"Rachat de logements squatt\u00e9s et de parts indivises","publisher":{"@id":"https:\/\/squatsolutions.com\/be\/#organization"},"potentialAction":[{"@type":"SearchAction","target":{"@type":"EntryPoint","urlTemplate":"https:\/\/squatsolutions.com\/be\/?s={search_term_string}"},"query-input":{"@type":"PropertyValueSpecification","valueRequired":true,"valueName":"search_term_string"}}],"inLanguage":"fr-BE"},{"@type":"Organization","@id":"https:\/\/squatsolutions.com\/be\/#organization","name":"Squat Solutions","url":"https:\/\/squatsolutions.com\/be\/","logo":{"@type":"ImageObject","inLanguage":"fr-BE","@id":"https:\/\/squatsolutions.com\/be\/#\/schema\/logo\/image\/","url":"https:\/\/squatsolutions.com\/wp-content\/uploads\/2019\/03\/logo-squatsolutions.png","contentUrl":"https:\/\/squatsolutions.com\/wp-content\/uploads\/2019\/03\/logo-squatsolutions.png","width":558,"height":214,"caption":"Squat Solutions"},"image":{"@id":"https:\/\/squatsolutions.com\/be\/#\/schema\/logo\/image\/"}}]}},"_links":{"self":[{"href":"https:\/\/squatsolutions.com\/be\/wp-json\/wp\/v2\/pages\/8764","targetHints":{"allow":["GET"]}}],"collection":[{"href":"https:\/\/squatsolutions.com\/be\/wp-json\/wp\/v2\/pages"}],"about":[{"href":"https:\/\/squatsolutions.com\/be\/wp-json\/wp\/v2\/types\/page"}],"author":[{"embeddable":true,"href":"https:\/\/squatsolutions.com\/be\/wp-json\/wp\/v2\/users\/1"}],"replies":[{"embeddable":true,"href":"https:\/\/squatsolutions.com\/be\/wp-json\/wp\/v2\/comments?post=8764"}],"version-history":[{"count":0,"href":"https:\/\/squatsolutions.com\/be\/wp-json\/wp\/v2\/pages\/8764\/revisions"}],"wp:attachment":[{"href":"https:\/\/squatsolutions.com\/be\/wp-json\/wp\/v2\/media?parent=8764"}],"curies":[{"name":"wp","href":"https:\/\/api.w.org\/{rel}","templated":true}]}}