{"id":8767,"date":"2018-12-04T10:14:45","date_gmt":"2018-12-04T09:14:45","guid":{"rendered":"https:\/\/squatsolutions.com\/nos-bureaux-en-europe\/"},"modified":"2025-12-10T10:30:20","modified_gmt":"2025-12-10T09:30:20","slug":"nos-bureaux-en-europe","status":"publish","type":"page","link":"https:\/\/squatsolutions.com\/be\/nos-bureaux-en-europe\/","title":{"rendered":"Nos bureaux en Europe"},"content":{"rendered":"<div class=\"gb-container gb-container-048ba3d8\"><div class=\"gb-inside-container\">\n<div class=\"gb-grid-wrapper gb-grid-wrapper-632ced23\">\n<div class=\"gb-grid-column gb-grid-column-22974bfe\"><div class=\"gb-container gb-container-22974bfe\"><div class=\"gb-inside-container\">\n\n<h2 class=\"gb-headline gb-headline-c12436de gb-headline-text\">Squat Solutions intervient sur toute la France et se d\u00e9veloppe actuellement en Europe.<\/h2>\n\n<\/div><\/div><\/div>\n\n<div class=\"gb-grid-column gb-grid-column-a79f38a2\"><div class=\"gb-container gb-container-a79f38a2\"><div class=\"gb-inside-container\">\n\n<img loading=\"lazy\" decoding=\"async\" width=\"474\" height=\"428\" class=\"gb-media-262554a5\" src=\"https:\/\/squatsolutions.com\/wp-content\/uploads\/2025\/12\/implantation-europe-squatsolutions.svg\" alt=\"\" title=\"implantation-europe-squatsolutions\"\/>\n\n<\/div><\/div><\/div>\n<\/div>\n<\/div><\/div>","protected":false},"excerpt":{"rendered":"","protected":false},"author":1,"featured_media":0,"parent":0,"menu_order":8,"comment_status":"closed","ping_status":"closed","template":"","meta":{"footnotes":""},"class_list":["post-8767","page","type-page","status-publish"],"yoast_head":"<!-- This site is optimized with the Yoast SEO plugin v27.3 - https:\/\/yoast.com\/product\/yoast-seo-wordpress\/ -->\n<title>Nos bureaux en Europe | Squat Solutions | Rachat de biens squatt\u00e9s<\/title>\n<meta name=\"description\" content=\"Squat Solutions intervient sur toute la France et se d\u00e9veloppe actuellement en Europe. D\u00e9couvrez tous nos bureaux en Europe !\" \/>\n<meta name=\"robots\" content=\"index, follow, max-snippet:-1, max-image-preview:large, max-video-preview:-1\" \/>\n<link rel=\"canonical\" href=\"https:\/\/squatsolutions.com\/be\/nos-bureaux-en-europe\/\" \/>\n<meta property=\"og:locale\" content=\"fr_FR\" \/>\n<meta property=\"og:type\" content=\"article\" \/>\n<meta property=\"og:title\" content=\"Nos bureaux en Europe | Squat Solutions | Rachat de biens squatt\u00e9s\" \/>\n<meta property=\"og:description\" content=\"Squat Solutions intervient sur toute la France et se d\u00e9veloppe actuellement en Europe. D\u00e9couvrez tous nos bureaux en Europe !\" \/>\n<meta property=\"og:url\" content=\"https:\/\/squatsolutions.com\/be\/nos-bureaux-en-europe\/\" \/>\n<meta property=\"og:site_name\" content=\"Squat solutions\" \/>\n<meta property=\"article:modified_time\" content=\"2025-12-10T09:30:20+00:00\" \/>\n<meta property=\"og:image\" content=\"https:\/\/squatsolutions.com\/wp-content\/uploads\/2025\/12\/implantation-europe-squatsolutions.svg\" \/>\n<meta name=\"twitter:card\" content=\"summary_large_image\" \/>\n<!-- \/ Yoast SEO plugin. -->","yoast_head_json":{"title":"Nos bureaux en Europe | Squat Solutions | Rachat de biens squatt\u00e9s","description":"Squat Solutions intervient sur toute la France et se d\u00e9veloppe actuellement en Europe. D\u00e9couvrez tous nos bureaux en Europe !","robots":{"index":"index","follow":"follow","max-snippet":"max-snippet:-1","max-image-preview":"max-image-preview:large","max-video-preview":"max-video-preview:-1"},"canonical":"https:\/\/squatsolutions.com\/be\/nos-bureaux-en-europe\/","og_locale":"fr_FR","og_type":"article","og_title":"Nos bureaux en Europe | Squat Solutions | Rachat de biens squatt\u00e9s","og_description":"Squat Solutions intervient sur toute la France et se d\u00e9veloppe actuellement en Europe. D\u00e9couvrez tous nos bureaux en Europe !","og_url":"https:\/\/squatsolutions.com\/be\/nos-bureaux-en-europe\/","og_site_name":"Squat solutions","article_modified_time":"2025-12-10T09:30:20+00:00","og_image":[{"url":"https:\/\/squatsolutions.com\/wp-content\/uploads\/2025\/12\/implantation-europe-squatsolutions.svg","type":"","width":"","height":""}],"twitter_card":"summary_large_image","schema":{"@context":"https:\/\/schema.org","@graph":[{"@type":"WebPage","@id":"https:\/\/squatsolutions.com\/be\/nos-bureaux-en-europe\/","url":"https:\/\/squatsolutions.com\/be\/nos-bureaux-en-europe\/","name":"Nos bureaux en Europe | Squat Solutions | Rachat de biens squatt\u00e9s","isPartOf":{"@id":"https:\/\/squatsolutions.com\/be\/#website"},"primaryImageOfPage":{"@id":"https:\/\/squatsolutions.com\/be\/nos-bureaux-en-europe\/#primaryimage"},"image":{"@id":"https:\/\/squatsolutions.com\/be\/nos-bureaux-en-europe\/#primaryimage"},"thumbnailUrl":"https:\/\/squatsolutions.com\/wp-content\/uploads\/2025\/12\/implantation-europe-squatsolutions.svg","datePublished":"2018-12-04T09:14:45+00:00","dateModified":"2025-12-10T09:30:20+00:00","description":"Squat Solutions intervient sur toute la France et se d\u00e9veloppe actuellement en Europe. D\u00e9couvrez tous nos bureaux en Europe !","breadcrumb":{"@id":"https:\/\/squatsolutions.com\/be\/nos-bureaux-en-europe\/#breadcrumb"},"inLanguage":"fr-BE","potentialAction":[{"@type":"ReadAction","target":["https:\/\/squatsolutions.com\/be\/nos-bureaux-en-europe\/"]}]},{"@type":"ImageObject","inLanguage":"fr-BE","@id":"https:\/\/squatsolutions.com\/be\/nos-bureaux-en-europe\/#primaryimage","url":"https:\/\/squatsolutions.com\/wp-content\/uploads\/2025\/12\/implantation-europe-squatsolutions.svg","contentUrl":"https:\/\/squatsolutions.com\/wp-content\/uploads\/2025\/12\/implantation-europe-squatsolutions.svg"},{"@type":"BreadcrumbList","@id":"https:\/\/squatsolutions.com\/be\/nos-bureaux-en-europe\/#breadcrumb","itemListElement":[{"@type":"ListItem","position":1,"name":"Accueil","item":"https:\/\/squatsolutions.com\/be\/"},{"@type":"ListItem","position":2,"name":"Nos bureaux en Europe"}]},{"@type":"WebSite","@id":"https:\/\/squatsolutions.com\/be\/#website","url":"https:\/\/squatsolutions.com\/be\/","name":"Squat Solutions","description":"Rachat de logements squatt\u00e9s et de parts indivises","publisher":{"@id":"https:\/\/squatsolutions.com\/be\/#organization"},"potentialAction":[{"@type":"SearchAction","target":{"@type":"EntryPoint","urlTemplate":"https:\/\/squatsolutions.com\/be\/?s={search_term_string}"},"query-input":{"@type":"PropertyValueSpecification","valueRequired":true,"valueName":"search_term_string"}}],"inLanguage":"fr-BE"},{"@type":"Organization","@id":"https:\/\/squatsolutions.com\/be\/#organization","name":"Squat Solutions","url":"https:\/\/squatsolutions.com\/be\/","logo":{"@type":"ImageObject","inLanguage":"fr-BE","@id":"https:\/\/squatsolutions.com\/be\/#\/schema\/logo\/image\/","url":"https:\/\/squatsolutions.com\/wp-content\/uploads\/2019\/03\/logo-squatsolutions.png","contentUrl":"https:\/\/squatsolutions.com\/wp-content\/uploads\/2019\/03\/logo-squatsolutions.png","width":558,"height":214,"caption":"Squat Solutions"},"image":{"@id":"https:\/\/squatsolutions.com\/be\/#\/schema\/logo\/image\/"}}]}},"_links":{"self":[{"href":"https:\/\/squatsolutions.com\/be\/wp-json\/wp\/v2\/pages\/8767","targetHints":{"allow":["GET"]}}],"collection":[{"href":"https:\/\/squatsolutions.com\/be\/wp-json\/wp\/v2\/pages"}],"about":[{"href":"https:\/\/squatsolutions.com\/be\/wp-json\/wp\/v2\/types\/page"}],"author":[{"embeddable":true,"href":"https:\/\/squatsolutions.com\/be\/wp-json\/wp\/v2\/users\/1"}],"replies":[{"embeddable":true,"href":"https:\/\/squatsolutions.com\/be\/wp-json\/wp\/v2\/comments?post=8767"}],"version-history":[{"count":11,"href":"https:\/\/squatsolutions.com\/be\/wp-json\/wp\/v2\/pages\/8767\/revisions"}],"predecessor-version":[{"id":9474,"href":"https:\/\/squatsolutions.com\/be\/wp-json\/wp\/v2\/pages\/8767\/revisions\/9474"}],"wp:attachment":[{"href":"https:\/\/squatsolutions.com\/be\/wp-json\/wp\/v2\/media?parent=8767"}],"curies":[{"name":"wp","href":"https:\/\/api.w.org\/{rel}","templated":true}]}}