{"id":8773,"date":"2018-11-05T08:55:19","date_gmt":"2018-11-05T07:55:19","guid":{"rendered":"https:\/\/squatsolutions.com\/avocats\/"},"modified":"2025-11-27T15:18:32","modified_gmt":"2025-11-27T14:18:32","slug":"avocats","status":"publish","type":"page","link":"https:\/\/squatsolutions.com\/be\/avocats\/","title":{"rendered":"Avocats"},"content":{"rendered":"\n<h2 class=\"gb-headline gb-headline-8789fc84 gb-headline-text\">Le c\u0153ur du m\u00e9tier de Squat Solutions est la gestion de situation conflictuelle autour de biens immobiliers. Les avocats sont indispensables pour sortir de ce conflit.<\/h2>\n\n\n<div class=\"gb-grid-wrapper gb-grid-wrapper-455fd99b\">\n<div class=\"gb-grid-column gb-grid-column-10726f1d\"><div class=\"gb-container gb-container-10726f1d\"><div class=\"gb-inside-container\">\n\n<h4 class=\"gb-headline gb-headline-db674d4a gb-headline-text\">Rachat de biens immobiliers squatt\u00e9s<\/h4>\n\n\n\n<p>Parfois, les dossiers sont tr\u00e8s simples : Squat Solutions ach\u00e8te le bien squatt\u00e9, n\u00e9gocie avec les squatteurs qui partent par eux-m\u00eames. Mais plus souvent, l\u2019expulsion des squatteurs n\u00e9cessite une proc\u00e9dure judiciaire.<\/p>\n\n\n<div class=\"gb-button-wrapper gb-button-wrapper-af9be3b5\">\n\n<a class=\"gb-button gb-button-822b5860 gb-button-text\" href=\"https:\/\/squatsolutions.com\/be\/recours-judiciaire\/\">En savoir plus sur le recours judiciaire<\/a>\n\n<\/div>\n<\/div><\/div><\/div>\n<\/div>","protected":false},"excerpt":{"rendered":"<p>Le c\u0153ur du m\u00e9tier de Squat Solutions est la gestion de situation conflictuelle autour de biens immobiliers. Les avocats sont indispensables pour sortir de ce conflit.<\/p>\n","protected":false},"author":1,"featured_media":0,"parent":0,"menu_order":11,"comment_status":"closed","ping_status":"closed","template":"","meta":{"footnotes":""},"class_list":["post-8773","page","type-page","status-publish"],"yoast_head":"<!-- This site is optimized with the Yoast SEO plugin v27.3 - https:\/\/yoast.com\/product\/yoast-seo-wordpress\/ -->\n<title>Avocats sp\u00e9cialis\u00e9s en rachat de biens squatt\u00e9s | Squat Solutions<\/title>\n<meta name=\"description\" content=\"Notre coeur de m\u00e9tier est la gestion de situation conflictuelle autour de biens immobiliers. Les avocats sont indispensables pour sortir de ce conflit.\" \/>\n<meta name=\"robots\" content=\"index, follow, max-snippet:-1, max-image-preview:large, max-video-preview:-1\" \/>\n<link rel=\"canonical\" href=\"https:\/\/squatsolutions.com\/be\/avocats\/\" \/>\n<meta property=\"og:locale\" content=\"fr_FR\" \/>\n<meta property=\"og:type\" content=\"article\" \/>\n<meta property=\"og:title\" content=\"Avocats sp\u00e9cialis\u00e9s en rachat de biens squatt\u00e9s | Squat Solutions\" \/>\n<meta property=\"og:description\" content=\"Notre coeur de m\u00e9tier est la gestion de situation conflictuelle autour de biens immobiliers. Les avocats sont indispensables pour sortir de ce conflit.\" \/>\n<meta property=\"og:url\" content=\"https:\/\/squatsolutions.com\/be\/avocats\/\" \/>\n<meta property=\"og:site_name\" content=\"Squat solutions\" \/>\n<meta property=\"article:modified_time\" content=\"2025-11-27T14:18:32+00:00\" \/>\n<meta name=\"twitter:card\" content=\"summary_large_image\" \/>\n<meta name=\"twitter:label1\" content=\"Dur\u00e9e de lecture est.\" \/>\n\t<meta name=\"twitter:data1\" content=\"1 minute\" \/>\n<!-- \/ Yoast SEO plugin. -->","yoast_head_json":{"title":"Avocats sp\u00e9cialis\u00e9s en rachat de biens squatt\u00e9s | Squat Solutions","description":"Notre coeur de m\u00e9tier est la gestion de situation conflictuelle autour de biens immobiliers. Les avocats sont indispensables pour sortir de ce conflit.","robots":{"index":"index","follow":"follow","max-snippet":"max-snippet:-1","max-image-preview":"max-image-preview:large","max-video-preview":"max-video-preview:-1"},"canonical":"https:\/\/squatsolutions.com\/be\/avocats\/","og_locale":"fr_FR","og_type":"article","og_title":"Avocats sp\u00e9cialis\u00e9s en rachat de biens squatt\u00e9s | Squat Solutions","og_description":"Notre coeur de m\u00e9tier est la gestion de situation conflictuelle autour de biens immobiliers. Les avocats sont indispensables pour sortir de ce conflit.","og_url":"https:\/\/squatsolutions.com\/be\/avocats\/","og_site_name":"Squat solutions","article_modified_time":"2025-11-27T14:18:32+00:00","twitter_card":"summary_large_image","twitter_misc":{"Dur\u00e9e de lecture est.":"1 minute"},"schema":{"@context":"https:\/\/schema.org","@graph":[{"@type":"WebPage","@id":"https:\/\/squatsolutions.com\/be\/avocats\/","url":"https:\/\/squatsolutions.com\/be\/avocats\/","name":"Avocats sp\u00e9cialis\u00e9s en rachat de biens squatt\u00e9s | Squat Solutions","isPartOf":{"@id":"https:\/\/squatsolutions.com\/be\/#website"},"datePublished":"2018-11-05T07:55:19+00:00","dateModified":"2025-11-27T14:18:32+00:00","description":"Notre coeur de m\u00e9tier est la gestion de situation conflictuelle autour de biens immobiliers. Les avocats sont indispensables pour sortir de ce conflit.","breadcrumb":{"@id":"https:\/\/squatsolutions.com\/be\/avocats\/#breadcrumb"},"inLanguage":"fr-BE","potentialAction":[{"@type":"ReadAction","target":["https:\/\/squatsolutions.com\/be\/avocats\/"]}]},{"@type":"BreadcrumbList","@id":"https:\/\/squatsolutions.com\/be\/avocats\/#breadcrumb","itemListElement":[{"@type":"ListItem","position":1,"name":"Accueil","item":"https:\/\/squatsolutions.com\/be\/"},{"@type":"ListItem","position":2,"name":"Avocats"}]},{"@type":"WebSite","@id":"https:\/\/squatsolutions.com\/be\/#website","url":"https:\/\/squatsolutions.com\/be\/","name":"Squat Solutions","description":"Rachat de logements squatt\u00e9s et de parts indivises","publisher":{"@id":"https:\/\/squatsolutions.com\/be\/#organization"},"potentialAction":[{"@type":"SearchAction","target":{"@type":"EntryPoint","urlTemplate":"https:\/\/squatsolutions.com\/be\/?s={search_term_string}"},"query-input":{"@type":"PropertyValueSpecification","valueRequired":true,"valueName":"search_term_string"}}],"inLanguage":"fr-BE"},{"@type":"Organization","@id":"https:\/\/squatsolutions.com\/be\/#organization","name":"Squat Solutions","url":"https:\/\/squatsolutions.com\/be\/","logo":{"@type":"ImageObject","inLanguage":"fr-BE","@id":"https:\/\/squatsolutions.com\/be\/#\/schema\/logo\/image\/","url":"https:\/\/squatsolutions.com\/wp-content\/uploads\/2019\/03\/logo-squatsolutions.png","contentUrl":"https:\/\/squatsolutions.com\/wp-content\/uploads\/2019\/03\/logo-squatsolutions.png","width":558,"height":214,"caption":"Squat Solutions"},"image":{"@id":"https:\/\/squatsolutions.com\/be\/#\/schema\/logo\/image\/"}}]}},"_links":{"self":[{"href":"https:\/\/squatsolutions.com\/be\/wp-json\/wp\/v2\/pages\/8773","targetHints":{"allow":["GET"]}}],"collection":[{"href":"https:\/\/squatsolutions.com\/be\/wp-json\/wp\/v2\/pages"}],"about":[{"href":"https:\/\/squatsolutions.com\/be\/wp-json\/wp\/v2\/types\/page"}],"author":[{"embeddable":true,"href":"https:\/\/squatsolutions.com\/be\/wp-json\/wp\/v2\/users\/1"}],"replies":[{"embeddable":true,"href":"https:\/\/squatsolutions.com\/be\/wp-json\/wp\/v2\/comments?post=8773"}],"version-history":[{"count":1,"href":"https:\/\/squatsolutions.com\/be\/wp-json\/wp\/v2\/pages\/8773\/revisions"}],"predecessor-version":[{"id":8891,"href":"https:\/\/squatsolutions.com\/be\/wp-json\/wp\/v2\/pages\/8773\/revisions\/8891"}],"wp:attachment":[{"href":"https:\/\/squatsolutions.com\/be\/wp-json\/wp\/v2\/media?parent=8773"}],"curies":[{"name":"wp","href":"https:\/\/api.w.org\/{rel}","templated":true}]}}