{"id":8777,"date":"2018-10-24T10:28:46","date_gmt":"2018-10-24T08:28:46","guid":{"rendered":"https:\/\/squatsolutions.com\/notaires\/"},"modified":"2025-11-27T15:21:25","modified_gmt":"2025-11-27T14:21:25","slug":"notaires","status":"publish","type":"page","link":"https:\/\/squatsolutions.com\/be\/notaires\/","title":{"rendered":"Notaires"},"content":{"rendered":"<div class=\"gb-grid-wrapper gb-grid-wrapper-086c426b\">\n<div class=\"gb-grid-column gb-grid-column-fb3c2697\"><div class=\"gb-container gb-container-fb3c2697\"><div class=\"gb-inside-container\">\n\n<h2 class=\"gb-headline gb-headline-306ec472 gb-headline-text\">Les notaires sont souvent les premiers inform\u00e9s des biens squatt\u00e9s appartenant \u00e0 des propri\u00e9taires qu&#8217;il repr\u00e9sente.<\/h2>\n\n\n\n<h4 class=\"gb-headline gb-headline-4572d7dd gb-headline-text\">Vendre un bien immobilier squatt\u00e9<\/h4>\n\n\n\n<p>En France, toute vente immobili\u00e8re passe par le notaire. Pour l\u2019achat d\u2019un bien immobilier squatt\u00e9 la proc\u00e9dure est la m\u00eame que pour l\u2019achat de tout autre bien.<\/p>\n\n\n\n<p>En tant qu\u2019officier public, le notaire veille \u00e0 la bonne ex\u00e9cution du contrat et lui conf\u00e8re, outre la confidentialit\u00e9, la s\u00e9curit\u00e9 juridique n\u00e9cessaire. Il rassemble en amont les documents et \u00e9vite ainsi au maximum toute contestation ult\u00e9rieure.<\/p>\n\n\n\n<p>Par ailleurs, le notaire garantit la conservation du titre de propri\u00e9t\u00e9 en le gardant durant 75 ans dans son \u00e9tude. Pass\u00e9 ce d\u00e9lai, ils sont conserv\u00e9s aux archives nationales.<\/p>\n\n\n\n<p>Dans les cas complexes rencontr\u00e9s par Squat Solutions, le notaire est un interlocuteur privil\u00e9gi\u00e9 car il est d\u00e9tenteur de toutes les informations essentielles pour le rachat du bien squatt\u00e9.<\/p>\n\n<\/div><\/div><\/div>\n\n<div class=\"gb-grid-column gb-grid-column-4ec58d60\"><div class=\"gb-container gb-container-4ec58d60\"><div class=\"gb-inside-container\">\n\n<figure class=\"wp-block-embed is-type-video is-provider-youtube wp-block-embed-youtube wp-embed-aspect-16-9 wp-has-aspect-ratio\"><div class=\"wp-block-embed__wrapper\">\n<iframe loading=\"lazy\" title=\"Squat Solutions - Interview de Sylvie Lejoubioux, Notaire \u00e0 Lille\" width=\"1200\" height=\"675\" src=\"https:\/\/www.youtube.com\/embed\/dPGaUR42zWQ?feature=oembed\" frameborder=\"0\" allow=\"accelerometer; autoplay; clipboard-write; encrypted-media; gyroscope; picture-in-picture; web-share\" referrerpolicy=\"strict-origin-when-cross-origin\" allowfullscreen><\/iframe>\n<\/div><\/figure>\n\n\n\n<div style=\"height:20px\" aria-hidden=\"true\" class=\"wp-block-spacer\"><\/div>\n\n\n\n<figure class=\"wp-block-embed is-type-video is-provider-youtube wp-block-embed-youtube wp-embed-aspect-16-9 wp-has-aspect-ratio\"><div class=\"wp-block-embed__wrapper\">\n<iframe loading=\"lazy\" title=\"Squat Solutions - Interview d&#039;Erwan Levrault, notaire partenaire de Squat Solutions\" width=\"1200\" height=\"675\" src=\"https:\/\/www.youtube.com\/embed\/lx-tt1ZZbkQ?start=3&#038;feature=oembed\" frameborder=\"0\" allow=\"accelerometer; autoplay; clipboard-write; encrypted-media; gyroscope; picture-in-picture; web-share\" referrerpolicy=\"strict-origin-when-cross-origin\" allowfullscreen><\/iframe>\n<\/div><\/figure>\n\n<\/div><\/div><\/div>\n<\/div>","protected":false},"excerpt":{"rendered":"","protected":false},"author":1,"featured_media":0,"parent":0,"menu_order":10,"comment_status":"closed","ping_status":"closed","template":"","meta":{"footnotes":""},"class_list":["post-8777","page","type-page","status-publish"],"yoast_head":"<!-- This site is optimized with the Yoast SEO plugin v27.3 - https:\/\/yoast.com\/product\/yoast-seo-wordpress\/ -->\n<title>Notaires | Squat Solutions | Rachat de biens squatt\u00e9s<\/title>\n<meta name=\"description\" content=\"Les notaires sont souvent les premiers inform\u00e9s des indivisions conflictuelles ou des biens squatt\u00e9s. D\u00e9couvrez notre \u00e9quipe de sp\u00e9cialistes pour vous accopagner.\" \/>\n<meta name=\"robots\" content=\"index, follow, max-snippet:-1, max-image-preview:large, max-video-preview:-1\" \/>\n<link rel=\"canonical\" href=\"https:\/\/squatsolutions.com\/be\/notaires\/\" \/>\n<meta property=\"og:locale\" content=\"fr_FR\" \/>\n<meta property=\"og:type\" content=\"article\" \/>\n<meta property=\"og:title\" content=\"Notaires | Squat Solutions | Rachat de biens squatt\u00e9s\" \/>\n<meta property=\"og:description\" content=\"Les notaires sont souvent les premiers inform\u00e9s des indivisions conflictuelles ou des biens squatt\u00e9s. D\u00e9couvrez notre \u00e9quipe de sp\u00e9cialistes pour vous accopagner.\" \/>\n<meta property=\"og:url\" content=\"https:\/\/squatsolutions.com\/be\/notaires\/\" \/>\n<meta property=\"og:site_name\" content=\"Squat solutions\" \/>\n<meta property=\"article:modified_time\" content=\"2025-11-27T14:21:25+00:00\" \/>\n<meta name=\"twitter:card\" content=\"summary_large_image\" \/>\n<meta name=\"twitter:label1\" content=\"Dur\u00e9e de lecture est.\" \/>\n\t<meta name=\"twitter:data1\" content=\"1 minute\" \/>\n<!-- \/ Yoast SEO plugin. -->","yoast_head_json":{"title":"Notaires | Squat Solutions | Rachat de biens squatt\u00e9s","description":"Les notaires sont souvent les premiers inform\u00e9s des indivisions conflictuelles ou des biens squatt\u00e9s. D\u00e9couvrez notre \u00e9quipe de sp\u00e9cialistes pour vous accopagner.","robots":{"index":"index","follow":"follow","max-snippet":"max-snippet:-1","max-image-preview":"max-image-preview:large","max-video-preview":"max-video-preview:-1"},"canonical":"https:\/\/squatsolutions.com\/be\/notaires\/","og_locale":"fr_FR","og_type":"article","og_title":"Notaires | Squat Solutions | Rachat de biens squatt\u00e9s","og_description":"Les notaires sont souvent les premiers inform\u00e9s des indivisions conflictuelles ou des biens squatt\u00e9s. D\u00e9couvrez notre \u00e9quipe de sp\u00e9cialistes pour vous accopagner.","og_url":"https:\/\/squatsolutions.com\/be\/notaires\/","og_site_name":"Squat solutions","article_modified_time":"2025-11-27T14:21:25+00:00","twitter_card":"summary_large_image","twitter_misc":{"Dur\u00e9e de lecture est.":"1 minute"},"schema":{"@context":"https:\/\/schema.org","@graph":[{"@type":"WebPage","@id":"https:\/\/squatsolutions.com\/be\/notaires\/","url":"https:\/\/squatsolutions.com\/be\/notaires\/","name":"Notaires | Squat Solutions | Rachat de biens squatt\u00e9s","isPartOf":{"@id":"https:\/\/squatsolutions.com\/be\/#website"},"datePublished":"2018-10-24T08:28:46+00:00","dateModified":"2025-11-27T14:21:25+00:00","description":"Les notaires sont souvent les premiers inform\u00e9s des indivisions conflictuelles ou des biens squatt\u00e9s. D\u00e9couvrez notre \u00e9quipe de sp\u00e9cialistes pour vous accopagner.","breadcrumb":{"@id":"https:\/\/squatsolutions.com\/be\/notaires\/#breadcrumb"},"inLanguage":"fr-BE","potentialAction":[{"@type":"ReadAction","target":["https:\/\/squatsolutions.com\/be\/notaires\/"]}]},{"@type":"BreadcrumbList","@id":"https:\/\/squatsolutions.com\/be\/notaires\/#breadcrumb","itemListElement":[{"@type":"ListItem","position":1,"name":"Accueil","item":"https:\/\/squatsolutions.com\/be\/"},{"@type":"ListItem","position":2,"name":"Notaires"}]},{"@type":"WebSite","@id":"https:\/\/squatsolutions.com\/be\/#website","url":"https:\/\/squatsolutions.com\/be\/","name":"Squat Solutions","description":"Rachat de logements squatt\u00e9s et de parts indivises","publisher":{"@id":"https:\/\/squatsolutions.com\/be\/#organization"},"potentialAction":[{"@type":"SearchAction","target":{"@type":"EntryPoint","urlTemplate":"https:\/\/squatsolutions.com\/be\/?s={search_term_string}"},"query-input":{"@type":"PropertyValueSpecification","valueRequired":true,"valueName":"search_term_string"}}],"inLanguage":"fr-BE"},{"@type":"Organization","@id":"https:\/\/squatsolutions.com\/be\/#organization","name":"Squat Solutions","url":"https:\/\/squatsolutions.com\/be\/","logo":{"@type":"ImageObject","inLanguage":"fr-BE","@id":"https:\/\/squatsolutions.com\/be\/#\/schema\/logo\/image\/","url":"https:\/\/squatsolutions.com\/wp-content\/uploads\/2019\/03\/logo-squatsolutions.png","contentUrl":"https:\/\/squatsolutions.com\/wp-content\/uploads\/2019\/03\/logo-squatsolutions.png","width":558,"height":214,"caption":"Squat Solutions"},"image":{"@id":"https:\/\/squatsolutions.com\/be\/#\/schema\/logo\/image\/"}}]}},"_links":{"self":[{"href":"https:\/\/squatsolutions.com\/be\/wp-json\/wp\/v2\/pages\/8777","targetHints":{"allow":["GET"]}}],"collection":[{"href":"https:\/\/squatsolutions.com\/be\/wp-json\/wp\/v2\/pages"}],"about":[{"href":"https:\/\/squatsolutions.com\/be\/wp-json\/wp\/v2\/types\/page"}],"author":[{"embeddable":true,"href":"https:\/\/squatsolutions.com\/be\/wp-json\/wp\/v2\/users\/1"}],"replies":[{"embeddable":true,"href":"https:\/\/squatsolutions.com\/be\/wp-json\/wp\/v2\/comments?post=8777"}],"version-history":[{"count":1,"href":"https:\/\/squatsolutions.com\/be\/wp-json\/wp\/v2\/pages\/8777\/revisions"}],"predecessor-version":[{"id":8901,"href":"https:\/\/squatsolutions.com\/be\/wp-json\/wp\/v2\/pages\/8777\/revisions\/8901"}],"wp:attachment":[{"href":"https:\/\/squatsolutions.com\/be\/wp-json\/wp\/v2\/media?parent=8777"}],"curies":[{"name":"wp","href":"https:\/\/api.w.org\/{rel}","templated":true}]}}