{"id":8780,"date":"2018-11-05T08:57:00","date_gmt":"2018-11-05T07:57:00","guid":{"rendered":"https:\/\/squatsolutions.com\/agences-immobilieres\/"},"modified":"2025-11-27T15:22:49","modified_gmt":"2025-11-27T14:22:49","slug":"agences-immobilieres","status":"publish","type":"page","link":"https:\/\/squatsolutions.com\/be\/agences-immobilieres\/","title":{"rendered":"Agences immobili\u00e8res"},"content":{"rendered":"<div class=\"gb-container gb-container-e662450c\"><div class=\"gb-inside-container\">\n<div class=\"gb-grid-wrapper gb-grid-wrapper-f9d82766\">\n<div class=\"gb-grid-column gb-grid-column-1a333476\"><div class=\"gb-container gb-container-1a333476\"><div class=\"gb-inside-container\">\n\n<figure class=\"wp-block-image size-full is-resized\"><img loading=\"lazy\" decoding=\"async\" width=\"800\" height=\"488\" src=\"https:\/\/squatsolutions.com\/wp-content\/uploads\/2025\/11\/squat-solution-agences-immobilieres.webp\" alt=\"\" class=\"wp-image-8904\" style=\"width:460px\" srcset=\"https:\/\/squatsolutions.com\/wp-content\/uploads\/2025\/11\/squat-solution-agences-immobilieres.webp 800w, https:\/\/squatsolutions.com\/wp-content\/uploads\/2025\/11\/squat-solution-agences-immobilieres-300x183.webp 300w, https:\/\/squatsolutions.com\/wp-content\/uploads\/2025\/11\/squat-solution-agences-immobilieres-768x468.webp 768w\" sizes=\"auto, (max-width: 800px) 100vw, 800px\" \/><\/figure>\n\n\n\n<h4 style=\"text-align: center; line-height:110%;\"><span style=\"font-size: 36px; color: #479e85;\">Orpi<\/span> <span style=\"font-size: 21px; color: #a2b55a;\">Guy Hoquet&nbsp;<\/span><span style=\"color: #e99e31; font-size: 24px;\">Solvimo<\/span> &nbsp;<span style=\"font-size: 21px; color: #e99e31;\"><span style=\"color: #479e85;\">ERA&nbsp;immobilier <\/span><span style=\"font-size: 32px; color: #e99e31;\">Century 21<\/span><\/span> <span style=\"font-size: 28px; color: #b54a36;\">I.A.D france<\/span><span style=\"font-size: 18px; color: #479e85;\"> L&#8217;Adresse<\/span> <span style=\"font-size: 21px; color: #a2b55a;\">Arthurimmo.com<\/span> <span style=\"font-size: 24px; color: #b54a36;\">Foncia<\/span> <span style=\"font-size: 21px; color: #479e85;\">Avis-Immobilier<\/span>&nbsp;<span style=\"font-size: 28px; color: #a2b55a;\">CapiFrance<\/span>&nbsp; <span style=\"font-size: 36px; color: #e99e31;\">EffiCity<\/span>&nbsp;<span style=\"font-size: 21px; color: #b54a36;\">Optimhome<\/span> <span style=\"font-size: 24px; color: #479e85;\">SAFTI<\/span>&#8230;<\/h4>\n\n<\/div><\/div><\/div>\n\n<div class=\"gb-grid-column gb-grid-column-67739f02\"><div class=\"gb-container gb-container-67739f02\"><div class=\"gb-inside-container\">\n\n<h2 class=\"gb-headline gb-headline-313c6118 gb-headline-text\">Squat Solutions travaille aujourd\u2019hui en partenariat avec un r\u00e9seau en constante progression de 3000 agences immobili\u00e8res. Un partenariat gagnant-gagnant.<\/h2>\n\n\n\n<p>Squat Solutions mandate les agences immobili\u00e8res pour qu&#8217;elles identifient des biens squatt\u00e9s ou en d\u00e9sh\u00e9rence sur leur secteur.<\/p>\n\n\n\n<p>Une fois le bien immobilier achet\u00e9 aux h\u00e9ritiers, indivisaires ou propri\u00e9taire dont le bien a \u00e9t\u00e9 squatt\u00e9, Squat Solutions lib\u00e8re le bien de ses occupants sans droit ni titre et r\u00e9nove le bien. Les travaux finis, Squat Solutions signe avec l&#8217;agence immobili\u00e8re qui a trouv\u00e9 le bien un mandat exclusif de vente.<\/p>\n\n<\/div><\/div><\/div>\n<\/div>\n<\/div><\/div>\n\n<div class=\"gb-grid-wrapper gb-grid-wrapper-6f39b2d9\">\n<div class=\"gb-grid-column gb-grid-column-367cb30a\"><div class=\"gb-container gb-container-367cb30a\"><div class=\"gb-inside-container\">\n\n<figure class=\"wp-block-embed is-type-video is-provider-youtube wp-block-embed-youtube wp-embed-aspect-16-9 wp-has-aspect-ratio\"><div class=\"wp-block-embed__wrapper\">\n<iframe loading=\"lazy\" title=\"Squat Solutions : t\u00e9moignage de Pierre Alexandre, Agence Projection Immobili\u00e8re\" width=\"1200\" height=\"675\" src=\"https:\/\/www.youtube.com\/embed\/V_4y0GJ4vQo?feature=oembed&#038;enablejsapi=1&#038;origin=https:\/\/squatsolutions.com\" frameborder=\"0\" allow=\"accelerometer; autoplay; clipboard-write; encrypted-media; gyroscope; picture-in-picture\" allowfullscreen><\/iframe>\n<\/div><\/figure>\n\n<\/div><\/div><\/div>\n\n<div class=\"gb-grid-column gb-grid-column-acedf197\"><div class=\"gb-container gb-container-acedf197\"><div class=\"gb-inside-container\">\n\n<figure class=\"wp-block-embed is-type-video is-provider-youtube wp-block-embed-youtube wp-embed-aspect-16-9 wp-has-aspect-ratio\"><div class=\"wp-block-embed__wrapper\">\n<iframe loading=\"lazy\" title=\"Squat Solutions : t\u00e9moignage de Laurent Deville, Infinity Capital\" width=\"1200\" height=\"675\" src=\"https:\/\/www.youtube.com\/embed\/8dKqdYeer2g?feature=oembed\" frameborder=\"0\" allow=\"accelerometer; autoplay; clipboard-write; encrypted-media; gyroscope; picture-in-picture\" allowfullscreen><\/iframe>\n<\/div><\/figure>\n\n<\/div><\/div><\/div>\n\n<div class=\"gb-grid-column gb-grid-column-8320ea55\"><div class=\"gb-container gb-container-8320ea55\"><div class=\"gb-inside-container\">\n\n<figure class=\"wp-block-embed is-type-video is-provider-youtube wp-block-embed-youtube wp-embed-aspect-16-9 wp-has-aspect-ratio\"><div class=\"wp-block-embed__wrapper\">\n<iframe loading=\"lazy\" title=\"Squat Solutions - T\u00e9moignage d&#039;Odile Sauzet, conseill\u00e8re immobilier IAD France\" width=\"1200\" height=\"675\" src=\"https:\/\/www.youtube.com\/embed\/48mHZxeEA4Y?feature=oembed\" frameborder=\"0\" allow=\"accelerometer; autoplay; clipboard-write; encrypted-media; gyroscope; picture-in-picture\" allowfullscreen><\/iframe>\n<\/div><\/figure>\n\n<\/div><\/div><\/div>\n<\/div>\n\n\n<h6 class=\"gb-headline gb-headline-68bd4d1e gb-headline-text\">Agents immobiliers, ne n\u00e9gligez surtout pas les biens squatt\u00e9s ou en d\u00e9sh\u00e9rence sur votre secteur. Seule l&#8217;adresse nous suffit. Nous la communiquer vous permettra de percevoir une commission d&#8217;agence.<\/h6>\n","protected":false},"excerpt":{"rendered":"<p>Agents immobiliers, ne n\u00e9gligez surtout pas les biens squatt\u00e9s ou en d\u00e9sh\u00e9rence sur votre secteur. Seule l&#8217;adresse nous suffit. Nous la communiquer vous permettra de percevoir une commission d&#8217;agence.<\/p>\n","protected":false},"author":1,"featured_media":0,"parent":0,"menu_order":14,"comment_status":"closed","ping_status":"closed","template":"","meta":{"footnotes":""},"class_list":["post-8780","page","type-page","status-publish"],"yoast_head":"<!-- This site is optimized with the Yoast SEO plugin v27.3 - https:\/\/yoast.com\/product\/yoast-seo-wordpress\/ -->\n<title>Nos agences immobili\u00e8res partenaires - Squat Solutions<\/title>\n<meta name=\"description\" content=\"Squat Solutions mandate les agences immobili\u00e8res pour qu&#039;elles identifient des biens squatt\u00e9s ou en d\u00e9sh\u00e9rence sur leur secteur.\" \/>\n<meta name=\"robots\" content=\"index, follow, max-snippet:-1, max-image-preview:large, max-video-preview:-1\" \/>\n<link rel=\"canonical\" href=\"https:\/\/squatsolutions.com\/be\/agences-immobilieres\/\" \/>\n<meta property=\"og:locale\" content=\"fr_FR\" \/>\n<meta property=\"og:type\" content=\"article\" \/>\n<meta property=\"og:title\" content=\"Nos agences immobili\u00e8res partenaires - Squat Solutions\" \/>\n<meta property=\"og:description\" content=\"Squat Solutions mandate les agences immobili\u00e8res pour qu&#039;elles identifient des biens squatt\u00e9s ou en d\u00e9sh\u00e9rence sur leur secteur.\" \/>\n<meta property=\"og:url\" content=\"https:\/\/squatsolutions.com\/be\/agences-immobilieres\/\" \/>\n<meta property=\"og:site_name\" content=\"Squat solutions\" \/>\n<meta property=\"article:modified_time\" content=\"2025-11-27T14:22:49+00:00\" \/>\n<meta property=\"og:image\" content=\"https:\/\/squatsolutions.com\/wp-content\/uploads\/2025\/11\/squat-solution-agences-immobilieres.webp\" \/>\n\t<meta property=\"og:image:width\" content=\"800\" \/>\n\t<meta property=\"og:image:height\" content=\"488\" \/>\n\t<meta property=\"og:image:type\" content=\"image\/webp\" \/>\n<meta name=\"twitter:card\" content=\"summary_large_image\" \/>\n<meta name=\"twitter:label1\" content=\"Dur\u00e9e de lecture est.\" \/>\n\t<meta name=\"twitter:data1\" content=\"1 minute\" \/>\n<!-- \/ Yoast SEO plugin. -->","yoast_head_json":{"title":"Nos agences immobili\u00e8res partenaires - Squat Solutions","description":"Squat Solutions mandate les agences immobili\u00e8res pour qu'elles identifient des biens squatt\u00e9s ou en d\u00e9sh\u00e9rence sur leur secteur.","robots":{"index":"index","follow":"follow","max-snippet":"max-snippet:-1","max-image-preview":"max-image-preview:large","max-video-preview":"max-video-preview:-1"},"canonical":"https:\/\/squatsolutions.com\/be\/agences-immobilieres\/","og_locale":"fr_FR","og_type":"article","og_title":"Nos agences immobili\u00e8res partenaires - Squat Solutions","og_description":"Squat Solutions mandate les agences immobili\u00e8res pour qu'elles identifient des biens squatt\u00e9s ou en d\u00e9sh\u00e9rence sur leur secteur.","og_url":"https:\/\/squatsolutions.com\/be\/agences-immobilieres\/","og_site_name":"Squat solutions","article_modified_time":"2025-11-27T14:22:49+00:00","og_image":[{"width":800,"height":488,"url":"https:\/\/squatsolutions.com\/wp-content\/uploads\/2025\/11\/squat-solution-agences-immobilieres.webp","type":"image\/webp"}],"twitter_card":"summary_large_image","twitter_misc":{"Dur\u00e9e de lecture est.":"1 minute"},"schema":{"@context":"https:\/\/schema.org","@graph":[{"@type":"WebPage","@id":"https:\/\/squatsolutions.com\/be\/agences-immobilieres\/","url":"https:\/\/squatsolutions.com\/be\/agences-immobilieres\/","name":"Nos agences immobili\u00e8res partenaires - Squat Solutions","isPartOf":{"@id":"https:\/\/squatsolutions.com\/be\/#website"},"primaryImageOfPage":{"@id":"https:\/\/squatsolutions.com\/be\/agences-immobilieres\/#primaryimage"},"image":{"@id":"https:\/\/squatsolutions.com\/be\/agences-immobilieres\/#primaryimage"},"thumbnailUrl":"https:\/\/squatsolutions.com\/wp-content\/uploads\/2025\/11\/squat-solution-agences-immobilieres.webp","datePublished":"2018-11-05T07:57:00+00:00","dateModified":"2025-11-27T14:22:49+00:00","description":"Squat Solutions mandate les agences immobili\u00e8res pour qu'elles identifient des biens squatt\u00e9s ou en d\u00e9sh\u00e9rence sur leur secteur.","breadcrumb":{"@id":"https:\/\/squatsolutions.com\/be\/agences-immobilieres\/#breadcrumb"},"inLanguage":"fr-BE","potentialAction":[{"@type":"ReadAction","target":["https:\/\/squatsolutions.com\/be\/agences-immobilieres\/"]}]},{"@type":"ImageObject","inLanguage":"fr-BE","@id":"https:\/\/squatsolutions.com\/be\/agences-immobilieres\/#primaryimage","url":"https:\/\/squatsolutions.com\/wp-content\/uploads\/2025\/11\/squat-solution-agences-immobilieres.webp","contentUrl":"https:\/\/squatsolutions.com\/wp-content\/uploads\/2025\/11\/squat-solution-agences-immobilieres.webp"},{"@type":"BreadcrumbList","@id":"https:\/\/squatsolutions.com\/be\/agences-immobilieres\/#breadcrumb","itemListElement":[{"@type":"ListItem","position":1,"name":"Accueil","item":"https:\/\/squatsolutions.com\/be\/"},{"@type":"ListItem","position":2,"name":"Agences immobili\u00e8res"}]},{"@type":"WebSite","@id":"https:\/\/squatsolutions.com\/be\/#website","url":"https:\/\/squatsolutions.com\/be\/","name":"Squat Solutions","description":"Rachat de logements squatt\u00e9s et de parts indivises","publisher":{"@id":"https:\/\/squatsolutions.com\/be\/#organization"},"potentialAction":[{"@type":"SearchAction","target":{"@type":"EntryPoint","urlTemplate":"https:\/\/squatsolutions.com\/be\/?s={search_term_string}"},"query-input":{"@type":"PropertyValueSpecification","valueRequired":true,"valueName":"search_term_string"}}],"inLanguage":"fr-BE"},{"@type":"Organization","@id":"https:\/\/squatsolutions.com\/be\/#organization","name":"Squat Solutions","url":"https:\/\/squatsolutions.com\/be\/","logo":{"@type":"ImageObject","inLanguage":"fr-BE","@id":"https:\/\/squatsolutions.com\/be\/#\/schema\/logo\/image\/","url":"https:\/\/squatsolutions.com\/wp-content\/uploads\/2019\/03\/logo-squatsolutions.png","contentUrl":"https:\/\/squatsolutions.com\/wp-content\/uploads\/2019\/03\/logo-squatsolutions.png","width":558,"height":214,"caption":"Squat Solutions"},"image":{"@id":"https:\/\/squatsolutions.com\/be\/#\/schema\/logo\/image\/"}}]}},"_links":{"self":[{"href":"https:\/\/squatsolutions.com\/be\/wp-json\/wp\/v2\/pages\/8780","targetHints":{"allow":["GET"]}}],"collection":[{"href":"https:\/\/squatsolutions.com\/be\/wp-json\/wp\/v2\/pages"}],"about":[{"href":"https:\/\/squatsolutions.com\/be\/wp-json\/wp\/v2\/types\/page"}],"author":[{"embeddable":true,"href":"https:\/\/squatsolutions.com\/be\/wp-json\/wp\/v2\/users\/1"}],"replies":[{"embeddable":true,"href":"https:\/\/squatsolutions.com\/be\/wp-json\/wp\/v2\/comments?post=8780"}],"version-history":[{"count":1,"href":"https:\/\/squatsolutions.com\/be\/wp-json\/wp\/v2\/pages\/8780\/revisions"}],"predecessor-version":[{"id":8906,"href":"https:\/\/squatsolutions.com\/be\/wp-json\/wp\/v2\/pages\/8780\/revisions\/8906"}],"wp:attachment":[{"href":"https:\/\/squatsolutions.com\/be\/wp-json\/wp\/v2\/media?parent=8780"}],"curies":[{"name":"wp","href":"https:\/\/api.w.org\/{rel}","templated":true}]}}