{"id":8787,"date":"2018-11-05T08:55:31","date_gmt":"2018-11-05T07:55:31","guid":{"rendered":"https:\/\/squatsolutions.com\/huissiers\/"},"modified":"2025-11-27T15:20:17","modified_gmt":"2025-11-27T14:20:17","slug":"huissiers","status":"publish","type":"page","link":"https:\/\/squatsolutions.com\/be\/huissiers\/","title":{"rendered":"Huissiers"},"content":{"rendered":"\n<h2 class=\"gb-headline gb-headline-d6c8b659 gb-headline-text\">Que vous empruntiez la voie administrative ou la voie judiciaire pour faire expulser vos squatteurs vous aurez besoin de l\u2019assistance d\u2019un commissaire de justice.<\/h2>\n\n\n<div class=\"gb-grid-wrapper gb-grid-wrapper-4006b2f5\">\n<div class=\"gb-grid-column gb-grid-column-963fb479\"><div class=\"gb-container gb-container-963fb479\"><div class=\"gb-inside-container\">\n\n<p>Pour engager une proc\u00e9dure d\u2019expulsion de squatteurs, le propri\u00e9taire du logement squatt\u00e9 devra, d\u2019une part, d\u00e9montrer que son bien est occup\u00e9, et d\u2019autre part, recueillir l\u2019identit\u00e9 exacte d\u2019au moins un occupant sans droit ni titre pr\u00e9sent sur les lieux. Le recueil de l\u2019identit\u00e9 de l\u2019occupant s\u2019av\u00e8re parfois tr\u00e8s difficile et n\u00e9cessite une sommation interpellative par voie d\u2019huissier de justice.<\/p>\n\n\n\n<p><strong>Vous avez besoin d&#8217;un huissier de justice&nbsp;? Vous devez d\u00e9sormais faire appel \u00e0 un commissaire de justice. En effet, depuis le 1<sup>er<\/sup> juillet 2022, les huissiers de justice et les commissaires-priseurs judiciaires deviennent des commissaires de justice.<\/strong><\/p>\n\n\n\n<p>Depuis le 1er&nbsp;f\u00e9vrier&nbsp;2022, vous pouvez vous faire accompagner par un commissaire de justice \u00e0 toutes les \u00e9tapes de la proc\u00e9dure administrative d&#8217;expulsion de squatteurs.<\/p>\n\n\n\n<p>Cette assistance pr\u00e9voit notamment&nbsp;:<\/p>\n\n\n\n<ul class=\"wp-block-list\">\n<li>le constat de l&#8217;occupation ill\u00e9gale\u00a0;<\/li>\n\n\n\n<li>l&#8217;accompagnement dans le d\u00e9p\u00f4t de la plainte\u00a0;<\/li>\n\n\n\n<li>la r\u00e9daction de la demande au pr\u00e9fet et le suivi des d\u00e9marches aupr\u00e8s de la pr\u00e9fecture.<\/li>\n<\/ul>\n\n<\/div><\/div><\/div>\n\n<div class=\"gb-grid-column gb-grid-column-dea0d429\"><div class=\"gb-container gb-container-dea0d429\"><div class=\"gb-inside-container\">\n\n<p>Si celle-ci n&#8217;aboutit pas, elle peut se poursuivre par un accompagnement dans une proc\u00e9dure judiciaire.<\/p>\n\n\n\n<p>Dans le cadre d\u2019une proc\u00e9dure judiciaire, les avocats saisiront le tribunal judiciaire (anciennement tribunal d\u2019instance) du domicile des lieux squatt\u00e9s d\u2019une demande d\u2019expulsion par voie d\u2019assignation d\u00e9livr\u00e9e par huissier aux occupants.<\/p>\n\n\n\n<p>Si tout se passe bien, le juge ordonnera l\u2019expulsion des occupants. Si les lieux sont toujours occup\u00e9s \u00e0 la date d\u2019effet du commandement de quitter les lieux, le commissaire de justice sollicitera aupr\u00e8s de la pr\u00e9fecture du d\u00e9partement, le concours de la force publique.<\/p>\n\n\n<div class=\"gb-container gb-container-1daebd23\"><div class=\"gb-inside-container\">\n\n<h5 class=\"wp-block-heading\">Alexandre Alleno, huissier de justice<\/h5>\n\n\n\n<p>En r\u00e9gion parisienne, nous travaillons avec Alexandre Alleno. Huissier de justice \u00e0 Montreuil, il intervient dans de nombreux domaines, et en particulier pour ce qui est de la signification des actes, les proc\u00e8s-verbaux de constats, le conseil et la consultation juridique. Il est notre interlocuteur indispensable dans la proc\u00e9dure d\u2019expulsion des squatteurs.<\/p>\n\n\n\n<p><a href=\"http:\/\/www.huissier-93.fr\/\">www.huissier-93.fr<\/a><\/p>\n\n<\/div><\/div>\n<\/div><\/div><\/div>\n<\/div>\n\n\n<div style=\"height:60px\" aria-hidden=\"true\" class=\"wp-block-spacer\"><\/div>\n","protected":false},"excerpt":{"rendered":"<p>Que vous empruntiez la voie administrative ou la voie judiciaire pour faire expulser vos squatteurs vous aurez besoin de l\u2019assistance d\u2019un commissaire de justice.<\/p>\n","protected":false},"author":1,"featured_media":0,"parent":0,"menu_order":12,"comment_status":"closed","ping_status":"closed","template":"","meta":{"footnotes":""},"class_list":["post-8787","page","type-page","status-publish"],"yoast_head":"<!-- This site is optimized with the Yoast SEO plugin v27.3 - https:\/\/yoast.com\/product\/yoast-seo-wordpress\/ -->\n<title>Huissiers | Squat Solutions | Rachat de biens squatt\u00e9s<\/title>\n<meta name=\"description\" content=\"Le recueil de l\u2019identit\u00e9 de l\u2019occupant s\u2019av\u00e8re tr\u00e8s difficile et n\u00e9cessite une sommation interpellative par un huissier qui sont des partenaires indispensable.\" \/>\n<meta name=\"robots\" content=\"index, follow, max-snippet:-1, max-image-preview:large, max-video-preview:-1\" \/>\n<link rel=\"canonical\" href=\"https:\/\/squatsolutions.com\/be\/huissiers\/\" \/>\n<meta property=\"og:locale\" content=\"fr_FR\" \/>\n<meta property=\"og:type\" content=\"article\" \/>\n<meta property=\"og:title\" content=\"Huissiers | Squat Solutions | Rachat de biens squatt\u00e9s\" \/>\n<meta property=\"og:description\" content=\"Le recueil de l\u2019identit\u00e9 de l\u2019occupant s\u2019av\u00e8re tr\u00e8s difficile et n\u00e9cessite une sommation interpellative par un huissier qui sont des partenaires indispensable.\" \/>\n<meta property=\"og:url\" content=\"https:\/\/squatsolutions.com\/be\/huissiers\/\" \/>\n<meta property=\"og:site_name\" content=\"Squat solutions\" \/>\n<meta property=\"article:modified_time\" content=\"2025-11-27T14:20:17+00:00\" \/>\n<meta name=\"twitter:card\" content=\"summary_large_image\" \/>\n<meta name=\"twitter:label1\" content=\"Dur\u00e9e de lecture est.\" \/>\n\t<meta name=\"twitter:data1\" content=\"2 minutes\" \/>\n<!-- \/ Yoast SEO plugin. -->","yoast_head_json":{"title":"Huissiers | Squat Solutions | Rachat de biens squatt\u00e9s","description":"Le recueil de l\u2019identit\u00e9 de l\u2019occupant s\u2019av\u00e8re tr\u00e8s difficile et n\u00e9cessite une sommation interpellative par un huissier qui sont des partenaires indispensable.","robots":{"index":"index","follow":"follow","max-snippet":"max-snippet:-1","max-image-preview":"max-image-preview:large","max-video-preview":"max-video-preview:-1"},"canonical":"https:\/\/squatsolutions.com\/be\/huissiers\/","og_locale":"fr_FR","og_type":"article","og_title":"Huissiers | Squat Solutions | Rachat de biens squatt\u00e9s","og_description":"Le recueil de l\u2019identit\u00e9 de l\u2019occupant s\u2019av\u00e8re tr\u00e8s difficile et n\u00e9cessite une sommation interpellative par un huissier qui sont des partenaires indispensable.","og_url":"https:\/\/squatsolutions.com\/be\/huissiers\/","og_site_name":"Squat solutions","article_modified_time":"2025-11-27T14:20:17+00:00","twitter_card":"summary_large_image","twitter_misc":{"Dur\u00e9e de lecture est.":"2 minutes"},"schema":{"@context":"https:\/\/schema.org","@graph":[{"@type":"WebPage","@id":"https:\/\/squatsolutions.com\/be\/huissiers\/","url":"https:\/\/squatsolutions.com\/be\/huissiers\/","name":"Huissiers | Squat Solutions | Rachat de biens squatt\u00e9s","isPartOf":{"@id":"https:\/\/squatsolutions.com\/be\/#website"},"datePublished":"2018-11-05T07:55:31+00:00","dateModified":"2025-11-27T14:20:17+00:00","description":"Le recueil de l\u2019identit\u00e9 de l\u2019occupant s\u2019av\u00e8re tr\u00e8s difficile et n\u00e9cessite une sommation interpellative par un huissier qui sont des partenaires indispensable.","breadcrumb":{"@id":"https:\/\/squatsolutions.com\/be\/huissiers\/#breadcrumb"},"inLanguage":"fr-BE","potentialAction":[{"@type":"ReadAction","target":["https:\/\/squatsolutions.com\/be\/huissiers\/"]}]},{"@type":"BreadcrumbList","@id":"https:\/\/squatsolutions.com\/be\/huissiers\/#breadcrumb","itemListElement":[{"@type":"ListItem","position":1,"name":"Accueil","item":"https:\/\/squatsolutions.com\/be\/"},{"@type":"ListItem","position":2,"name":"Huissiers"}]},{"@type":"WebSite","@id":"https:\/\/squatsolutions.com\/be\/#website","url":"https:\/\/squatsolutions.com\/be\/","name":"Squat Solutions","description":"Rachat de logements squatt\u00e9s et de parts indivises","publisher":{"@id":"https:\/\/squatsolutions.com\/be\/#organization"},"potentialAction":[{"@type":"SearchAction","target":{"@type":"EntryPoint","urlTemplate":"https:\/\/squatsolutions.com\/be\/?s={search_term_string}"},"query-input":{"@type":"PropertyValueSpecification","valueRequired":true,"valueName":"search_term_string"}}],"inLanguage":"fr-BE"},{"@type":"Organization","@id":"https:\/\/squatsolutions.com\/be\/#organization","name":"Squat Solutions","url":"https:\/\/squatsolutions.com\/be\/","logo":{"@type":"ImageObject","inLanguage":"fr-BE","@id":"https:\/\/squatsolutions.com\/be\/#\/schema\/logo\/image\/","url":"https:\/\/squatsolutions.com\/wp-content\/uploads\/2019\/03\/logo-squatsolutions.png","contentUrl":"https:\/\/squatsolutions.com\/wp-content\/uploads\/2019\/03\/logo-squatsolutions.png","width":558,"height":214,"caption":"Squat Solutions"},"image":{"@id":"https:\/\/squatsolutions.com\/be\/#\/schema\/logo\/image\/"}}]}},"_links":{"self":[{"href":"https:\/\/squatsolutions.com\/be\/wp-json\/wp\/v2\/pages\/8787","targetHints":{"allow":["GET"]}}],"collection":[{"href":"https:\/\/squatsolutions.com\/be\/wp-json\/wp\/v2\/pages"}],"about":[{"href":"https:\/\/squatsolutions.com\/be\/wp-json\/wp\/v2\/types\/page"}],"author":[{"embeddable":true,"href":"https:\/\/squatsolutions.com\/be\/wp-json\/wp\/v2\/users\/1"}],"replies":[{"embeddable":true,"href":"https:\/\/squatsolutions.com\/be\/wp-json\/wp\/v2\/comments?post=8787"}],"version-history":[{"count":1,"href":"https:\/\/squatsolutions.com\/be\/wp-json\/wp\/v2\/pages\/8787\/revisions"}],"predecessor-version":[{"id":8896,"href":"https:\/\/squatsolutions.com\/be\/wp-json\/wp\/v2\/pages\/8787\/revisions\/8896"}],"wp:attachment":[{"href":"https:\/\/squatsolutions.com\/be\/wp-json\/wp\/v2\/media?parent=8787"}],"curies":[{"name":"wp","href":"https:\/\/api.w.org\/{rel}","templated":true}]}}