{"id":9538,"date":"2018-10-24T10:29:12","date_gmt":"2018-10-24T08:29:12","guid":{"rendered":"https:\/\/squatsolutions.com\/contact\/"},"modified":"2026-03-16T18:06:55","modified_gmt":"2026-03-16T17:06:55","slug":"contact","status":"publish","type":"page","link":"https:\/\/squatsolutions.com\/be\/contact\/","title":{"rendered":"Contacter Squat Solutions"},"content":{"rendered":"<div class=\"gb-grid-wrapper gb-grid-wrapper-cba4e673\">\n<div class=\"gb-grid-column gb-grid-column-53091b4b\"><div class=\"gb-container gb-container-53091b4b\"><div class=\"gb-inside-container\">\n\n<p class=\"gb-headline gb-headline-b1a353af\"><span class=\"gb-icon\"><svg aria-hidden=\"true\" role=\"img\" height=\"1em\" width=\"1em\" viewBox=\"0 0 512 512\" xmlns=\"http:\/\/www.w3.org\/2000\/svg\"><path fill=\"currentColor\" d=\"M493.4 24.6l-104-24c-11.3-2.6-22.9 3.3-27.5 13.9l-48 112c-4.2 9.8-1.4 21.3 6.9 28l60.6 49.6c-36 76.7-98.9 140.5-177.2 177.2l-49.6-60.6c-6.8-8.3-18.2-11.1-28-6.9l-112 48C3.9 366.5-2 378.1.6 389.4l24 104C27.1 504.2 36.7 512 48 512c256.1 0 464-207.5 464-464 0-11.2-7.7-20.9-18.6-23.4z\"><\/path><\/svg><\/span><span class=\"gb-headline-text\">+33 (0) 1 85 53 26 75<\/span><\/p>\n\n\n\n<p class=\"gb-headline gb-headline-635ae253\"><span class=\"gb-icon\"><svg aria-hidden=\"true\" role=\"img\" height=\"1em\" width=\"1em\" viewBox=\"0 0 512 512\" xmlns=\"http:\/\/www.w3.org\/2000\/svg\"><path fill=\"currentColor\" d=\"M464 64H48C21.49 64 0 85.49 0 112v288c0 26.51 21.49 48 48 48h416c26.51 0 48-21.49 48-48V112c0-26.51-21.49-48-48-48zm0 48v40.805c-22.422 18.259-58.168 46.651-134.587 106.49-16.841 13.247-50.201 45.072-73.413 44.701-23.208.375-56.579-31.459-73.413-44.701C106.18 199.465 70.425 171.067 48 152.805V112h416zM48 400V214.398c22.914 18.251 55.409 43.862 104.938 82.646 21.857 17.205 60.134 55.186 103.062 54.955 42.717.231 80.509-37.199 103.053-54.947 49.528-38.783 82.032-64.401 104.947-82.653V400H48z\"><\/path><\/svg><\/span><span class=\"gb-headline-text\">bonjour@squatsolutions.com<\/span><\/p>\n\n\n\n<p class=\"gb-headline gb-headline-fa24d038\"><span class=\"gb-icon\"><svg aria-hidden=\"true\" role=\"img\" height=\"1em\" width=\"1em\" viewBox=\"0 0 384 512\" xmlns=\"http:\/\/www.w3.org\/2000\/svg\"><path fill=\"currentColor\" d=\"M172.268 501.67C26.97 291.031 0 269.413 0 192 0 85.961 85.961 0 192 0s192 85.961 192 192c0 77.413-26.97 99.031-172.268 309.67-9.535 13.774-29.93 13.773-39.464 0zM192 272c44.183 0 80-35.817 80-80s-35.817-80-80-80-80 35.817-80 80 35.817 80 80 80z\"><\/path><\/svg><\/span><span class=\"gb-headline-text\">55 avenue Marceau<br>75016 Paris<\/span><\/p>\n\n\n\n<p>Vous \u00eates propri\u00e9taire d\u2019une maison ou d\u2019un appartement squatt\u00e9 et vous souhaitez sortir de cette situation rapidement&nbsp;? Contacter Squat Solutions pour parler avec des experts capables de vous aider. Nos \u00e9quipes \u00e9tudient votre dossier et vous font une offre de rachat ferme. Vendez votre bien squatt\u00e9 et d\u00e9gagez-vous de toute responsabilit\u00e9 face \u00e0 cette situation.<\/p>\n\n\n\n<p>Plus besoin d\u2019engager des frais judiciaires dans le cadre d\u2019une proc\u00e9dure d\u2019expulsion, <a href=\"https:\/\/squatsolutions.com\/be\/rachat-de-biens-squattes\/\" target=\"_blank\" rel=\"noreferrer noopener\">vendez votre bien \u00e0 Squat Solutions<\/a> et nous nous occupons du reste.<\/p>\n\n\n\n<p>Squat Solutions est une entreprise sp\u00e9cialis\u00e9e dans les situations immobili\u00e8res complexes. Notre \u00e9quipe est compos\u00e9e de professionnels capables de vous aider. B\u00e9n\u00e9ficiez de notre expertise et sortez d\u2019une situation compliqu\u00e9e. Avec Squat Solutions vous ne serez plus seuls face aux probl\u00e8mes engendr\u00e9s par la pr\u00e9sence de squatteurs dans votre bien. Nous intervenons partout en France et nos \u00e9quipes suivent votre dossier.<\/p>\n\n\n\n<p>Vendre un bien squatt\u00e9 est souvent le dernier recours pour des propri\u00e9taires \u00e9puis\u00e9s par la lenteur des proc\u00e9dures judiciaires et souvent financi\u00e8rement \u00e9touff\u00e9 par la situation. Vendre son bien est la meilleure mani\u00e8re de sortir de cette situation. N&#8217;attendez plus pour contacter Squat Solutions. <\/p>\n\n<\/div><\/div><\/div>\n\n<div class=\"gb-grid-column gb-grid-column-8349d630\"><div class=\"gb-container gb-container-8349d630\"><div class=\"gb-inside-container\">\n\n<div class=\"pipedriveWebForms\" data-pd-webforms=\"https:\/\/webforms.pipedrive.com\/f\/bXvxyr4TQbGQl93UkkQgBfalsTnC07kJ28fCqChotSlx3WANWa28dLHqBZejdvG0Uz\"><script src=\"https:\/\/webforms.pipedrive.com\/f\/loader\"><\/script><\/div>\n\n<\/div><\/div><\/div>\n<\/div>","protected":false},"excerpt":{"rendered":"","protected":false},"author":1,"featured_media":0,"parent":0,"menu_order":26,"comment_status":"closed","ping_status":"closed","template":"","meta":{"footnotes":""},"class_list":["post-9538","page","type-page","status-publish"],"yoast_head":"<!-- This site is optimized with the Yoast SEO plugin v27.3 - https:\/\/yoast.com\/product\/yoast-seo-wordpress\/ -->\n<title>Propri\u00e9taire : contacter Squat Solutions<\/title>\n<meta name=\"description\" content=\"Vous \u00eates propri\u00e9taire et votre bien est occup\u00e9 ill\u00e9galement contacter Squat Solutions pour le rachat d\u2019un bien squatt\u00e9.\" \/>\n<meta name=\"robots\" content=\"index, follow, max-snippet:-1, max-image-preview:large, max-video-preview:-1\" \/>\n<link rel=\"canonical\" href=\"https:\/\/squatsolutions.com\/be\/contact\/\" \/>\n<meta property=\"og:locale\" content=\"fr_FR\" \/>\n<meta property=\"og:type\" content=\"article\" \/>\n<meta property=\"og:title\" content=\"Propri\u00e9taire : contacter Squat Solutions\" \/>\n<meta property=\"og:description\" content=\"Vous \u00eates propri\u00e9taire et votre bien est occup\u00e9 ill\u00e9galement contacter Squat Solutions pour le rachat d\u2019un bien squatt\u00e9.\" \/>\n<meta property=\"og:url\" content=\"https:\/\/squatsolutions.com\/be\/contact\/\" \/>\n<meta property=\"og:site_name\" content=\"Squat solutions\" \/>\n<meta property=\"article:modified_time\" content=\"2026-03-16T17:06:55+00:00\" \/>\n<meta name=\"twitter:card\" content=\"summary_large_image\" \/>\n<meta name=\"twitter:label1\" content=\"Dur\u00e9e de lecture est.\" \/>\n\t<meta name=\"twitter:data1\" content=\"2 minutes\" \/>\n<!-- \/ Yoast SEO plugin. -->","yoast_head_json":{"title":"Propri\u00e9taire : contacter Squat Solutions","description":"Vous \u00eates propri\u00e9taire et votre bien est occup\u00e9 ill\u00e9galement contacter Squat Solutions pour le rachat d\u2019un bien squatt\u00e9.","robots":{"index":"index","follow":"follow","max-snippet":"max-snippet:-1","max-image-preview":"max-image-preview:large","max-video-preview":"max-video-preview:-1"},"canonical":"https:\/\/squatsolutions.com\/be\/contact\/","og_locale":"fr_FR","og_type":"article","og_title":"Propri\u00e9taire : contacter Squat Solutions","og_description":"Vous \u00eates propri\u00e9taire et votre bien est occup\u00e9 ill\u00e9galement contacter Squat Solutions pour le rachat d\u2019un bien squatt\u00e9.","og_url":"https:\/\/squatsolutions.com\/be\/contact\/","og_site_name":"Squat solutions","article_modified_time":"2026-03-16T17:06:55+00:00","twitter_card":"summary_large_image","twitter_misc":{"Dur\u00e9e de lecture est.":"2 minutes"},"schema":{"@context":"https:\/\/schema.org","@graph":[{"@type":"WebPage","@id":"https:\/\/squatsolutions.com\/be\/contact\/","url":"https:\/\/squatsolutions.com\/be\/contact\/","name":"Propri\u00e9taire : contacter Squat Solutions","isPartOf":{"@id":"https:\/\/squatsolutions.com\/be\/#website"},"datePublished":"2018-10-24T08:29:12+00:00","dateModified":"2026-03-16T17:06:55+00:00","description":"Vous \u00eates propri\u00e9taire et votre bien est occup\u00e9 ill\u00e9galement contacter Squat Solutions pour le rachat d\u2019un bien squatt\u00e9.","breadcrumb":{"@id":"https:\/\/squatsolutions.com\/be\/contact\/#breadcrumb"},"inLanguage":"fr-BE","potentialAction":[{"@type":"ReadAction","target":["https:\/\/squatsolutions.com\/be\/contact\/"]}]},{"@type":"BreadcrumbList","@id":"https:\/\/squatsolutions.com\/be\/contact\/#breadcrumb","itemListElement":[{"@type":"ListItem","position":1,"name":"Accueil","item":"https:\/\/squatsolutions.com\/be\/"},{"@type":"ListItem","position":2,"name":"Contacter Squat Solutions"}]},{"@type":"WebSite","@id":"https:\/\/squatsolutions.com\/be\/#website","url":"https:\/\/squatsolutions.com\/be\/","name":"Squat Solutions","description":"Rachat de logements squatt\u00e9s et de parts indivises","publisher":{"@id":"https:\/\/squatsolutions.com\/be\/#organization"},"potentialAction":[{"@type":"SearchAction","target":{"@type":"EntryPoint","urlTemplate":"https:\/\/squatsolutions.com\/be\/?s={search_term_string}"},"query-input":{"@type":"PropertyValueSpecification","valueRequired":true,"valueName":"search_term_string"}}],"inLanguage":"fr-BE"},{"@type":"Organization","@id":"https:\/\/squatsolutions.com\/be\/#organization","name":"Squat Solutions","url":"https:\/\/squatsolutions.com\/be\/","logo":{"@type":"ImageObject","inLanguage":"fr-BE","@id":"https:\/\/squatsolutions.com\/be\/#\/schema\/logo\/image\/","url":"https:\/\/squatsolutions.com\/wp-content\/uploads\/2019\/03\/logo-squatsolutions.png","contentUrl":"https:\/\/squatsolutions.com\/wp-content\/uploads\/2019\/03\/logo-squatsolutions.png","width":558,"height":214,"caption":"Squat Solutions"},"image":{"@id":"https:\/\/squatsolutions.com\/be\/#\/schema\/logo\/image\/"}}]}},"_links":{"self":[{"href":"https:\/\/squatsolutions.com\/be\/wp-json\/wp\/v2\/pages\/9538","targetHints":{"allow":["GET"]}}],"collection":[{"href":"https:\/\/squatsolutions.com\/be\/wp-json\/wp\/v2\/pages"}],"about":[{"href":"https:\/\/squatsolutions.com\/be\/wp-json\/wp\/v2\/types\/page"}],"author":[{"embeddable":true,"href":"https:\/\/squatsolutions.com\/be\/wp-json\/wp\/v2\/users\/1"}],"replies":[{"embeddable":true,"href":"https:\/\/squatsolutions.com\/be\/wp-json\/wp\/v2\/comments?post=9538"}],"version-history":[{"count":3,"href":"https:\/\/squatsolutions.com\/be\/wp-json\/wp\/v2\/pages\/9538\/revisions"}],"predecessor-version":[{"id":9725,"href":"https:\/\/squatsolutions.com\/be\/wp-json\/wp\/v2\/pages\/9538\/revisions\/9725"}],"wp:attachment":[{"href":"https:\/\/squatsolutions.com\/be\/wp-json\/wp\/v2\/media?parent=9538"}],"curies":[{"name":"wp","href":"https:\/\/api.w.org\/{rel}","templated":true}]}}