{"id":8760,"date":"2020-12-10T10:43:39","date_gmt":"2020-12-10T09:43:39","guid":{"rendered":"https:\/\/squatsolutions.com\/occupant-sans-droit-ni-titre-proceder-a-une-expulsion\/"},"modified":"2026-03-16T18:17:09","modified_gmt":"2026-03-16T17:17:09","slug":"occupant-sans-droit-ni-titre-proceder-a-une-expulsion","status":"publish","type":"page","link":"https:\/\/squatsolutions.com\/ch\/occupant-sans-droit-ni-titre-proceder-a-une-expulsion\/","title":{"rendered":"Expulsion d\u2019un locataire sans droit ni titre en Suisse\u00a0: d\u00e9finition et explications"},"content":{"rendered":"\n<div class=\"gb-element-2511702e\">\n<div>\n<p>En Suisse, un locataire sans droit ni titre est une personne qui occupe un logement sans contrat de location valable ou qui reste dans le bien apr\u00e8s la fin de son bail sans l\u2019accord du propri\u00e9taire. Cette situation peut aussi concerner des squatteurs, c\u2019est-\u00e0-dire des <strong>occupants ill\u00e9gaux qui n\u2019ont aucun droit de rester dans le logement.<\/strong><\/p>\n\n\n\n<p><strong>L\u2019expulsion d\u2019un locataire sans droit ni titre est une proc\u00e9dure l\u00e9gale<\/strong> qui permet au propri\u00e9taire de r\u00e9cup\u00e9rer la possession de son bien immobilier. Elle repose sur des bases juridiques solides dans le Code civil suisse et le Code de proc\u00e9dure civile, qui prot\u00e8gent le droit de propri\u00e9t\u00e9 tout en assurant les droits des occupants.<\/p>\n\n\n\n<p>Pour engager cette proc\u00e9dure, <strong>le propri\u00e9taire doit d\u2019abord \u00e9tablir que le locataire n\u2019a pas de titre l\u00e9gal pour occuper le logement<\/strong>. Il doit ensuite notifier une mise en demeure et, en cas de non-d\u00e9part volontaire, saisir les autorit\u00e9s comp\u00e9tentes, g\u00e9n\u00e9ralement le tribunal civil.<\/p>\n\n\n\n<p>Le tribunal peut alors ordonner l\u2019expulsion forc\u00e9e du locataire ill\u00e9gal, d\u00e9cision qui sera ex\u00e9cut\u00e9e par un huissier et, si n\u00e9cessaire, avec l\u2019intervention de la police. L\u2019expulsion doit toujours respecter la l\u00e9galit\u00e9 et garantir le respect des droits fondamentaux, comme le droit \u00e0 un logement d\u00e9cent.<\/p>\n\n\n\n<h2 class=\"gb-text gb-text-04edda38\">Que risque un propri\u00e9taire qui veut expulser&nbsp; un occupant sans droit ni titre en Suisse&nbsp;?<\/h2>\n\n\n\n<p>En Suisse, la loi est tr\u00e8s claire : un propri\u00e9taire <strong>ne peut pas proc\u00e9der lui-m\u00eame \u00e0 une expulsion forc\u00e9e<\/strong> d\u2019un occupant, m\u00eame s\u2019il s\u2019agit d\u2019un squatteur ou d\u2019un locataire sans droit ni titre. Toute expulsion doit passer par une proc\u00e9dure judiciaire et \u00eatre autoris\u00e9e par une d\u00e9cision de justice.<\/p>\n\n\n\n<p>Si un propri\u00e9taire tente d\u2019expulser un occupant sans respecter cette proc\u00e9dure, il s\u2019expose \u00e0 plusieurs risques juridiques et p\u00e9naux :<\/p>\n\n\n\n<div class=\"gb-accordion\">\n<div class=\"gb-accordion__item accordeon-item\">\n<div role=\"button\" tabindex=\"0\" class=\"gb-accordion__toggle gb-accordion__toggle-89565ac7\" id=\"gb-accordion-toggle-89565ac7\">\n<h3 class=\"gb-text titre-accordeon\">Sanctions p\u00e9nales&nbsp;<\/h3>\n\n\n\n<span class=\"gb-accordion__toggle-icon gb-accordion__toggle-icon-a3451af5\"><span class=\"gb-accordion__toggle-icon-open\"><svg aria-hidden=\"true\" viewBox=\"0 0 256 256\"><rect width=\"256\" height=\"256\" fill=\"none\"><\/rect><polyline points=\"208 96 128 176 48 96\" fill=\"none\" stroke=\"currentColor\" stroke-linecap=\"round\" stroke-linejoin=\"round\" stroke-width=\"16\"><\/polyline><\/svg><\/span><span class=\"gb-accordion__toggle-icon-close\"><svg aria-hidden=\"true\" viewBox=\"0 0 256 256\"><rect width=\"256\" height=\"256\" fill=\"none\"><\/rect><polyline points=\"48 160 128 80 208 160\" fill=\"none\" stroke=\"currentColor\" stroke-linecap=\"round\" stroke-linejoin=\"round\" stroke-width=\"16\"><\/polyline><\/svg><\/span><\/span>\n<\/div>\n\n\n\n<div class=\"gb-accordion__content\" id=\"gb-accordion-content-9404a934\">\n<div class=\"gb-element-34d43927\">\n<p>L\u2019expulsion sans titre judiciaire est consid\u00e9r\u00e9e comme une <strong>expulsion ill\u00e9gale<\/strong> ou une forme de violation de domicile. Le propri\u00e9taire peut alors \u00eatre poursuivi p\u00e9nalement pour ces faits, avec des risques d\u2019amendes voire de peines plus s\u00e9v\u00e8res selon la gravit\u00e9 de l\u2019action.<\/p>\n<\/div>\n<\/div>\n<\/div>\n\n\n\n<div class=\"gb-accordion__item accordeon-item\">\n<div role=\"button\" tabindex=\"0\" class=\"gb-accordion__toggle gb-accordion__toggle-70fdb588\" id=\"gb-accordion-toggle-70fdb588\">\n<h3 class=\"gb-text titre-accordeon\">Responsabilit\u00e9 civile<\/h3>\n\n\n\n<span class=\"gb-accordion__toggle-icon gb-accordion__toggle-icon-7c4322d2\"><span class=\"gb-accordion__toggle-icon-open\"><svg aria-hidden=\"true\" viewBox=\"0 0 256 256\"><rect width=\"256\" height=\"256\" fill=\"none\"><\/rect><polyline points=\"208 96 128 176 48 96\" fill=\"none\" stroke=\"currentColor\" stroke-linecap=\"round\" stroke-linejoin=\"round\" stroke-width=\"16\"><\/polyline><\/svg><\/span><span class=\"gb-accordion__toggle-icon-close\"><svg aria-hidden=\"true\" viewBox=\"0 0 256 256\"><rect width=\"256\" height=\"256\" fill=\"none\"><\/rect><polyline points=\"48 160 128 80 208 160\" fill=\"none\" stroke=\"currentColor\" stroke-linecap=\"round\" stroke-linejoin=\"round\" stroke-width=\"16\"><\/polyline><\/svg><\/span><\/span>\n<\/div>\n\n\n\n<div class=\"gb-accordion__content\" id=\"gb-accordion-content-fb35569a\">\n<div class=\"gb-element-a5672aab\">\n<p>L\u2019occupant expuls\u00e9 de mani\u00e8re ill\u00e9gale peut engager la responsabilit\u00e9 civile du propri\u00e9taire pour dommages et int\u00e9r\u00eats, notamment en cas de pr\u00e9judice mat\u00e9riel, moral ou physique caus\u00e9 par l\u2019expulsion forc\u00e9e.<\/p>\n<\/div>\n<\/div>\n<\/div>\n\n\n\n<div class=\"gb-accordion__item accordeon-item\">\n<div role=\"button\" tabindex=\"0\" class=\"gb-accordion__toggle gb-accordion__toggle-af817480\" id=\"gb-accordion-toggle-af817480\">\n<h3 class=\"gb-text titre-accordeon\">Invalidit\u00e9 de l\u2019expulsion<\/h3>\n\n\n\n<span class=\"gb-accordion__toggle-icon gb-accordion__toggle-icon-7f915a64\"><span class=\"gb-accordion__toggle-icon-open\"><svg aria-hidden=\"true\" viewBox=\"0 0 256 256\"><rect width=\"256\" height=\"256\" fill=\"none\"><\/rect><polyline points=\"208 96 128 176 48 96\" fill=\"none\" stroke=\"currentColor\" stroke-linecap=\"round\" stroke-linejoin=\"round\" stroke-width=\"16\"><\/polyline><\/svg><\/span><span class=\"gb-accordion__toggle-icon-close\"><svg aria-hidden=\"true\" viewBox=\"0 0 256 256\"><rect width=\"256\" height=\"256\" fill=\"none\"><\/rect><polyline points=\"48 160 128 80 208 160\" fill=\"none\" stroke=\"currentColor\" stroke-linecap=\"round\" stroke-linejoin=\"round\" stroke-width=\"16\"><\/polyline><\/svg><\/span><\/span>\n<\/div>\n\n\n\n<div class=\"gb-accordion__content\" id=\"gb-accordion-content-4f2e0ba5\">\n<div class=\"gb-element-e11dfc62\">\n<p>Une expulsion r\u00e9alis\u00e9e sans ordonnance judiciaire est <strong>nulle et non avenue<\/strong>. L\u2019occupant peut l\u00e9galement revenir dans les lieux, et le propri\u00e9taire perdra tout moyen l\u00e9gal de faire appliquer l\u2019expulsion ainsi r\u00e9alis\u00e9e.<\/p>\n<\/div>\n<\/div>\n<\/div>\n<\/div>\n\n\n\n<h2 class=\"gb-text gb-text-019e3a27\">Que peut faire un propri\u00e9taire pour expulser&nbsp; un occupant sans droit ni titre en Suisse&nbsp;?<\/h2>\n\n\n\n<p>Lorsqu\u2019un squatteur occupe un bien immobilier sans droit ni titre en Suisse, le propri\u00e9taire doit imp\u00e9rativement respecter la proc\u00e9dure l\u00e9gale pour obtenir son expulsion. Voici les principales \u00e9tapes \u00e0 suivre&nbsp;:<\/p>\n\n\n\n<div class=\"gb-accordion\">\n<div class=\"gb-accordion__item accordeon-item\">\n<div role=\"button\" tabindex=\"0\" class=\"gb-accordion__toggle gb-accordion__toggle-7922904c\" id=\"gb-accordion-toggle-7922904c\">\n<h3 class=\"gb-text titre-accordeon\">Rassembler des preuves<\/h3>\n\n\n\n<span class=\"gb-accordion__toggle-icon gb-accordion__toggle-icon-99e2b6da\"><span class=\"gb-accordion__toggle-icon-open\"><svg aria-hidden=\"true\" viewBox=\"0 0 256 256\"><rect width=\"256\" height=\"256\" fill=\"none\"><\/rect><polyline points=\"208 96 128 176 48 96\" fill=\"none\" stroke=\"currentColor\" stroke-linecap=\"round\" stroke-linejoin=\"round\" stroke-width=\"16\"><\/polyline><\/svg><\/span><span class=\"gb-accordion__toggle-icon-close\"><svg aria-hidden=\"true\" viewBox=\"0 0 256 256\"><rect width=\"256\" height=\"256\" fill=\"none\"><\/rect><polyline points=\"48 160 128 80 208 160\" fill=\"none\" stroke=\"currentColor\" stroke-linecap=\"round\" stroke-linejoin=\"round\" stroke-width=\"16\"><\/polyline><\/svg><\/span><\/span>\n<\/div>\n\n\n\n<div class=\"gb-accordion__content\" id=\"gb-accordion-content-0ac09399\">\n<div class=\"gb-element-e3f65ed7\">\n<p>Le propri\u00e9taire doit collecter des \u00e9l\u00e9ments qui attestent de l\u2019occupation ill\u00e9gale : photos, t\u00e9moignages, constats d\u2019huissier, contrats (ou absence de contrat) de location, etc.<\/p>\n<\/div>\n<\/div>\n<\/div>\n\n\n\n<div class=\"gb-accordion__item accordeon-item\">\n<div role=\"button\" tabindex=\"0\" class=\"gb-accordion__toggle gb-accordion__toggle-f95a256a\" id=\"gb-accordion-toggle-f95a256a\">\n<h3 class=\"gb-text titre-accordeon\">D\u00e9poser une plainte officielle<\/h3>\n\n\n\n<span class=\"gb-accordion__toggle-icon gb-accordion__toggle-icon-3d518425\"><span class=\"gb-accordion__toggle-icon-open\"><svg aria-hidden=\"true\" viewBox=\"0 0 256 256\"><rect width=\"256\" height=\"256\" fill=\"none\"><\/rect><polyline points=\"208 96 128 176 48 96\" fill=\"none\" stroke=\"currentColor\" stroke-linecap=\"round\" stroke-linejoin=\"round\" stroke-width=\"16\"><\/polyline><\/svg><\/span><span class=\"gb-accordion__toggle-icon-close\"><svg aria-hidden=\"true\" viewBox=\"0 0 256 256\"><rect width=\"256\" height=\"256\" fill=\"none\"><\/rect><polyline points=\"48 160 128 80 208 160\" fill=\"none\" stroke=\"currentColor\" stroke-linecap=\"round\" stroke-linejoin=\"round\" stroke-width=\"16\"><\/polyline><\/svg><\/span><\/span>\n<\/div>\n\n\n\n<div class=\"gb-accordion__content\" id=\"gb-accordion-content-95a57f24\">\n<div class=\"gb-element-ea6f7d1d\">\n<p>La premi\u00e8re d\u00e9marche formelle est de d\u00e9poser une plainte aupr\u00e8s de la police ou du parquet, signalant l\u2019occupation ill\u00e9gale du bien.<\/p>\n<\/div>\n<\/div>\n<\/div>\n\n\n\n<div class=\"gb-accordion__item accordeon-item\">\n<div role=\"button\" tabindex=\"0\" class=\"gb-accordion__toggle gb-accordion__toggle-72a4bafa\" id=\"gb-accordion-toggle-72a4bafa\">\n<h3 class=\"gb-text titre-accordeon\">Suivre la proc\u00e9dure judiciaire<\/h3>\n\n\n\n<span class=\"gb-accordion__toggle-icon gb-accordion__toggle-icon-0b8b6205\"><span class=\"gb-accordion__toggle-icon-open\"><svg aria-hidden=\"true\" viewBox=\"0 0 256 256\"><rect width=\"256\" height=\"256\" fill=\"none\"><\/rect><polyline points=\"208 96 128 176 48 96\" fill=\"none\" stroke=\"currentColor\" stroke-linecap=\"round\" stroke-linejoin=\"round\" stroke-width=\"16\"><\/polyline><\/svg><\/span><span class=\"gb-accordion__toggle-icon-close\"><svg aria-hidden=\"true\" viewBox=\"0 0 256 256\"><rect width=\"256\" height=\"256\" fill=\"none\"><\/rect><polyline points=\"48 160 128 80 208 160\" fill=\"none\" stroke=\"currentColor\" stroke-linecap=\"round\" stroke-linejoin=\"round\" stroke-width=\"16\"><\/polyline><\/svg><\/span><\/span>\n<\/div>\n\n\n\n<div class=\"gb-accordion__content\" id=\"gb-accordion-content-590d9c77\">\n<div class=\"gb-element-f1eae482\">\n<p>Le procureur du tribunal p\u00e9nal peut alors engager des poursuites contre les occupants ill\u00e9gaux. Le propri\u00e9taire peut aussi saisir le tribunal civil comp\u00e9tent pour demander une ordonnance d\u2019expulsion.<\/p>\n<\/div>\n<\/div>\n<\/div>\n\n\n\n<div class=\"gb-accordion__item accordeon-item\">\n<div role=\"button\" tabindex=\"0\" class=\"gb-accordion__toggle gb-accordion__toggle-9b638959\" id=\"gb-accordion-toggle-9b638959\">\n<h3 class=\"gb-text titre-accordeon\">Obtenir une ordonnance d\u2019expulsion<\/h3>\n\n\n\n<span class=\"gb-accordion__toggle-icon gb-accordion__toggle-icon-0aa0ceb6\"><span class=\"gb-accordion__toggle-icon-open\"><svg aria-hidden=\"true\" viewBox=\"0 0 256 256\"><rect width=\"256\" height=\"256\" fill=\"none\"><\/rect><polyline points=\"208 96 128 176 48 96\" fill=\"none\" stroke=\"currentColor\" stroke-linecap=\"round\" stroke-linejoin=\"round\" stroke-width=\"16\"><\/polyline><\/svg><\/span><span class=\"gb-accordion__toggle-icon-close\"><svg aria-hidden=\"true\" viewBox=\"0 0 256 256\"><rect width=\"256\" height=\"256\" fill=\"none\"><\/rect><polyline points=\"48 160 128 80 208 160\" fill=\"none\" stroke=\"currentColor\" stroke-linecap=\"round\" stroke-linejoin=\"round\" stroke-width=\"16\"><\/polyline><\/svg><\/span><\/span>\n<\/div>\n\n\n\n<div class=\"gb-accordion__content\" id=\"gb-accordion-content-28038899\">\n<div class=\"gb-element-15f67f60\">\n<p>Le tribunal rend une d\u00e9cision judiciaire autorisant l\u2019expulsion de l\u2019occupant sans droit ni titre. Cette ordonnance est un titre ex\u00e9cutoire.<\/p>\n<\/div>\n<\/div>\n<\/div>\n\n\n\n<div class=\"gb-accordion__item accordeon-item\">\n<div role=\"button\" tabindex=\"0\" class=\"gb-accordion__toggle gb-accordion__toggle-e6628ab0\" id=\"gb-accordion-toggle-e6628ab0\">\n<h3 class=\"gb-text titre-accordeon\">Vendre le bien squatt\u00e9 avec les occupants sans droit ni titre<\/h3>\n\n\n\n<span class=\"gb-accordion__toggle-icon gb-accordion__toggle-icon-dfc340e0\"><span class=\"gb-accordion__toggle-icon-open\"><svg aria-hidden=\"true\" viewBox=\"0 0 256 256\"><rect width=\"256\" height=\"256\" fill=\"none\"><\/rect><polyline points=\"208 96 128 176 48 96\" fill=\"none\" stroke=\"currentColor\" stroke-linecap=\"round\" stroke-linejoin=\"round\" stroke-width=\"16\"><\/polyline><\/svg><\/span><span class=\"gb-accordion__toggle-icon-close\"><svg aria-hidden=\"true\" viewBox=\"0 0 256 256\"><rect width=\"256\" height=\"256\" fill=\"none\"><\/rect><polyline points=\"48 160 128 80 208 160\" fill=\"none\" stroke=\"currentColor\" stroke-linecap=\"round\" stroke-linejoin=\"round\" stroke-width=\"16\"><\/polyline><\/svg><\/span><\/span>\n<\/div>\n\n\n\n<div class=\"gb-accordion__content\" id=\"gb-accordion-content-d2e6c8cf\">\n<div class=\"gb-element-8435b01e\">\n<p>Les propri\u00e9taires helv\u00e8tes qui ne souhaitent pas attendre une d\u00e9cision judiciaire pour se d\u00e9barrasser des squatteurs peuvent <a href=\"https:\/\/squatsolutions.com\/ch\/rachat-de-biens-squattes\/\">vendre le bien squatt\u00e9<\/a> \u00e0 Squat Solutions. De cette mani\u00e8re, ils se d\u00e9gagent de toute responsabilit\u00e9 et r\u00e9cup\u00e8rent des liquidit\u00e9s rapidement.&nbsp;<\/p>\n<\/div>\n<\/div>\n<\/div>\n<\/div>\n<\/div>\n\n\n\n<div class=\"gb-element-ba396e77\">\n<div class=\"pipedriveWebForms\" data-pd-webforms=\"https:\/\/webforms.pipedrive.com\/f\/bXvxyr4TQbGQl93UkkQgBfalsTnC07kJ28fCqChotSlx3WANWa28dLHqBZejdvG0Uz\"><script src=\"https:\/\/webforms.pipedrive.com\/f\/loader\"><\/script><\/div>\n<\/div>\n<\/div>\n","protected":false},"excerpt":{"rendered":"<p>En Suisse, un locataire sans droit ni titre est une personne qui occupe un logement sans contrat de location valable ou qui reste dans le bien apr\u00e8s la fin de son bail sans l\u2019accord du propri\u00e9taire. Cette situation peut aussi concerner des squatteurs, c\u2019est-\u00e0-dire des occupants ill\u00e9gaux qui n\u2019ont aucun droit de rester dans le &#8230; <a title=\"Expulsion d\u2019un locataire sans droit ni titre en Suisse\u00a0: d\u00e9finition et explications\" class=\"read-more\" href=\"https:\/\/squatsolutions.com\/ch\/occupant-sans-droit-ni-titre-proceder-a-une-expulsion\/\" aria-label=\"Read more about Expulsion d\u2019un locataire sans droit ni titre en Suisse\u00a0: d\u00e9finition et explications\">Read more<\/a><\/p>\n","protected":false},"author":1,"featured_media":0,"parent":0,"menu_order":18,"comment_status":"closed","ping_status":"closed","template":"","meta":{"footnotes":""},"class_list":["post-8760","page","type-page","status-publish"],"yoast_head":"<!-- This site is optimized with the Yoast SEO plugin v27.3 - https:\/\/yoast.com\/product\/yoast-seo-wordpress\/ -->\n<title>Expulsion d\u2019un locataire sans droit ni titre en Suisse<\/title>\n<meta name=\"description\" content=\"Comprendre comment se d\u00e9roule l\u2019expulsion d\u2019un locataire sans droit ni titre en Suisse.\" \/>\n<meta name=\"robots\" content=\"index, follow, max-snippet:-1, max-image-preview:large, max-video-preview:-1\" \/>\n<link rel=\"canonical\" href=\"https:\/\/squatsolutions.com\/ch\/occupant-sans-droit-ni-titre-proceder-a-une-expulsion\/\" \/>\n<meta property=\"og:locale\" content=\"fr_FR\" \/>\n<meta property=\"og:type\" content=\"article\" \/>\n<meta property=\"og:title\" content=\"Expulsion d\u2019un locataire sans droit ni titre en Suisse\" \/>\n<meta property=\"og:description\" content=\"Comprendre comment se d\u00e9roule l\u2019expulsion d\u2019un locataire sans droit ni titre en Suisse.\" \/>\n<meta property=\"og:url\" content=\"https:\/\/squatsolutions.com\/ch\/occupant-sans-droit-ni-titre-proceder-a-une-expulsion\/\" \/>\n<meta property=\"og:site_name\" content=\"Squat solutions\" \/>\n<meta property=\"article:modified_time\" content=\"2026-03-16T17:17:09+00:00\" \/>\n<meta name=\"twitter:card\" content=\"summary_large_image\" \/>\n<meta name=\"twitter:label1\" content=\"Est. reading time\" \/>\n\t<meta name=\"twitter:data1\" content=\"4 minutes\" \/>\n<!-- \/ Yoast SEO plugin. -->","yoast_head_json":{"title":"Expulsion d\u2019un locataire sans droit ni titre en Suisse","description":"Comprendre comment se d\u00e9roule l\u2019expulsion d\u2019un locataire sans droit ni titre en Suisse.","robots":{"index":"index","follow":"follow","max-snippet":"max-snippet:-1","max-image-preview":"max-image-preview:large","max-video-preview":"max-video-preview:-1"},"canonical":"https:\/\/squatsolutions.com\/ch\/occupant-sans-droit-ni-titre-proceder-a-une-expulsion\/","og_locale":"fr_FR","og_type":"article","og_title":"Expulsion d\u2019un locataire sans droit ni titre en Suisse","og_description":"Comprendre comment se d\u00e9roule l\u2019expulsion d\u2019un locataire sans droit ni titre en Suisse.","og_url":"https:\/\/squatsolutions.com\/ch\/occupant-sans-droit-ni-titre-proceder-a-une-expulsion\/","og_site_name":"Squat solutions","article_modified_time":"2026-03-16T17:17:09+00:00","twitter_card":"summary_large_image","twitter_misc":{"Est. reading time":"4 minutes"},"schema":{"@context":"https:\/\/schema.org","@graph":[{"@type":"WebPage","@id":"https:\/\/squatsolutions.com\/ch\/occupant-sans-droit-ni-titre-proceder-a-une-expulsion\/","url":"https:\/\/squatsolutions.com\/ch\/occupant-sans-droit-ni-titre-proceder-a-une-expulsion\/","name":"Expulsion d\u2019un locataire sans droit ni titre en Suisse","isPartOf":{"@id":"https:\/\/squatsolutions.com\/ch\/#website"},"datePublished":"2020-12-10T09:43:39+00:00","dateModified":"2026-03-16T17:17:09+00:00","description":"Comprendre comment se d\u00e9roule l\u2019expulsion d\u2019un locataire sans droit ni titre en Suisse.","breadcrumb":{"@id":"https:\/\/squatsolutions.com\/ch\/occupant-sans-droit-ni-titre-proceder-a-une-expulsion\/#breadcrumb"},"inLanguage":"fr-CH","potentialAction":[{"@type":"ReadAction","target":["https:\/\/squatsolutions.com\/ch\/occupant-sans-droit-ni-titre-proceder-a-une-expulsion\/"]}]},{"@type":"BreadcrumbList","@id":"https:\/\/squatsolutions.com\/ch\/occupant-sans-droit-ni-titre-proceder-a-une-expulsion\/#breadcrumb","itemListElement":[{"@type":"ListItem","position":1,"name":"Accueil","item":"https:\/\/squatsolutions.com\/ch\/"},{"@type":"ListItem","position":2,"name":"Expulsion d\u2019un locataire sans droit ni titre en Suisse\u00a0: d\u00e9finition et explications"}]},{"@type":"WebSite","@id":"https:\/\/squatsolutions.com\/ch\/#website","url":"https:\/\/squatsolutions.com\/ch\/","name":"Squat Solutions","description":"Rachat de logements squatt\u00e9s et de parts indivises","publisher":{"@id":"https:\/\/squatsolutions.com\/ch\/#organization"},"potentialAction":[{"@type":"SearchAction","target":{"@type":"EntryPoint","urlTemplate":"https:\/\/squatsolutions.com\/ch\/?s={search_term_string}"},"query-input":{"@type":"PropertyValueSpecification","valueRequired":true,"valueName":"search_term_string"}}],"inLanguage":"fr-CH"},{"@type":"Organization","@id":"https:\/\/squatsolutions.com\/ch\/#organization","name":"Squat Solutions","url":"https:\/\/squatsolutions.com\/ch\/","logo":{"@type":"ImageObject","inLanguage":"fr-CH","@id":"https:\/\/squatsolutions.com\/ch\/#\/schema\/logo\/image\/","url":"https:\/\/squatsolutions.com\/wp-content\/uploads\/2019\/03\/logo-squatsolutions.png","contentUrl":"https:\/\/squatsolutions.com\/wp-content\/uploads\/2019\/03\/logo-squatsolutions.png","width":558,"height":214,"caption":"Squat Solutions"},"image":{"@id":"https:\/\/squatsolutions.com\/ch\/#\/schema\/logo\/image\/"}}]}},"_links":{"self":[{"href":"https:\/\/squatsolutions.com\/ch\/wp-json\/wp\/v2\/pages\/8760","targetHints":{"allow":["GET"]}}],"collection":[{"href":"https:\/\/squatsolutions.com\/ch\/wp-json\/wp\/v2\/pages"}],"about":[{"href":"https:\/\/squatsolutions.com\/ch\/wp-json\/wp\/v2\/types\/page"}],"author":[{"embeddable":true,"href":"https:\/\/squatsolutions.com\/ch\/wp-json\/wp\/v2\/users\/1"}],"replies":[{"embeddable":true,"href":"https:\/\/squatsolutions.com\/ch\/wp-json\/wp\/v2\/comments?post=8760"}],"version-history":[{"count":4,"href":"https:\/\/squatsolutions.com\/ch\/wp-json\/wp\/v2\/pages\/8760\/revisions"}],"predecessor-version":[{"id":9747,"href":"https:\/\/squatsolutions.com\/ch\/wp-json\/wp\/v2\/pages\/8760\/revisions\/9747"}],"wp:attachment":[{"href":"https:\/\/squatsolutions.com\/ch\/wp-json\/wp\/v2\/media?parent=8760"}],"curies":[{"name":"wp","href":"https:\/\/api.w.org\/{rel}","templated":true}]}}