{"id":8785,"date":"2018-11-05T08:56:15","date_gmt":"2018-11-05T07:56:15","guid":{"rendered":"https:\/\/squatsolutions.com\/genealogistes-successoraux\/"},"modified":"2025-11-27T15:16:48","modified_gmt":"2025-11-27T14:16:48","slug":"genealogistes-successoraux","status":"publish","type":"page","link":"https:\/\/squatsolutions.com\/ch\/genealogistes-successoraux\/","title":{"rendered":"G\u00e9n\u00e9alogistes successoraux"},"content":{"rendered":"\n<h2 class=\"gb-headline gb-headline-b0925d46 gb-headline-text\">Squat Solutions sollicite les g\u00e9n\u00e9alogistes successoraux afin qu&#8217;ils identifient les ayants droit de propri\u00e9taires d\u00e9c\u00e9d\u00e9s dont la r\u00e9sidence est squatt\u00e9e.<\/h2>\n\n\n<div class=\"gb-grid-wrapper gb-grid-wrapper-0b65204d\">\n<div class=\"gb-grid-column gb-grid-column-85462e8c\"><div class=\"gb-container gb-container-85462e8c\"><div class=\"gb-inside-container\">\n\n<p>Lorsque nous sommes inform\u00e9s de l&#8217;existence d&#8217;un squat par l&#8217;un de nos partenaires, nous proc\u00e9dons \u00e0 une recherche fonci\u00e8re pour conna\u00eetre l&#8217;identit\u00e9 du propri\u00e9taire. Malheureusement, bien souvent les propri\u00e9taires sont d\u00e9c\u00e9d\u00e9s. Nous faisons alors appel \u00e0 un g\u00e9n\u00e9alogiste successoral pour qu&#8217;il retrouve les h\u00e9ritiers de ce bien.<\/p>\n\n\n\n<p>Par ailleurs, les g\u00e9n\u00e9alogistes en charge d&#8217;une succession sont parfois confront\u00e9s aux situations complexes dont Squat Solutions a fait sa sp\u00e9cialit\u00e9 : un bien squatt\u00e9. Dans ce cas, les h\u00e9ritiers repr\u00e9sent\u00e9s par le g\u00e9n\u00e9alogiste font parfois appel \u00e0 nous pour un r\u00e8glement plus rapide de la succession.<\/p>\n\n<\/div><\/div><\/div>\n\n<div class=\"gb-grid-column gb-grid-column-d9c94543\"><div class=\"gb-container gb-container-d9c94543\"><div class=\"gb-inside-container\">\n\n<h4 class=\"gb-headline gb-headline-540b9ddc\"><span class=\"gb-icon\"><svg viewBox=\"0 0 512 512\" xmlns=\"http:\/\/www.w3.org\/2000\/svg\"><path d=\"M416 208c0 45.9-14.9 88.3-40 122.7L502.6 457.4c12.5 12.5 12.5 32.8 0 45.3s-32.8 12.5-45.3 0L330.7 376c-34.4 25.2-76.8 40-122.7 40C93.1 416 0 322.9 0 208S93.1 0 208 0S416 93.1 416 208zM208 352c79.5 0 144-64.5 144-144s-64.5-144-144-144S64 128.5 64 208s64.5 144 144 144z\"><\/path><\/svg><\/span><span class=\"gb-headline-text\">Recherche d&#8217;h\u00e9ritiers<\/span><\/h4>\n\n\n\n<p>Les g\u00e9n\u00e9alogistes successoraux mettent en \u0153uvre tous les moyens humains et mat\u00e9riels \u00e0 leur disposition pour parvenir \u00e0 retrouver les h\u00e9ritiers. Le moindre indice peut \u00eatre utile, comme un livret de famille, un nom ou m\u00eame une adresse pour d\u00e9buter les investigations. Gr\u00e2ce aux recherches sur le terrain et dans les diff\u00e9rentes archives, les g\u00e9n\u00e9alogistes successoraux dressent un tableau g\u00e9n\u00e9alogique afin de ne pas \u00e9vincer d\u2019h\u00e9ritier.<\/p>\n\n<\/div><\/div><\/div>\n<\/div>","protected":false},"excerpt":{"rendered":"<p>Squat Solutions sollicite les g\u00e9n\u00e9alogistes successoraux afin qu&#8217;ils identifient les ayants droit de propri\u00e9taires d\u00e9c\u00e9d\u00e9s dont la r\u00e9sidence est squatt\u00e9e.<\/p>\n","protected":false},"author":1,"featured_media":0,"parent":0,"menu_order":13,"comment_status":"closed","ping_status":"closed","template":"","meta":{"footnotes":""},"class_list":["post-8785","page","type-page","status-publish"],"yoast_head":"<!-- This site is optimized with the Yoast SEO plugin v27.3 - https:\/\/yoast.com\/product\/yoast-seo-wordpress\/ -->\n<title>G\u00e9n\u00e9alogistes successoraux | Squat Solutions<\/title>\n<meta name=\"description\" content=\"Squat Solutions sollicite les g\u00e9n\u00e9alogistes successoraux afin qu&#039;ils identifient les ayants droit de propri\u00e9taires d\u00e9c\u00e9d\u00e9s dont la r\u00e9sidence est squatt\u00e9e.\" \/>\n<meta name=\"robots\" content=\"index, follow, max-snippet:-1, max-image-preview:large, max-video-preview:-1\" \/>\n<link rel=\"canonical\" href=\"https:\/\/squatsolutions.com\/ch\/genealogistes-successoraux\/\" \/>\n<meta property=\"og:locale\" content=\"fr_FR\" \/>\n<meta property=\"og:type\" content=\"article\" \/>\n<meta property=\"og:title\" content=\"G\u00e9n\u00e9alogistes successoraux | Squat Solutions\" \/>\n<meta property=\"og:description\" content=\"Squat Solutions sollicite les g\u00e9n\u00e9alogistes successoraux afin qu&#039;ils identifient les ayants droit de propri\u00e9taires d\u00e9c\u00e9d\u00e9s dont la r\u00e9sidence est squatt\u00e9e.\" \/>\n<meta property=\"og:url\" content=\"https:\/\/squatsolutions.com\/ch\/genealogistes-successoraux\/\" \/>\n<meta property=\"og:site_name\" content=\"Squat solutions\" \/>\n<meta property=\"article:modified_time\" content=\"2025-11-27T14:16:48+00:00\" \/>\n<meta name=\"twitter:card\" content=\"summary_large_image\" \/>\n<meta name=\"twitter:label1\" content=\"Est. reading time\" \/>\n\t<meta name=\"twitter:data1\" content=\"1 minute\" \/>\n<!-- \/ Yoast SEO plugin. -->","yoast_head_json":{"title":"G\u00e9n\u00e9alogistes successoraux | Squat Solutions","description":"Squat Solutions sollicite les g\u00e9n\u00e9alogistes successoraux afin qu'ils identifient les ayants droit de propri\u00e9taires d\u00e9c\u00e9d\u00e9s dont la r\u00e9sidence est squatt\u00e9e.","robots":{"index":"index","follow":"follow","max-snippet":"max-snippet:-1","max-image-preview":"max-image-preview:large","max-video-preview":"max-video-preview:-1"},"canonical":"https:\/\/squatsolutions.com\/ch\/genealogistes-successoraux\/","og_locale":"fr_FR","og_type":"article","og_title":"G\u00e9n\u00e9alogistes successoraux | Squat Solutions","og_description":"Squat Solutions sollicite les g\u00e9n\u00e9alogistes successoraux afin qu'ils identifient les ayants droit de propri\u00e9taires d\u00e9c\u00e9d\u00e9s dont la r\u00e9sidence est squatt\u00e9e.","og_url":"https:\/\/squatsolutions.com\/ch\/genealogistes-successoraux\/","og_site_name":"Squat solutions","article_modified_time":"2025-11-27T14:16:48+00:00","twitter_card":"summary_large_image","twitter_misc":{"Est. reading time":"1 minute"},"schema":{"@context":"https:\/\/schema.org","@graph":[{"@type":"WebPage","@id":"https:\/\/squatsolutions.com\/ch\/genealogistes-successoraux\/","url":"https:\/\/squatsolutions.com\/ch\/genealogistes-successoraux\/","name":"G\u00e9n\u00e9alogistes successoraux | Squat Solutions","isPartOf":{"@id":"https:\/\/squatsolutions.com\/ch\/#website"},"datePublished":"2018-11-05T07:56:15+00:00","dateModified":"2025-11-27T14:16:48+00:00","description":"Squat Solutions sollicite les g\u00e9n\u00e9alogistes successoraux afin qu'ils identifient les ayants droit de propri\u00e9taires d\u00e9c\u00e9d\u00e9s dont la r\u00e9sidence est squatt\u00e9e.","breadcrumb":{"@id":"https:\/\/squatsolutions.com\/ch\/genealogistes-successoraux\/#breadcrumb"},"inLanguage":"fr-CH","potentialAction":[{"@type":"ReadAction","target":["https:\/\/squatsolutions.com\/ch\/genealogistes-successoraux\/"]}]},{"@type":"BreadcrumbList","@id":"https:\/\/squatsolutions.com\/ch\/genealogistes-successoraux\/#breadcrumb","itemListElement":[{"@type":"ListItem","position":1,"name":"Accueil","item":"https:\/\/squatsolutions.com\/ch\/"},{"@type":"ListItem","position":2,"name":"G\u00e9n\u00e9alogistes successoraux"}]},{"@type":"WebSite","@id":"https:\/\/squatsolutions.com\/ch\/#website","url":"https:\/\/squatsolutions.com\/ch\/","name":"Squat Solutions","description":"Rachat de logements squatt\u00e9s et de parts indivises","publisher":{"@id":"https:\/\/squatsolutions.com\/ch\/#organization"},"potentialAction":[{"@type":"SearchAction","target":{"@type":"EntryPoint","urlTemplate":"https:\/\/squatsolutions.com\/ch\/?s={search_term_string}"},"query-input":{"@type":"PropertyValueSpecification","valueRequired":true,"valueName":"search_term_string"}}],"inLanguage":"fr-CH"},{"@type":"Organization","@id":"https:\/\/squatsolutions.com\/ch\/#organization","name":"Squat Solutions","url":"https:\/\/squatsolutions.com\/ch\/","logo":{"@type":"ImageObject","inLanguage":"fr-CH","@id":"https:\/\/squatsolutions.com\/ch\/#\/schema\/logo\/image\/","url":"https:\/\/squatsolutions.com\/wp-content\/uploads\/2019\/03\/logo-squatsolutions.png","contentUrl":"https:\/\/squatsolutions.com\/wp-content\/uploads\/2019\/03\/logo-squatsolutions.png","width":558,"height":214,"caption":"Squat Solutions"},"image":{"@id":"https:\/\/squatsolutions.com\/ch\/#\/schema\/logo\/image\/"}}]}},"_links":{"self":[{"href":"https:\/\/squatsolutions.com\/ch\/wp-json\/wp\/v2\/pages\/8785","targetHints":{"allow":["GET"]}}],"collection":[{"href":"https:\/\/squatsolutions.com\/ch\/wp-json\/wp\/v2\/pages"}],"about":[{"href":"https:\/\/squatsolutions.com\/ch\/wp-json\/wp\/v2\/types\/page"}],"author":[{"embeddable":true,"href":"https:\/\/squatsolutions.com\/ch\/wp-json\/wp\/v2\/users\/1"}],"replies":[{"embeddable":true,"href":"https:\/\/squatsolutions.com\/ch\/wp-json\/wp\/v2\/comments?post=8785"}],"version-history":[{"count":1,"href":"https:\/\/squatsolutions.com\/ch\/wp-json\/wp\/v2\/pages\/8785\/revisions"}],"predecessor-version":[{"id":8888,"href":"https:\/\/squatsolutions.com\/ch\/wp-json\/wp\/v2\/pages\/8785\/revisions\/8888"}],"wp:attachment":[{"href":"https:\/\/squatsolutions.com\/ch\/wp-json\/wp\/v2\/media?parent=8785"}],"curies":[{"name":"wp","href":"https:\/\/api.w.org\/{rel}","templated":true}]}}