{"id":8759,"date":"2020-12-10T10:43:39","date_gmt":"2020-12-10T09:43:39","guid":{"rendered":"https:\/\/squatsolutions.com\/occupant-sans-droit-ni-titre-proceder-a-une-expulsion\/"},"modified":"2026-03-16T18:16:48","modified_gmt":"2026-03-16T17:16:48","slug":"occupant-sans-droit-ni-titre-proceder-a-une-expulsion","status":"publish","type":"page","link":"https:\/\/squatsolutions.com\/lu\/occupant-sans-droit-ni-titre-proceder-a-une-expulsion\/","title":{"rendered":"Expulsion d\u2019un locataire sans droit ni titre au Luxembourg: d\u00e9finition et explications"},"content":{"rendered":"\n<div class=\"gb-element-2511702e\">\n<div>\n<p>Un locataire sans droit ni titre est une personne qui occupe un logement sans contrat de location valable, ou qui reste dans le logement apr\u00e8s la fin du bail sans l\u2019accord du propri\u00e9taire. Cette situation peut \u00e9galement concerner des squatteurs, qui occupent un bien sans aucun droit l\u00e9gal.<\/p>\n\n\n\n<p>Au Luxembourg, l\u2019expulsion d\u2019un locataire sans droit ni titre repose sur une <a href=\"https:\/\/squatsolutions.com\/lu\/recours-judiciaire\/\">proc\u00e9dure judiciaire<\/a>. Le propri\u00e9taire ne peut pas expulser lui-m\u00eame l\u2019occupant sans d\u00e9cision de justice.<\/p>\n\n\n\n<p>Pour engager l\u2019expulsion, le propri\u00e9taire doit saisir le juge de paix comp\u00e9tent en mati\u00e8re de litiges locatifs ou d\u2019occupation sans droit ni titre. Lors de la proc\u00e9dure, le propri\u00e9taire doit prouver que l\u2019occupant n\u2019a aucun titre l\u00e9gal pour rester dans le logement.<\/p>\n\n\n\n<p>Le juge peut alors rendre une ordonnance d\u2019expulsion, qui constitue un titre ex\u00e9cutoire permettant \u00e0 un huissier de justice de proc\u00e9der \u00e0 l\u2019expulsion forc\u00e9e de l\u2019occupant, avec l\u2019aide \u00e9ventuelle de la police.<\/p>\n\n\n\n<h2 class=\"wp-block-heading\">Que risque un propri\u00e9taire qui veut expulser&nbsp; un occupant sans droit ni titre au Luxembourg ?<\/h2>\n\n\n\n<p>Au Luxembourg, la loi est stricte : un propri\u00e9taire <strong>ne peut pas proc\u00e9der lui-m\u00eame \u00e0 une expulsion forc\u00e9e<\/strong> d\u2019un occupant sans droit ni titre, m\u00eame s\u2019il s\u2019agit d\u2019un squatteur ou d\u2019un locataire ill\u00e9gal. Toute expulsion doit \u00eatre autoris\u00e9e et ordonn\u00e9e par un juge.<\/p>\n\n\n\n<p>Si un propri\u00e9taire tente d\u2019expulser un occupant sans respecter la proc\u00e9dure judiciaire, il s\u2019expose \u00e0 plusieurs risques :<\/p>\n\n\n\n<div class=\"gb-accordion\">\n<div class=\"gb-accordion__item accordeon-item\">\n<div role=\"button\" tabindex=\"0\" class=\"gb-accordion__toggle gb-accordion__toggle-89565ac7\" id=\"gb-accordion-toggle-89565ac7\">\n<h3 class=\"gb-text titre-accordeon\">Sanctions p\u00e9nales&nbsp;<\/h3>\n\n\n\n<span class=\"gb-accordion__toggle-icon gb-accordion__toggle-icon-a3451af5\"><span class=\"gb-accordion__toggle-icon-open\"><svg aria-hidden=\"true\" viewBox=\"0 0 256 256\"><rect width=\"256\" height=\"256\" fill=\"none\"><\/rect><polyline points=\"208 96 128 176 48 96\" fill=\"none\" stroke=\"currentColor\" stroke-linecap=\"round\" stroke-linejoin=\"round\" stroke-width=\"16\"><\/polyline><\/svg><\/span><span class=\"gb-accordion__toggle-icon-close\"><svg aria-hidden=\"true\" viewBox=\"0 0 256 256\"><rect width=\"256\" height=\"256\" fill=\"none\"><\/rect><polyline points=\"48 160 128 80 208 160\" fill=\"none\" stroke=\"currentColor\" stroke-linecap=\"round\" stroke-linejoin=\"round\" stroke-width=\"16\"><\/polyline><\/svg><\/span><\/span>\n<\/div>\n\n\n\n<div class=\"gb-accordion__content\" id=\"gb-accordion-content-9404a934\">\n<div class=\"gb-element-34d43927\">\n<p>L\u2019expulsion sans titre judiciaire est consid\u00e9r\u00e9e comme une <strong>expulsion ill\u00e9gale<\/strong> ou une forme de violation de domicile. Le propri\u00e9taire peut alors \u00eatre poursuivi p\u00e9nalement pour ces faits, avec des risques d\u2019amendes voire de peines plus s\u00e9v\u00e8res selon la gravit\u00e9 de l\u2019action.<\/p>\n<\/div>\n<\/div>\n<\/div>\n\n\n\n<div class=\"gb-accordion__item accordeon-item\">\n<div role=\"button\" tabindex=\"0\" class=\"gb-accordion__toggle gb-accordion__toggle-c2d7b850\" id=\"gb-accordion-toggle-c2d7b850\">\n<h3 class=\"gb-text titre-accordeon\">Responsabilit\u00e9 civile<\/h3>\n\n\n\n<span class=\"gb-accordion__toggle-icon gb-accordion__toggle-icon-cd9d294b\"><span class=\"gb-accordion__toggle-icon-open\"><svg aria-hidden=\"true\" viewBox=\"0 0 256 256\"><rect width=\"256\" height=\"256\" fill=\"none\"><\/rect><polyline points=\"208 96 128 176 48 96\" fill=\"none\" stroke=\"currentColor\" stroke-linecap=\"round\" stroke-linejoin=\"round\" stroke-width=\"16\"><\/polyline><\/svg><\/span><span class=\"gb-accordion__toggle-icon-close\"><svg aria-hidden=\"true\" viewBox=\"0 0 256 256\"><rect width=\"256\" height=\"256\" fill=\"none\"><\/rect><polyline points=\"48 160 128 80 208 160\" fill=\"none\" stroke=\"currentColor\" stroke-linecap=\"round\" stroke-linejoin=\"round\" stroke-width=\"16\"><\/polyline><\/svg><\/span><\/span>\n<\/div>\n\n\n\n<div class=\"gb-accordion__content\" id=\"gb-accordion-content-eafc8c33\">\n<div class=\"gb-element-d9892532\">\n<p>L\u2019occupant expuls\u00e9 de mani\u00e8re ill\u00e9gale peut engager la responsabilit\u00e9 civile du propri\u00e9taire et demander des dommages et int\u00e9r\u00eats pour les pr\u00e9judices subis (mat\u00e9riels, moraux ou physiques).<\/p>\n<\/div>\n<\/div>\n<\/div>\n\n\n\n<div class=\"gb-accordion__item accordeon-item\">\n<div role=\"button\" tabindex=\"0\" class=\"gb-accordion__toggle gb-accordion__toggle-e6848fe8\" id=\"gb-accordion-toggle-e6848fe8\">\n<h3 class=\"gb-text titre-accordeon\">Invalidit\u00e9 de l\u2019expulsion<\/h3>\n\n\n\n<span class=\"gb-accordion__toggle-icon gb-accordion__toggle-icon-440cec84\"><span class=\"gb-accordion__toggle-icon-open\"><svg aria-hidden=\"true\" viewBox=\"0 0 256 256\"><rect width=\"256\" height=\"256\" fill=\"none\"><\/rect><polyline points=\"208 96 128 176 48 96\" fill=\"none\" stroke=\"currentColor\" stroke-linecap=\"round\" stroke-linejoin=\"round\" stroke-width=\"16\"><\/polyline><\/svg><\/span><span class=\"gb-accordion__toggle-icon-close\"><svg aria-hidden=\"true\" viewBox=\"0 0 256 256\"><rect width=\"256\" height=\"256\" fill=\"none\"><\/rect><polyline points=\"48 160 128 80 208 160\" fill=\"none\" stroke=\"currentColor\" stroke-linecap=\"round\" stroke-linejoin=\"round\" stroke-width=\"16\"><\/polyline><\/svg><\/span><\/span>\n<\/div>\n\n\n\n<div class=\"gb-accordion__content\" id=\"gb-accordion-content-e03db568\">\n<div class=\"gb-element-33d7a7d5\">\n<p>Une expulsion effectu\u00e9e sans d\u00e9cision judiciaire est consid\u00e9r\u00e9e comme nulle et non avenue. L\u2019occupant peut l\u00e9galement revenir dans les lieux, ce qui complique davantage la situation du propri\u00e9taire.<\/p>\n<\/div>\n<\/div>\n<\/div>\n<\/div>\n\n\n\n<h2 class=\"gb-text gb-text-4749eb99\">Que peut faire un propri\u00e9taire pour expulser&nbsp; un occupant sans droit ni titre au Luxembourg ?<\/h2>\n\n\n\n<p>Voici ce qu\u2019un propri\u00e9taire peut faire pour expulser un occupant sans droit ni titre au Luxembourg, dans le respect de la proc\u00e9dure l\u00e9gale :<\/p>\n\n\n\n<div class=\"gb-accordion\">\n<div class=\"gb-accordion__item accordeon-item\">\n<div role=\"button\" tabindex=\"0\" class=\"gb-accordion__toggle gb-accordion__toggle-c896cfa9\" id=\"gb-accordion-toggle-c896cfa9\">\n<h3 class=\"gb-text titre-accordeon\">Rassembler des preuves solides<\/h3>\n\n\n\n<span class=\"gb-accordion__toggle-icon gb-accordion__toggle-icon-dd3adf91\"><span class=\"gb-accordion__toggle-icon-open\"><svg aria-hidden=\"true\" viewBox=\"0 0 256 256\"><rect width=\"256\" height=\"256\" fill=\"none\"><\/rect><polyline points=\"208 96 128 176 48 96\" fill=\"none\" stroke=\"currentColor\" stroke-linecap=\"round\" stroke-linejoin=\"round\" stroke-width=\"16\"><\/polyline><\/svg><\/span><span class=\"gb-accordion__toggle-icon-close\"><svg aria-hidden=\"true\" viewBox=\"0 0 256 256\"><rect width=\"256\" height=\"256\" fill=\"none\"><\/rect><polyline points=\"48 160 128 80 208 160\" fill=\"none\" stroke=\"currentColor\" stroke-linecap=\"round\" stroke-linejoin=\"round\" stroke-width=\"16\"><\/polyline><\/svg><\/span><\/span>\n<\/div>\n\n\n\n<div class=\"gb-accordion__content\" id=\"gb-accordion-content-b7ddac98\">\n<div class=\"gb-element-4e51a37b\">\n<p>Le propri\u00e9taire doit documenter l\u2019occupation ill\u00e9gale : photos, constats d\u2019huissier, t\u00e9moignages, preuves de l\u2019absence de contrat de location ou de droit d\u2019occupation.<\/p>\n<\/div>\n<\/div>\n<\/div>\n\n\n\n<div class=\"gb-accordion__item accordeon-item\">\n<div role=\"button\" tabindex=\"0\" class=\"gb-accordion__toggle gb-accordion__toggle-c328c417\" id=\"gb-accordion-toggle-c328c417\">\n<h3 class=\"gb-text titre-accordeon\">D\u00e9poser une plainte (non obligatoire)<\/h3>\n\n\n\n<span class=\"gb-accordion__toggle-icon gb-accordion__toggle-icon-c7216030\"><span class=\"gb-accordion__toggle-icon-open\"><svg aria-hidden=\"true\" viewBox=\"0 0 256 256\"><rect width=\"256\" height=\"256\" fill=\"none\"><\/rect><polyline points=\"208 96 128 176 48 96\" fill=\"none\" stroke=\"currentColor\" stroke-linecap=\"round\" stroke-linejoin=\"round\" stroke-width=\"16\"><\/polyline><\/svg><\/span><span class=\"gb-accordion__toggle-icon-close\"><svg aria-hidden=\"true\" viewBox=\"0 0 256 256\"><rect width=\"256\" height=\"256\" fill=\"none\"><\/rect><polyline points=\"48 160 128 80 208 160\" fill=\"none\" stroke=\"currentColor\" stroke-linecap=\"round\" stroke-linejoin=\"round\" stroke-width=\"16\"><\/polyline><\/svg><\/span><\/span>\n<\/div>\n\n\n\n<div class=\"gb-accordion__content\" id=\"gb-accordion-content-8daecc5b\">\n<div class=\"gb-element-b828fada\">\n<p>Il est conseill\u00e9 de signaler l\u2019occupation ill\u00e9gale \u00e0 la police, m\u00eame si celle-ci ne peut pas proc\u00e9der \u00e0 une expulsion sans intervention judiciaire.<\/p>\n<\/div>\n<\/div>\n<\/div>\n\n\n\n<div class=\"gb-accordion__item accordeon-item\">\n<div role=\"button\" tabindex=\"0\" class=\"gb-accordion__toggle gb-accordion__toggle-3c5fd468\" id=\"gb-accordion-toggle-3c5fd468\">\n<h3 class=\"gb-text titre-accordeon\">Saisir le juge de paix<\/h3>\n\n\n\n<span class=\"gb-accordion__toggle-icon gb-accordion__toggle-icon-2ba4f331\"><span class=\"gb-accordion__toggle-icon-open\"><svg aria-hidden=\"true\" viewBox=\"0 0 256 256\"><rect width=\"256\" height=\"256\" fill=\"none\"><\/rect><polyline points=\"208 96 128 176 48 96\" fill=\"none\" stroke=\"currentColor\" stroke-linecap=\"round\" stroke-linejoin=\"round\" stroke-width=\"16\"><\/polyline><\/svg><\/span><span class=\"gb-accordion__toggle-icon-close\"><svg aria-hidden=\"true\" viewBox=\"0 0 256 256\"><rect width=\"256\" height=\"256\" fill=\"none\"><\/rect><polyline points=\"48 160 128 80 208 160\" fill=\"none\" stroke=\"currentColor\" stroke-linecap=\"round\" stroke-linejoin=\"round\" stroke-width=\"16\"><\/polyline><\/svg><\/span><\/span>\n<\/div>\n\n\n\n<div class=\"gb-accordion__content\" id=\"gb-accordion-content-2d13ebcf\">\n<div class=\"gb-element-ef223bcb\">\n<p>Le propri\u00e9taire engage une proc\u00e9dure judiciaire en d\u00e9posant une requ\u00eate ou une citation aupr\u00e8s du juge de paix, comp\u00e9tent pour les litiges relatifs \u00e0 l\u2019occupation sans droit ni titre. Cette \u00e9tape est obligatoire pour obtenir une ordonnance d\u2019expulsion.<\/p>\n<\/div>\n<\/div>\n<\/div>\n\n\n\n<div class=\"gb-accordion__item accordeon-item\">\n<div role=\"button\" tabindex=\"0\" class=\"gb-accordion__toggle gb-accordion__toggle-8c9b93d0\" id=\"gb-accordion-toggle-8c9b93d0\">\n<h3 class=\"gb-text titre-accordeon\">Obtenir une ordonnance d\u2019expulsion<\/h3>\n\n\n\n<span class=\"gb-accordion__toggle-icon gb-accordion__toggle-icon-8de1d304\"><span class=\"gb-accordion__toggle-icon-open\"><svg aria-hidden=\"true\" viewBox=\"0 0 256 256\"><rect width=\"256\" height=\"256\" fill=\"none\"><\/rect><polyline points=\"208 96 128 176 48 96\" fill=\"none\" stroke=\"currentColor\" stroke-linecap=\"round\" stroke-linejoin=\"round\" stroke-width=\"16\"><\/polyline><\/svg><\/span><span class=\"gb-accordion__toggle-icon-close\"><svg aria-hidden=\"true\" viewBox=\"0 0 256 256\"><rect width=\"256\" height=\"256\" fill=\"none\"><\/rect><polyline points=\"48 160 128 80 208 160\" fill=\"none\" stroke=\"currentColor\" stroke-linecap=\"round\" stroke-linejoin=\"round\" stroke-width=\"16\"><\/polyline><\/svg><\/span><\/span>\n<\/div>\n\n\n\n<div class=\"gb-accordion__content\" id=\"gb-accordion-content-be640eaa\">\n<div class=\"gb-element-5a755ecf\">\n<p>Le juge de paix examine le dossier et peut rendre une d\u00e9cision ordonnant l\u2019expulsion de l\u2019occupant ill\u00e9gal. Cette ordonnance est un titre ex\u00e9cutoire.<\/p>\n<\/div>\n<\/div>\n<\/div>\n\n\n\n<div class=\"gb-accordion__item accordeon-item\">\n<div role=\"button\" tabindex=\"0\" class=\"gb-accordion__toggle gb-accordion__toggle-a8818045\" id=\"gb-accordion-toggle-a8818045\">\n<h3 class=\"gb-text titre-accordeon\">Vendre le bien squatt\u00e9 avec les occupants sans droit ni titre<\/h3>\n\n\n\n<span class=\"gb-accordion__toggle-icon gb-accordion__toggle-icon-298432d8\"><span class=\"gb-accordion__toggle-icon-open\"><svg aria-hidden=\"true\" viewBox=\"0 0 256 256\"><rect width=\"256\" height=\"256\" fill=\"none\"><\/rect><polyline points=\"208 96 128 176 48 96\" fill=\"none\" stroke=\"currentColor\" stroke-linecap=\"round\" stroke-linejoin=\"round\" stroke-width=\"16\"><\/polyline><\/svg><\/span><span class=\"gb-accordion__toggle-icon-close\"><svg aria-hidden=\"true\" viewBox=\"0 0 256 256\"><rect width=\"256\" height=\"256\" fill=\"none\"><\/rect><polyline points=\"48 160 128 80 208 160\" fill=\"none\" stroke=\"currentColor\" stroke-linecap=\"round\" stroke-linejoin=\"round\" stroke-width=\"16\"><\/polyline><\/svg><\/span><\/span>\n<\/div>\n\n\n\n<div class=\"gb-accordion__content\" id=\"gb-accordion-content-4275b267\">\n<div class=\"gb-element-97a892d8\">\n<p>Les propri\u00e9taires luxembourgeois qui ne souhaitent pas attendre une d\u00e9cision judiciaire pour se <a href=\"https:\/\/squatsolutions.com\/lu\/rachat-de-biens-squattes\/\">d\u00e9barrasser des squatteurs peuvent vendre le bien squatt\u00e9<\/a> \u00e0 Squat Solutions. De cette mani\u00e8re, ils se d\u00e9gagent de toute responsabilit\u00e9 et r\u00e9cup\u00e8rent des liquidit\u00e9s rapidement.&nbsp;<\/p>\n<\/div>\n<\/div>\n<\/div>\n<\/div>\n<\/div>\n\n\n\n<div class=\"gb-element-ba396e77\">\n<div class=\"pipedriveWebForms\" data-pd-webforms=\"https:\/\/webforms.pipedrive.com\/f\/bXvxyr4TQbGQl93UkkQgBfalsTnC07kJ28fCqChotSlx3WANWa28dLHqBZejdvG0Uz\"><script src=\"https:\/\/webforms.pipedrive.com\/f\/loader\"><\/script><\/div>\n<\/div>\n<\/div>\n","protected":false},"excerpt":{"rendered":"<p>Un locataire sans droit ni titre est une personne qui occupe un logement sans contrat de location valable, ou qui reste dans le logement apr\u00e8s la fin du bail sans l\u2019accord du propri\u00e9taire. Cette situation peut \u00e9galement concerner des squatteurs, qui occupent un bien sans aucun droit l\u00e9gal. Au Luxembourg, l\u2019expulsion d\u2019un locataire sans droit &#8230; <a title=\"Expulsion d\u2019un locataire sans droit ni titre au Luxembourg: d\u00e9finition et explications\" class=\"read-more\" href=\"https:\/\/squatsolutions.com\/lu\/occupant-sans-droit-ni-titre-proceder-a-une-expulsion\/\" aria-label=\"Read more about Expulsion d\u2019un locataire sans droit ni titre au Luxembourg: d\u00e9finition et explications\">Read more<\/a><\/p>\n","protected":false},"author":1,"featured_media":0,"parent":0,"menu_order":18,"comment_status":"closed","ping_status":"closed","template":"","meta":{"footnotes":""},"class_list":["post-8759","page","type-page","status-publish"],"yoast_head":"<!-- This site is optimized with the Yoast SEO plugin v27.3 - https:\/\/yoast.com\/product\/yoast-seo-wordpress\/ -->\n<title>Expulsion d\u2019un locataire sans droit ni titre au Luxembourg<\/title>\n<meta name=\"description\" content=\"Comprendre comment se d\u00e9roule l\u2019expulsion d\u2019un locataire sans droit ni titre au Luxembourg.\" \/>\n<meta name=\"robots\" content=\"index, follow, max-snippet:-1, max-image-preview:large, max-video-preview:-1\" \/>\n<link rel=\"canonical\" href=\"https:\/\/squatsolutions.com\/lu\/occupant-sans-droit-ni-titre-proceder-a-une-expulsion\/\" \/>\n<meta property=\"og:locale\" content=\"fr_FR\" \/>\n<meta property=\"og:type\" content=\"article\" \/>\n<meta property=\"og:title\" content=\"Expulsion d\u2019un locataire sans droit ni titre au Luxembourg\" \/>\n<meta property=\"og:description\" content=\"Comprendre comment se d\u00e9roule l\u2019expulsion d\u2019un locataire sans droit ni titre au Luxembourg.\" \/>\n<meta property=\"og:url\" content=\"https:\/\/squatsolutions.com\/lu\/occupant-sans-droit-ni-titre-proceder-a-une-expulsion\/\" \/>\n<meta property=\"og:site_name\" content=\"Squat solutions\" \/>\n<meta property=\"article:modified_time\" content=\"2026-03-16T17:16:48+00:00\" \/>\n<meta name=\"twitter:card\" content=\"summary_large_image\" \/>\n<!-- \/ Yoast SEO plugin. -->","yoast_head_json":{"title":"Expulsion d\u2019un locataire sans droit ni titre au Luxembourg","description":"Comprendre comment se d\u00e9roule l\u2019expulsion d\u2019un locataire sans droit ni titre au Luxembourg.","robots":{"index":"index","follow":"follow","max-snippet":"max-snippet:-1","max-image-preview":"max-image-preview:large","max-video-preview":"max-video-preview:-1"},"canonical":"https:\/\/squatsolutions.com\/lu\/occupant-sans-droit-ni-titre-proceder-a-une-expulsion\/","og_locale":"fr_FR","og_type":"article","og_title":"Expulsion d\u2019un locataire sans droit ni titre au Luxembourg","og_description":"Comprendre comment se d\u00e9roule l\u2019expulsion d\u2019un locataire sans droit ni titre au Luxembourg.","og_url":"https:\/\/squatsolutions.com\/lu\/occupant-sans-droit-ni-titre-proceder-a-une-expulsion\/","og_site_name":"Squat solutions","article_modified_time":"2026-03-16T17:16:48+00:00","twitter_card":"summary_large_image","schema":{"@context":"https:\/\/schema.org","@graph":[{"@type":"WebPage","@id":"https:\/\/squatsolutions.com\/lu\/occupant-sans-droit-ni-titre-proceder-a-une-expulsion\/","url":"https:\/\/squatsolutions.com\/lu\/occupant-sans-droit-ni-titre-proceder-a-une-expulsion\/","name":"Expulsion d\u2019un locataire sans droit ni titre au Luxembourg","isPartOf":{"@id":"https:\/\/squatsolutions.com\/lu\/#website"},"datePublished":"2020-12-10T09:43:39+00:00","dateModified":"2026-03-16T17:16:48+00:00","description":"Comprendre comment se d\u00e9roule l\u2019expulsion d\u2019un locataire sans droit ni titre au Luxembourg.","breadcrumb":{"@id":"https:\/\/squatsolutions.com\/lu\/occupant-sans-droit-ni-titre-proceder-a-une-expulsion\/#breadcrumb"},"inLanguage":"fr-LU","potentialAction":[{"@type":"ReadAction","target":["https:\/\/squatsolutions.com\/lu\/occupant-sans-droit-ni-titre-proceder-a-une-expulsion\/"]}]},{"@type":"BreadcrumbList","@id":"https:\/\/squatsolutions.com\/lu\/occupant-sans-droit-ni-titre-proceder-a-une-expulsion\/#breadcrumb","itemListElement":[{"@type":"ListItem","position":1,"name":"Accueil","item":"https:\/\/squatsolutions.com\/lu\/"},{"@type":"ListItem","position":2,"name":"Expulsion d\u2019un locataire sans droit ni titre au Luxembourg: d\u00e9finition et explications"}]},{"@type":"WebSite","@id":"https:\/\/squatsolutions.com\/lu\/#website","url":"https:\/\/squatsolutions.com\/lu\/","name":"Squat Solutions","description":"Rachat de logements squatt\u00e9s et de parts indivises","publisher":{"@id":"https:\/\/squatsolutions.com\/lu\/#organization"},"potentialAction":[{"@type":"SearchAction","target":{"@type":"EntryPoint","urlTemplate":"https:\/\/squatsolutions.com\/lu\/?s={search_term_string}"},"query-input":{"@type":"PropertyValueSpecification","valueRequired":true,"valueName":"search_term_string"}}],"inLanguage":"fr-LU"},{"@type":"Organization","@id":"https:\/\/squatsolutions.com\/lu\/#organization","name":"Squat Solutions","url":"https:\/\/squatsolutions.com\/lu\/","logo":{"@type":"ImageObject","inLanguage":"fr-LU","@id":"https:\/\/squatsolutions.com\/lu\/#\/schema\/logo\/image\/","url":"https:\/\/squatsolutions.com\/wp-content\/uploads\/2019\/03\/logo-squatsolutions.png","contentUrl":"https:\/\/squatsolutions.com\/wp-content\/uploads\/2019\/03\/logo-squatsolutions.png","width":558,"height":214,"caption":"Squat Solutions"},"image":{"@id":"https:\/\/squatsolutions.com\/lu\/#\/schema\/logo\/image\/"}}]}},"_links":{"self":[{"href":"https:\/\/squatsolutions.com\/lu\/wp-json\/wp\/v2\/pages\/8759","targetHints":{"allow":["GET"]}}],"collection":[{"href":"https:\/\/squatsolutions.com\/lu\/wp-json\/wp\/v2\/pages"}],"about":[{"href":"https:\/\/squatsolutions.com\/lu\/wp-json\/wp\/v2\/types\/page"}],"author":[{"embeddable":true,"href":"https:\/\/squatsolutions.com\/lu\/wp-json\/wp\/v2\/users\/1"}],"replies":[{"embeddable":true,"href":"https:\/\/squatsolutions.com\/lu\/wp-json\/wp\/v2\/comments?post=8759"}],"version-history":[{"count":4,"href":"https:\/\/squatsolutions.com\/lu\/wp-json\/wp\/v2\/pages\/8759\/revisions"}],"predecessor-version":[{"id":9746,"href":"https:\/\/squatsolutions.com\/lu\/wp-json\/wp\/v2\/pages\/8759\/revisions\/9746"}],"wp:attachment":[{"href":"https:\/\/squatsolutions.com\/lu\/wp-json\/wp\/v2\/media?parent=8759"}],"curies":[{"name":"wp","href":"https:\/\/api.w.org\/{rel}","templated":true}]}}