{"id":8762,"date":"2018-10-24T10:26:53","date_gmt":"2018-10-24T08:26:53","guid":{"rendered":"https:\/\/squatsolutions.com\/acquisition-biens-immobiliers\/"},"modified":"2018-10-24T10:26:53","modified_gmt":"2018-10-24T08:26:53","slug":"acquisition-biens-immobiliers","status":"publish","type":"page","link":"https:\/\/squatsolutions.com\/lu\/acquisition-biens-immobiliers\/","title":{"rendered":"Qui sommes-nous ?"},"content":{"rendered":"<div class=\"gb-grid-wrapper gb-grid-wrapper-99b1f0aa\">\n<div class=\"gb-grid-column gb-grid-column-d9917fdf\"><div class=\"gb-container gb-container-d9917fdf\"><div class=\"gb-inside-container\">\n\n<h2 class=\"gb-headline gb-headline-1f167ec9 gb-headline-text\">Une \u00e9quipe pluridisciplinaire, efficace et organis\u00e9e pour r\u00e9soudre des situations complexes.<\/h2>\n\n\n\n<p>Nous allons l\u00e0 o\u00f9 personne ne veut aller et assumons pleinement une mission d\u2019acqu\u00e9reur de dossiers immobiliers complexes et probl\u00e9matiques. Notre activit\u00e9 est orient\u00e9e sp\u00e9cifiquement dans le rachat de biens squatt\u00e9s avec les occupants sans droit ni titre.<\/p>\n\n\n\n<p>Nous exer\u00e7ons \u00e0 ce titre un r\u00f4le de facilitateur pour nos nombreux &nbsp;clients lors de la vente de leurs biens plac\u00e9s dans des situations complexes ou probl\u00e9matiques.<\/p>\n\n\n\n<p>Compos\u00e9 aujourd\u2019hui de douze collaborateurs, la soci\u00e9t\u00e9 Squat Solutions a su mettre en place une structure assurant la comp\u00e9tence et la s\u00e9curit\u00e9 juridique n\u00e9cessaires \u00e0 la bonne r\u00e9alisation de nos acquisitions tout en pr\u00e9servant avec d\u00e9termination la protection des int\u00e9r\u00eats de nos clients quels que soient la nature ou le degr\u00e9 de complexit\u00e9 de leur situation.<\/p>\n\n\n\n<p>Chaque situation \u00e9tant unique, Squat Solutions et ses collaborateurs veillent \u00e0 apporter des solutions individualis\u00e9es et adapt\u00e9es aux objectifs convenus et d\u00e9finis.<\/p>\n\n\n\n<p>Notre structure, \u00e0 taille humaine, et la comp\u00e9tence compl\u00e9mentaire de chacun des collaborateurs la composant, assurent une r\u00e9activit\u00e9 et optimisent ainsi le niveau de qualit\u00e9 des missions r\u00e9alis\u00e9es.<\/p>\n\n\n\n<p>R\u00e9actifs et exp\u00e9riment\u00e9s, nos collaborateurs travaillent en liens \u00e9troits avec les meilleurs sp\u00e9cialistes dans chaque domaine. Nous traitons ainsi au quotidien des dossiers tr\u00e8s complexes et proposons une solution juste et efficace aux probl\u00e9matiques de nos clients.<\/p>\n\n<\/div><\/div><\/div>\n\n<div class=\"gb-grid-column gb-grid-column-c23ba831\"><div class=\"gb-container gb-container-c23ba831\"><div class=\"gb-inside-container\">\n<div class=\"gb-grid-wrapper gb-grid-wrapper-cd35fd94\">\n<div class=\"gb-grid-column gb-grid-column-a231abb8\"><div class=\"gb-container gb-container-a231abb8\"><div class=\"gb-inside-container\">\n\n<p class=\"gb-headline gb-headline-43af6abc\"><span class=\"gb-icon\"><svg aria-hidden=\"true\" role=\"img\" height=\"1em\" width=\"1em\" viewBox=\"0 0 640 512\" xmlns=\"http:\/\/www.w3.org\/2000\/svg\"><path fill=\"currentColor\" d=\"M497.941 225.941L286.059 14.059A48 48 0 0 0 252.118 0H48C21.49 0 0 21.49 0 48v204.118a48 48 0 0 0 14.059 33.941l211.882 211.882c18.744 18.745 49.136 18.746 67.882 0l204.118-204.118c18.745-18.745 18.745-49.137 0-67.882zM112 160c-26.51 0-48-21.49-48-48s21.49-48 48-48 48 21.49 48 48-21.49 48-48 48zm513.941 133.823L421.823 497.941c-18.745 18.745-49.137 18.745-67.882 0l-.36-.36L527.64 323.522c16.999-16.999 26.36-39.6 26.36-63.64s-9.362-46.641-26.36-63.64L331.397 0h48.721a48 48 0 0 1 33.941 14.059l211.882 211.882c18.745 18.745 18.745 49.137 0 67.882z\"><\/path><\/svg><\/span><span class=\"gb-headline-text\"><strong>Nos garanties<\/strong><\/span><\/p>\n\n\n\n<p>Nos offres d&#8217;achat sont fiables : nous payons comptant, nos accords sont sans clause suspensive de financement.<\/p>\n\n\n\n<p><a href=\"https:\/\/squatsolutions.com\/nos-garanties\/\" data-type=\"page\" data-id=\"123\">En savoir plus<\/a><\/p>\n\n<\/div><\/div><\/div>\n\n<div class=\"gb-grid-column gb-grid-column-867fc4ca\"><div class=\"gb-container gb-container-867fc4ca\"><div class=\"gb-inside-container\">\n\n<p class=\"gb-headline gb-headline-b1101b54\"><span class=\"gb-icon\"><svg aria-hidden=\"true\" role=\"img\" height=\"1em\" width=\"1em\" viewBox=\"0 0 576 512\" xmlns=\"http:\/\/www.w3.org\/2000\/svg\"><path fill=\"currentColor\" d=\"M576 240c0-23.63-12.95-44.04-32-55.12V32.01C544 23.26 537.02 0 512 0c-7.12 0-14.19 2.38-19.98 7.02l-85.03 68.03C364.28 109.19 310.66 128 256 128H64c-35.35 0-64 28.65-64 64v96c0 35.35 28.65 64 64 64h33.7c-1.39 10.48-2.18 21.14-2.18 32 0 39.77 9.26 77.35 25.56 110.94 5.19 10.69 16.52 17.06 28.4 17.06h74.28c26.05 0 41.69-29.84 25.9-50.56-16.4-21.52-26.15-48.36-26.15-77.44 0-11.11 1.62-21.79 4.41-32H256c54.66 0 108.28 18.81 150.98 52.95l85.03 68.03a32.023 32.023 0 0 0 19.98 7.02c24.92 0 32-22.78 32-32V295.13C563.05 284.04 576 263.63 576 240zm-96 141.42l-33.05-26.44C392.95 311.78 325.12 288 256 288v-96c69.12 0 136.95-23.78 190.95-66.98L480 98.58v282.84z\"><\/path><\/svg><\/span><span class=\"gb-headline-text\"><strong>Nos engagements<\/strong><\/span><\/p>\n\n\n\n<p>Nous choisissons toujours la solution centr\u00e9e sur la discussion et la dimension humaine plut\u00f4t que sur de longues proc\u00e9dures.<\/p>\n\n\n\n<p><a href=\"https:\/\/squatsolutions.com\/nos-garanties\/\" data-type=\"page\" data-id=\"123\">En savoir plus<\/a><\/p>\n\n<\/div><\/div><\/div>\n<\/div>\n\n\n<figure class=\"wp-block-embed is-type-video is-provider-youtube wp-block-embed-youtube wp-embed-aspect-16-9 wp-has-aspect-ratio\"><div class=\"wp-block-embed__wrapper\">\n<iframe loading=\"lazy\" title=\"Reportage France 2 sur Squat Solutions\" width=\"1200\" height=\"675\" src=\"https:\/\/www.youtube.com\/embed\/w9-Go5tGd-E?feature=oembed&#038;enablejsapi=1&#038;origin=https:\/\/squatsolutions.com\" frameborder=\"0\" allow=\"accelerometer; autoplay; clipboard-write; encrypted-media; gyroscope; picture-in-picture\" allowfullscreen><\/iframe>\n<\/div><figcaption class=\"wp-element-caption\"><em>&#8220;Quelles que soient l\u2019injustice ou la col\u00e8re ressenties par mes clients, mon approche avec les occupants sans droit ni titre est toujours mesur\u00e9e et cordiale. Je m\u2019efforce toujours de nouer des relations respectueuses avec chacun de mes interlocuteurs pour cr\u00e9er un climat propice \u00e0 la r\u00e9flexion. Cela permet parfois de faire prendre conscience aux squatteurs de la cons\u00e9quence de leur fait et d\u2019\u00e9viter des conflits ou de longs combats judiciaires qui au final ont toujours un co\u00fbt, non pas pour les squatteurs trop souvent insolvables, mais bien pour les propri\u00e9taires.&#8221;<\/em><br><strong>Yann Collet, directeur de Squat Solutions<\/strong><\/figcaption><\/figure>\n\n<\/div><\/div><\/div>\n<\/div>\n\n<div class=\"gb-container gb-container-08c3709c alignfull\"><div class=\"gb-inside-container\">\n\n<h3 class=\"gb-headline gb-headline-0bf9efc0 gb-headline-text\">Yann Collet s&#8217;entoure de partenaires exp\u00e9riment\u00e9s<\/h3>\n\n\n<div class=\"gb-grid-wrapper gb-grid-wrapper-26240491\">\n<div class=\"gb-grid-column gb-grid-column-341eab22\"><div class=\"gb-container gb-container-341eab22\"><div class=\"gb-inside-container\">\n\n<figure class=\"wp-block-image size-full\"><img decoding=\"async\" src=\"https:\/\/squatsolutions.com\/wp-content\/uploads\/2019\/01\/alexandre-alleno-huissier-1.jpg\" alt=\"\" class=\"wp-image-3367\"\/><\/figure>\n\n\n\n<h4 class=\"gb-headline gb-headline-ae84b5b9 gb-headline-text\">Alexandre Alleno, huissier de justice<\/h4>\n\n\n\n<p>Alexandre Alleno intervient dans de nombreux domaines, et en particulier pour ce qui est de la signification des actes, les proc\u00e8s-verbaux de constats, le conseil et la consultation juridique. Il est un interlocuteur indispensable dans la proc\u00e9dure d\u2019expulsion des squatteurs.<\/p>\n\n\n\n<p><a href=\"http:\/\/www.huissier-93.fr\/\" target=\"_blank\" rel=\"noreferrer noopener\">www.huissier-93.fr<\/a><\/p>\n\n<\/div><\/div><\/div>\n\n<div class=\"gb-grid-column gb-grid-column-07cbe2a8\"><div class=\"gb-container gb-container-07cbe2a8\"><div class=\"gb-inside-container\">\n\n<figure class=\"wp-block-image size-full\"><img decoding=\"async\" src=\"https:\/\/squatsolutions.com\/wp-content\/uploads\/2018\/12\/gregory-cherqui-avocats.jpg\" alt=\"\" class=\"wp-image-1910\"\/><\/figure>\n\n\n\n<h4 class=\"gb-headline gb-headline-943d415d gb-headline-text\">Gr\u00e9gory Cherqui, avocat<\/h4>\n\n\n\n<p>Ma\u00eetre Gr\u00e9gory Cherqui, avocat au barreau de Paris depuis plus de 20 ans, et Ma\u00eetre Rapha\u00ebl Richemond, avocat aux barreaux de Paris et de New York, exercent c\u00f4te \u00e0 c\u00f4te dans tous les domaines du droit immobilier (proc\u00e9dures judiciaires, conseil juridique et gestion pr\u00e9contentieuse) et ce, dans la France enti\u00e8re.<\/p>\n\n<\/div><\/div><\/div>\n\n<div class=\"gb-grid-column gb-grid-column-9f36c982\"><div class=\"gb-container gb-container-9f36c982\"><div class=\"gb-inside-container\">\n\n<figure class=\"wp-block-image size-full\"><img decoding=\"async\" src=\"https:\/\/squatsolutions.com\/wp-content\/uploads\/2018\/12\/raphael-richemond-avocat.jpg\" alt=\"\" class=\"wp-image-1916\"\/><\/figure>\n\n\n\n<h4 class=\"gb-headline gb-headline-19f3bbd6 gb-headline-text\">Rapha\u00ebl Richemond, avocat<\/h4>\n\n\n\n<p>Parmi leurs comp\u00e9tences, Gr\u00e9gory Cherqui et Rapha\u00ebl Richemond ont notamment une exp\u00e9rience et une connaissance pointue des proc\u00e9dures d\u2019expulsion de squatteurs ou de locataires ind\u00e9licats, proc\u00e9dures dont ils maitrisent parfaitement les rouages.<\/p>\n\n\n\n<p><a href=\"http:\/\/cherqui-avocats-immobilier.fr\/\" target=\"_blank\" rel=\"noreferrer noopener\">www.cherqui-avocats-immobilier.fr<\/a><\/p>\n\n<\/div><\/div><\/div>\n<\/div>\n<\/div><\/div>\n\n<div class=\"gb-container gb-container-556882c5 alignfull\"><div class=\"gb-inside-container\">\n\n<h3 class=\"gb-headline gb-headline-5c003c94 gb-headline-text\">Yann Collet travaille avec des professionnels du droit et de l&#8217;immobilier<\/h3>\n\n\n<div class=\"gb-grid-wrapper gb-grid-wrapper-031b2234\">\n<div class=\"gb-grid-column gb-grid-column-d8fd8f1a\"><div class=\"gb-container gb-container-d8fd8f1a\"><div class=\"gb-inside-container\">\n\n<figure class=\"wp-block-embed is-type-video is-provider-youtube wp-block-embed-youtube wp-embed-aspect-16-9 wp-has-aspect-ratio\"><div class=\"wp-block-embed__wrapper\">\n<iframe loading=\"lazy\" title=\"Squat Solutions - Interview d&#039;Erwan Levrault, notaire partenaire de Squat Solutions\" width=\"1200\" height=\"675\" src=\"https:\/\/www.youtube.com\/embed\/lx-tt1ZZbkQ?start=3&#038;feature=oembed&#038;enablejsapi=1&#038;origin=https:\/\/squatsolutions.com\" frameborder=\"0\" allow=\"accelerometer; autoplay; clipboard-write; encrypted-media; gyroscope; picture-in-picture\" allowfullscreen><\/iframe>\n<\/div><\/figure>\n\n\n\n<h4 class=\"gb-headline gb-headline-e274231c gb-headline-text\"><strong>Erwan Levrault, notaire<\/strong><\/h4>\n\n\n\n<p><a href=\"http:\/\/www.etude-lyon-bugeaud.notaires.fr\/\" target=\"_blank\" rel=\"noreferrer noopener\">www.etude-lyon-bugeaud.notaires.fr<\/a><\/p>\n\n<\/div><\/div><\/div>\n\n<div class=\"gb-grid-column gb-grid-column-ba412512\"><div class=\"gb-container gb-container-ba412512\"><div class=\"gb-inside-container\">\n\n<figure class=\"wp-block-embed is-type-video is-provider-youtube wp-block-embed-youtube wp-embed-aspect-16-9 wp-has-aspect-ratio\"><div class=\"wp-block-embed__wrapper\">\n<iframe loading=\"lazy\" title=\"Squat Solutions : t\u00e9moignage de Pierre Alexandre, Agence Projection Immobili\u00e8re\" width=\"1200\" height=\"675\" src=\"https:\/\/www.youtube.com\/embed\/V_4y0GJ4vQo?feature=oembed&#038;enablejsapi=1&#038;origin=https:\/\/squatsolutions.com\" frameborder=\"0\" allow=\"accelerometer; autoplay; clipboard-write; encrypted-media; gyroscope; picture-in-picture\" allowfullscreen><\/iframe>\n<\/div><\/figure>\n\n\n\n<h4 class=\"gb-headline gb-headline-5d55c879 gb-headline-text\"><strong><strong>Pierre Alexandre, agence Projection immobil\u00e8re<\/strong><\/strong><\/h4>\n\n\n\n<p><a href=\"https:\/\/www.projection-immobiliere.com\/\" target=\"_blank\" rel=\"noreferrer noopener\">www.projection-immobiliere.fr<\/a><\/p>\n\n<\/div><\/div><\/div>\n<\/div>\n<\/div><\/div>","protected":false},"excerpt":{"rendered":"<p>Yann Collet s&#8217;entoure de partenaires exp\u00e9riment\u00e9s Yann Collet travaille avec des professionnels du droit et de l&#8217;immobilier<\/p>\n","protected":false},"author":1,"featured_media":0,"parent":0,"menu_order":6,"comment_status":"closed","ping_status":"closed","template":"","meta":{"footnotes":""},"class_list":["post-8762","page","type-page","status-publish"],"yoast_head":"<!-- This site is optimized with the Yoast SEO plugin v27.3 - https:\/\/yoast.com\/product\/yoast-seo-wordpress\/ -->\n<title>Qui sommes-nous ? - Squat solutions | Rachat de biens squatt\u00e9s<\/title>\n<meta name=\"robots\" content=\"index, follow, max-snippet:-1, max-image-preview:large, max-video-preview:-1\" \/>\n<link rel=\"canonical\" href=\"https:\/\/squatsolutions.com\/lu\/acquisition-biens-immobiliers\/\" \/>\n<meta property=\"og:locale\" content=\"fr_FR\" \/>\n<meta property=\"og:type\" content=\"article\" \/>\n<meta property=\"og:title\" content=\"Qui sommes-nous ? - Squat solutions | Rachat de biens squatt\u00e9s\" \/>\n<meta property=\"og:description\" content=\"Yann Collet s&#8217;entoure de partenaires exp\u00e9riment\u00e9s Yann Collet travaille avec des professionnels du droit et de l&#8217;immobilier\" \/>\n<meta property=\"og:url\" content=\"https:\/\/squatsolutions.com\/lu\/acquisition-biens-immobiliers\/\" \/>\n<meta property=\"og:site_name\" content=\"Squat solutions\" \/>\n<meta name=\"twitter:card\" content=\"summary_large_image\" \/>\n<meta name=\"twitter:label1\" content=\"Est. reading time\" \/>\n\t<meta name=\"twitter:data1\" content=\"3 minutes\" \/>\n<!-- \/ Yoast SEO plugin. -->","yoast_head_json":{"title":"Qui sommes-nous ? - Squat solutions | Rachat de biens squatt\u00e9s","robots":{"index":"index","follow":"follow","max-snippet":"max-snippet:-1","max-image-preview":"max-image-preview:large","max-video-preview":"max-video-preview:-1"},"canonical":"https:\/\/squatsolutions.com\/lu\/acquisition-biens-immobiliers\/","og_locale":"fr_FR","og_type":"article","og_title":"Qui sommes-nous ? - Squat solutions | Rachat de biens squatt\u00e9s","og_description":"Yann Collet s&#8217;entoure de partenaires exp\u00e9riment\u00e9s Yann Collet travaille avec des professionnels du droit et de l&#8217;immobilier","og_url":"https:\/\/squatsolutions.com\/lu\/acquisition-biens-immobiliers\/","og_site_name":"Squat solutions","twitter_card":"summary_large_image","twitter_misc":{"Est. reading time":"3 minutes"},"schema":{"@context":"https:\/\/schema.org","@graph":[{"@type":"WebPage","@id":"https:\/\/squatsolutions.com\/lu\/acquisition-biens-immobiliers\/","url":"https:\/\/squatsolutions.com\/lu\/acquisition-biens-immobiliers\/","name":"Qui sommes-nous ? - Squat solutions | Rachat de biens squatt\u00e9s","isPartOf":{"@id":"https:\/\/squatsolutions.com\/lu\/#website"},"primaryImageOfPage":{"@id":"https:\/\/squatsolutions.com\/lu\/acquisition-biens-immobiliers\/#primaryimage"},"image":{"@id":"https:\/\/squatsolutions.com\/lu\/acquisition-biens-immobiliers\/#primaryimage"},"thumbnailUrl":"https:\/\/squatsolutions.com\/wp-content\/uploads\/2019\/01\/alexandre-alleno-huissier-1.jpg","datePublished":"2018-10-24T08:26:53+00:00","breadcrumb":{"@id":"https:\/\/squatsolutions.com\/lu\/acquisition-biens-immobiliers\/#breadcrumb"},"inLanguage":"fr-LU","potentialAction":[{"@type":"ReadAction","target":["https:\/\/squatsolutions.com\/lu\/acquisition-biens-immobiliers\/"]}]},{"@type":"ImageObject","inLanguage":"fr-LU","@id":"https:\/\/squatsolutions.com\/lu\/acquisition-biens-immobiliers\/#primaryimage","url":"https:\/\/squatsolutions.com\/wp-content\/uploads\/2019\/01\/alexandre-alleno-huissier-1.jpg","contentUrl":"https:\/\/squatsolutions.com\/wp-content\/uploads\/2019\/01\/alexandre-alleno-huissier-1.jpg"},{"@type":"BreadcrumbList","@id":"https:\/\/squatsolutions.com\/lu\/acquisition-biens-immobiliers\/#breadcrumb","itemListElement":[{"@type":"ListItem","position":1,"name":"Accueil","item":"https:\/\/squatsolutions.com\/lu\/"},{"@type":"ListItem","position":2,"name":"Qui sommes-nous ?"}]},{"@type":"WebSite","@id":"https:\/\/squatsolutions.com\/lu\/#website","url":"https:\/\/squatsolutions.com\/lu\/","name":"Squat Solutions","description":"Rachat de logements squatt\u00e9s et de parts indivises","publisher":{"@id":"https:\/\/squatsolutions.com\/lu\/#organization"},"potentialAction":[{"@type":"SearchAction","target":{"@type":"EntryPoint","urlTemplate":"https:\/\/squatsolutions.com\/lu\/?s={search_term_string}"},"query-input":{"@type":"PropertyValueSpecification","valueRequired":true,"valueName":"search_term_string"}}],"inLanguage":"fr-LU"},{"@type":"Organization","@id":"https:\/\/squatsolutions.com\/lu\/#organization","name":"Squat Solutions","url":"https:\/\/squatsolutions.com\/lu\/","logo":{"@type":"ImageObject","inLanguage":"fr-LU","@id":"https:\/\/squatsolutions.com\/lu\/#\/schema\/logo\/image\/","url":"https:\/\/squatsolutions.com\/wp-content\/uploads\/2019\/03\/logo-squatsolutions.png","contentUrl":"https:\/\/squatsolutions.com\/wp-content\/uploads\/2019\/03\/logo-squatsolutions.png","width":558,"height":214,"caption":"Squat Solutions"},"image":{"@id":"https:\/\/squatsolutions.com\/lu\/#\/schema\/logo\/image\/"}}]}},"_links":{"self":[{"href":"https:\/\/squatsolutions.com\/lu\/wp-json\/wp\/v2\/pages\/8762","targetHints":{"allow":["GET"]}}],"collection":[{"href":"https:\/\/squatsolutions.com\/lu\/wp-json\/wp\/v2\/pages"}],"about":[{"href":"https:\/\/squatsolutions.com\/lu\/wp-json\/wp\/v2\/types\/page"}],"author":[{"embeddable":true,"href":"https:\/\/squatsolutions.com\/lu\/wp-json\/wp\/v2\/users\/1"}],"replies":[{"embeddable":true,"href":"https:\/\/squatsolutions.com\/lu\/wp-json\/wp\/v2\/comments?post=8762"}],"version-history":[{"count":0,"href":"https:\/\/squatsolutions.com\/lu\/wp-json\/wp\/v2\/pages\/8762\/revisions"}],"wp:attachment":[{"href":"https:\/\/squatsolutions.com\/lu\/wp-json\/wp\/v2\/media?parent=8762"}],"curies":[{"name":"wp","href":"https:\/\/api.w.org\/{rel}","templated":true}]}}