{"id":8771,"date":"2018-10-24T10:28:35","date_gmt":"2018-10-24T08:28:35","guid":{"rendered":"https:\/\/squatsolutions.com\/nos-partenaires\/"},"modified":"2018-10-24T10:28:35","modified_gmt":"2018-10-24T08:28:35","slug":"nos-partenaires","status":"publish","type":"page","link":"https:\/\/squatsolutions.com\/lu\/nos-partenaires\/","title":{"rendered":"Nos partenaires"},"content":{"rendered":"\n<h6 class=\"gb-headline gb-headline-9c3cbacd gb-headline-text\">A chaque \u00e9tape des proc\u00e9dures, pour chaque transaction, Squat Solutions travaille avec des professionnels du droit et de l&#8217;immobilier.<\/h6>\n\n\n<div class=\"gb-grid-wrapper gb-grid-wrapper-8de911f0\">\n<div class=\"gb-grid-column gb-grid-column-f9ada410\"><div class=\"gb-container gb-container-f9ada410\"><div class=\"gb-inside-container\">\n\n<h5 class=\"wp-block-heading\">Avocats<\/h5>\n\n\n\n<p>Le recours \u00e0 un avocat est indispensable lorsqu\u2019il s\u2019agit d\u2019expulser des squatteurs. Parfois le recours judiciaire s\u2019impose, les avocats conseillent \u00e0 leur client de faire appel \u00e0 Squat Solutions qui leur \u00e9pargnera une longue proc\u00e9dure.<\/p>\n\n\n\n<p><a href=\"https:\/\/squatsolutions.com\/avocats\/\" data-type=\"page\" data-id=\"233\">En savoir plus<\/a><\/p>\n\n<\/div><\/div><\/div>\n\n<div class=\"gb-grid-column gb-grid-column-354d931a\"><div class=\"gb-container gb-container-354d931a\"><div class=\"gb-inside-container\">\n\n<h5 class=\"wp-block-heading\">Notaires<\/h5>\n\n\n\n<p>Les notaires sont des interlocuteurs privil\u00e9gi\u00e9s. De plus en plus, ils font appel \u00e0 Squat Solutions pour leurs clients qui ont un bien squatt\u00e9. Nous faisons appel \u00e0 eux pour chaque acte de vente et d\u2019achat.<\/p>\n\n\n\n<p><a href=\"https:\/\/squatsolutions.com\/notaires\/\" data-type=\"page\" data-id=\"71\">En savoir plus<\/a><\/p>\n\n<\/div><\/div><\/div>\n\n<div class=\"gb-grid-column gb-grid-column-471a056c\"><div class=\"gb-container gb-container-471a056c\"><div class=\"gb-inside-container\">\n\n<h5 class=\"wp-block-heading\">Huissiers<\/h5>\n\n\n\n<p>Seuls les huissiers sont habilit\u00e9s \u00e0 expulser des squatteurs (apr\u00e8s une proc\u00e9dure civile). Et seuls les constats d\u2019huissiers juridiques permettent de faire avancer les sorties de situations complexes. &nbsp;Ils sont donc les partenaires privil\u00e9gi\u00e9s de Squat Solutions.<\/p>\n\n\n\n<p><a href=\"https:\/\/squatsolutions.com\/huissiers\/\" data-type=\"page\" data-id=\"235\">En savoir plus<\/a><\/p>\n\n<\/div><\/div><\/div>\n\n<div class=\"gb-grid-column gb-grid-column-8b7f6efd\"><div class=\"gb-container gb-container-8b7f6efd\"><div class=\"gb-inside-container\">\n\n<h5 class=\"wp-block-heading\">Agences immobili\u00e8res<\/h5>\n\n\n\n<p>Squat Solutions travaille aujourd\u2019hui en partenariat avec plus de 3000 agences immobili\u00e8res. Nous mandatons les agences immobili\u00e8res pour trouver les adresses de biens squatt\u00e9s ou en d\u00e9sh\u00e9rence. Une fois le bien r\u00e9habilit\u00e9, nous en confions la vente \u00e0 ces m\u00eames agences.<\/p>\n\n\n\n<p><a href=\"https:\/\/squatsolutions.com\/agences-immobilieres\/\" data-type=\"page\" data-id=\"245\">En savoir plus<\/a><\/p>\n\n<\/div><\/div><\/div>\n\n<div class=\"gb-grid-column gb-grid-column-441c1898\"><div class=\"gb-container gb-container-441c1898\"><div class=\"gb-inside-container\">\n\n<h5 class=\"wp-block-heading\">G\u00e9n\u00e9alogistes successoraux<\/h5>\n\n\n\n<p>Squat Solutions mandate des g\u00e9n\u00e9alogistes successoraux pour rechercher les ayants droit de biens immobiliers squatt\u00e9s dont les propri\u00e9taires sont d\u00e9c\u00e9d\u00e9s. Les g\u00e9n\u00e9alogistes sollicitent Squat Solutions lorsque leurs recherches les am\u00e8nent \u00e0 d\u00e9couvrir un bien squatt\u00e9.<\/p>\n\n\n\n<p><a href=\"https:\/\/squatsolutions.com\/genealogistes-successoraux\/\" data-type=\"page\" data-id=\"241\">En savoir plus<\/a><\/p>\n\n<\/div><\/div><\/div>\n<\/div>\n\n\n<h6 class=\"gb-headline gb-headline-dbdf9160 gb-headline-text\">Ils font appel \u00e0 nous<\/h6>\n\n\n\n<h2 class=\"gb-headline gb-headline-6cd52c26 gb-headline-text\">Squat Solutions est sollicit\u00e9 par ceux qui sont au c\u0153ur des situations complexes provoqu\u00e9es par les squats.<\/h2>\n\n\n<div class=\"gb-grid-wrapper gb-grid-wrapper-4365370a\">\n<div class=\"gb-grid-column gb-grid-column-9c43d0fd\"><div class=\"gb-container gb-container-9c43d0fd\"><div class=\"gb-inside-container\">\n\n<h5 class=\"wp-block-heading\">Particuliers<\/h5>\n\n\n\n<p>Les particuliers sollicitent Squat Solutions principalement dans deux cas. Soit ils sont eux-m\u00eames propri\u00e9taires d\u2019un bien squatt\u00e9. Soit ils sont victimes des nuisances d\u2019un squat et ne savent plus comment faire \u00e9voluer une situation qui a trop dur\u00e9.<\/p>\n\n<\/div><\/div><\/div>\n\n<div class=\"gb-grid-column gb-grid-column-94f75b6c\"><div class=\"gb-container gb-container-94f75b6c\"><div class=\"gb-inside-container\">\n\n<h5 class=\"wp-block-heading\">Police municipale et nationale<\/h5>\n\n\n\n<p>La police est r\u00e9guli\u00e8rement appel\u00e9e par des voisins de biens squatt\u00e9s. Les squats sont fr\u00e9quemment une source de nuisance pour le voisinage. Bien souvent la police informe Squat Solutions parce qu\u2019elle constate l\u2019impuissance ou l\u2019absence des propri\u00e9taires.<\/p>\n\n<\/div><\/div><\/div>\n\n<div class=\"gb-grid-column gb-grid-column-4a14a6cb\"><div class=\"gb-container gb-container-4a14a6cb\"><div class=\"gb-inside-container\">\n\n<h5 class=\"wp-block-heading\">Mairies<\/h5>\n\n\n\n<p>Il est fr\u00e9quent que des mairies sollicitent Squat Solutions. Soit quand les propri\u00e9taires d\u2019un bien squatt\u00e9 ne font rien (par impuissance ou indiff\u00e9rence) et laissent la situation se d\u00e9t\u00e9riorer. Soit quand les propri\u00e9taires d\u2019un squat ne sont pas identifi\u00e9s.<\/p>\n\n<\/div><\/div><\/div>\n\n<div class=\"gb-grid-column gb-grid-column-aa507f02\"><div class=\"gb-container gb-container-aa507f02\"><div class=\"gb-inside-container\">\n\n<h5 class=\"wp-block-heading\">Mandataires et administrateurs judiciaires<\/h5>\n\n\n\n<p>Ils interviennent souvent pour restructurer des r\u00e9sidences surendett\u00e9es pour mauvaise gestion ou non paiement des charges. Ils sont ainsi r\u00e9guli\u00e8rement confront\u00e9s \u00e0 des squats. Ils sont parfois d\u00e9sign\u00e9s pour g\u00e9rer des successions en difficult\u00e9.<\/p>\n\n<\/div><\/div><\/div>\n\n<div class=\"gb-grid-column gb-grid-column-1a16b65a\"><div class=\"gb-container gb-container-1a16b65a\"><div class=\"gb-inside-container\">\n\n<h5 class=\"wp-block-heading\">Copropri\u00e9taires et syndics<\/h5>\n\n\n\n<p>Lorsqu\u2019un appartement est squatt\u00e9 dans une copropri\u00e9t\u00e9, cela pose de nombreux probl\u00e8mes. Outre les nuisances souvent associ\u00e9es \u00e0 un squat, les charges communes sont impay\u00e9es. Par ailleurs, la pr\u00e9sence d\u2019un squat d\u00e9valorise le bien dans sa globalit\u00e9.<\/p>\n\n<\/div><\/div><\/div>\n\n<div class=\"gb-grid-column gb-grid-column-06ed95db\"><div class=\"gb-container gb-container-06ed95db\"><div class=\"gb-inside-container\">\n\n<h5 class=\"wp-block-heading\">Banques\/Service contentieux<\/h5>\n\n\n\n<p>La saisie immobili\u00e8re en France et loin d&#8217;\u00eatre anodine. Des propri\u00e9taires en grande difficult\u00e9 se voient expuls\u00e9s de leur domicile et dans l\u2019intervalle, entre l&#8217;expulsion et la vente aux ench\u00e8res, le bien est parfois squatt\u00e9.<\/p>\n\n<\/div><\/div><\/div>\n\n<div class=\"gb-grid-column gb-grid-column-1ace1162\"><div class=\"gb-container gb-container-1ace1162\"><div class=\"gb-inside-container\">\n\n<h5 class=\"wp-block-heading\">Pompes fun\u00e8bres<\/h5>\n\n\n\n<p>En France en 2017, sur les 600&nbsp;000 d\u00e9c\u00e8s, on estime \u00e0 12&nbsp;000 ceux sans h\u00e9ritiers connus. Trop souvent&nbsp;malheureusement, nous constatons&nbsp;l&#8217;existence de biens immobiliers squatt\u00e9s appartenant \u00e0 des personnes d\u00e9c\u00e9d\u00e9es.<\/p>\n\n<\/div><\/div><\/div>\n<\/div>","protected":false},"excerpt":{"rendered":"<p>A chaque \u00e9tape des proc\u00e9dures, pour chaque transaction, Squat Solutions travaille avec des professionnels du droit et de l&#8217;immobilier. Ils font appel \u00e0 nous Squat Solutions est sollicit\u00e9 par ceux qui sont au c\u0153ur des situations complexes provoqu\u00e9es par les squats.<\/p>\n","protected":false},"author":1,"featured_media":0,"parent":0,"menu_order":9,"comment_status":"closed","ping_status":"closed","template":"","meta":{"footnotes":""},"class_list":["post-8771","page","type-page","status-publish"],"yoast_head":"<!-- This site is optimized with the Yoast SEO plugin v27.3 - https:\/\/yoast.com\/product\/yoast-seo-wordpress\/ -->\n<title>Nos partenaires - Squat solutions | Rachat de biens squatt\u00e9s<\/title>\n<meta name=\"robots\" content=\"index, follow, max-snippet:-1, max-image-preview:large, max-video-preview:-1\" \/>\n<link rel=\"canonical\" href=\"https:\/\/squatsolutions.com\/lu\/nos-partenaires\/\" \/>\n<meta property=\"og:locale\" content=\"fr_FR\" \/>\n<meta property=\"og:type\" content=\"article\" \/>\n<meta property=\"og:title\" content=\"Nos partenaires - Squat solutions | Rachat de biens squatt\u00e9s\" \/>\n<meta property=\"og:description\" content=\"A chaque \u00e9tape des proc\u00e9dures, pour chaque transaction, Squat Solutions travaille avec des professionnels du droit et de l&#8217;immobilier. Ils font appel \u00e0 nous Squat Solutions est sollicit\u00e9 par ceux qui sont au c\u0153ur des situations complexes provoqu\u00e9es par les squats.\" \/>\n<meta property=\"og:url\" content=\"https:\/\/squatsolutions.com\/lu\/nos-partenaires\/\" \/>\n<meta property=\"og:site_name\" content=\"Squat solutions\" \/>\n<meta name=\"twitter:card\" content=\"summary_large_image\" \/>\n<meta name=\"twitter:label1\" content=\"Est. reading time\" \/>\n\t<meta name=\"twitter:data1\" content=\"3 minutes\" \/>\n<!-- \/ Yoast SEO plugin. -->","yoast_head_json":{"title":"Nos partenaires - Squat solutions | Rachat de biens squatt\u00e9s","robots":{"index":"index","follow":"follow","max-snippet":"max-snippet:-1","max-image-preview":"max-image-preview:large","max-video-preview":"max-video-preview:-1"},"canonical":"https:\/\/squatsolutions.com\/lu\/nos-partenaires\/","og_locale":"fr_FR","og_type":"article","og_title":"Nos partenaires - Squat solutions | Rachat de biens squatt\u00e9s","og_description":"A chaque \u00e9tape des proc\u00e9dures, pour chaque transaction, Squat Solutions travaille avec des professionnels du droit et de l&#8217;immobilier. Ils font appel \u00e0 nous Squat Solutions est sollicit\u00e9 par ceux qui sont au c\u0153ur des situations complexes provoqu\u00e9es par les squats.","og_url":"https:\/\/squatsolutions.com\/lu\/nos-partenaires\/","og_site_name":"Squat solutions","twitter_card":"summary_large_image","twitter_misc":{"Est. reading time":"3 minutes"},"schema":{"@context":"https:\/\/schema.org","@graph":[{"@type":"WebPage","@id":"https:\/\/squatsolutions.com\/lu\/nos-partenaires\/","url":"https:\/\/squatsolutions.com\/lu\/nos-partenaires\/","name":"Nos partenaires - Squat solutions | Rachat de biens squatt\u00e9s","isPartOf":{"@id":"https:\/\/squatsolutions.com\/lu\/#website"},"datePublished":"2018-10-24T08:28:35+00:00","breadcrumb":{"@id":"https:\/\/squatsolutions.com\/lu\/nos-partenaires\/#breadcrumb"},"inLanguage":"fr-LU","potentialAction":[{"@type":"ReadAction","target":["https:\/\/squatsolutions.com\/lu\/nos-partenaires\/"]}]},{"@type":"BreadcrumbList","@id":"https:\/\/squatsolutions.com\/lu\/nos-partenaires\/#breadcrumb","itemListElement":[{"@type":"ListItem","position":1,"name":"Accueil","item":"https:\/\/squatsolutions.com\/lu\/"},{"@type":"ListItem","position":2,"name":"Nos partenaires"}]},{"@type":"WebSite","@id":"https:\/\/squatsolutions.com\/lu\/#website","url":"https:\/\/squatsolutions.com\/lu\/","name":"Squat Solutions","description":"Rachat de logements squatt\u00e9s et de parts indivises","publisher":{"@id":"https:\/\/squatsolutions.com\/lu\/#organization"},"potentialAction":[{"@type":"SearchAction","target":{"@type":"EntryPoint","urlTemplate":"https:\/\/squatsolutions.com\/lu\/?s={search_term_string}"},"query-input":{"@type":"PropertyValueSpecification","valueRequired":true,"valueName":"search_term_string"}}],"inLanguage":"fr-LU"},{"@type":"Organization","@id":"https:\/\/squatsolutions.com\/lu\/#organization","name":"Squat Solutions","url":"https:\/\/squatsolutions.com\/lu\/","logo":{"@type":"ImageObject","inLanguage":"fr-LU","@id":"https:\/\/squatsolutions.com\/lu\/#\/schema\/logo\/image\/","url":"https:\/\/squatsolutions.com\/wp-content\/uploads\/2019\/03\/logo-squatsolutions.png","contentUrl":"https:\/\/squatsolutions.com\/wp-content\/uploads\/2019\/03\/logo-squatsolutions.png","width":558,"height":214,"caption":"Squat Solutions"},"image":{"@id":"https:\/\/squatsolutions.com\/lu\/#\/schema\/logo\/image\/"}}]}},"_links":{"self":[{"href":"https:\/\/squatsolutions.com\/lu\/wp-json\/wp\/v2\/pages\/8771","targetHints":{"allow":["GET"]}}],"collection":[{"href":"https:\/\/squatsolutions.com\/lu\/wp-json\/wp\/v2\/pages"}],"about":[{"href":"https:\/\/squatsolutions.com\/lu\/wp-json\/wp\/v2\/types\/page"}],"author":[{"embeddable":true,"href":"https:\/\/squatsolutions.com\/lu\/wp-json\/wp\/v2\/users\/1"}],"replies":[{"embeddable":true,"href":"https:\/\/squatsolutions.com\/lu\/wp-json\/wp\/v2\/comments?post=8771"}],"version-history":[{"count":0,"href":"https:\/\/squatsolutions.com\/lu\/wp-json\/wp\/v2\/pages\/8771\/revisions"}],"wp:attachment":[{"href":"https:\/\/squatsolutions.com\/lu\/wp-json\/wp\/v2\/media?parent=8771"}],"curies":[{"name":"wp","href":"https:\/\/api.w.org\/{rel}","templated":true}]}}