{"id":9530,"date":"2019-05-29T09:27:32","date_gmt":"2019-05-29T07:27:32","guid":{"rendered":"https:\/\/squatsolutions.com\/dans-la-presse\/"},"modified":"2026-03-16T18:10:36","modified_gmt":"2026-03-16T17:10:36","slug":"dans-la-presse","status":"publish","type":"page","link":"https:\/\/squatsolutions.com\/lu\/dans-la-presse\/","title":{"rendered":"M\u00e9dias"},"content":{"rendered":"<div class=\"gb-grid-wrapper gb-grid-wrapper-c3dfe4d4\">\n<div class=\"gb-grid-column gb-grid-column-155e8851\"><div class=\"gb-container gb-container-155e8851\"><div class=\"gb-inside-container\">\n\n<figure class=\"gb-block-image gb-block-image-dbea5839\"><a href=\"https:\/\/www.instagram.com\/reel\/DTr7zExit97\/?utm_source=ig_embed&amp;utm_campaign=loading\" target=\"_blank\" rel=\"noopener noreferrer\"><img loading=\"lazy\" decoding=\"async\" width=\"669\" height=\"376\" class=\"gb-image gb-image-dbea5839\" src=\"https:\/\/squatsolutions.com\/wp-content\/uploads\/2026\/01\/instagram-M6.jpg\" alt=\"\" title=\"instagram-M6\" srcset=\"https:\/\/squatsolutions.com\/wp-content\/uploads\/2026\/01\/instagram-M6.jpg 669w, https:\/\/squatsolutions.com\/wp-content\/uploads\/2026\/01\/instagram-M6-300x169.jpg 300w\" sizes=\"auto, (max-width: 669px) 100vw, 669px\" \/><\/a><\/figure>\n\n\n\n<h5 class=\"gb-headline gb-headline-3876d65b gb-headline-text\">Instagram &#8211; M6magofficiel<\/h5>\n\n<\/div><\/div><\/div>\n\n<div class=\"gb-grid-column gb-grid-column-8fd1c9a3\"><div class=\"gb-container gb-container-8fd1c9a3\"><div class=\"gb-inside-container\">\n\n<figure class=\"gb-block-image gb-block-image-aefed876\"><a href=\"https:\/\/squatsolutions.com\/videos\/journal-france2-avril2025.mp4\" target=\"_blank\" rel=\"noopener noreferrer\"><img loading=\"lazy\" decoding=\"async\" width=\"669\" height=\"376\" class=\"gb-image gb-image-aefed876\" src=\"https:\/\/squatsolutions.com\/wp-content\/uploads\/2025\/04\/france2journal.jpg\" alt=\"\" title=\"france2journal\" srcset=\"https:\/\/squatsolutions.com\/wp-content\/uploads\/2025\/04\/france2journal.jpg 669w, https:\/\/squatsolutions.com\/wp-content\/uploads\/2025\/04\/france2journal-300x169.jpg 300w\" sizes=\"auto, (max-width: 669px) 100vw, 669px\" \/><\/a><\/figure>\n\n\n\n<h5 class=\"gb-headline gb-headline-9e74098d gb-headline-text\">France 2 &#8211; Journal<\/h5>\n\n<\/div><\/div><\/div>\n\n<div class=\"gb-grid-column gb-grid-column-8339d22c\"><div class=\"gb-container gb-container-8339d22c\"><div class=\"gb-inside-container\">\n\n<figure class=\"gb-block-image gb-block-image-3463df4c\"><a href=\"https:\/\/squatsolutions.com\/videos\/C8-mars2025-SQUATsolutions.mp4\" target=\"_blank\" rel=\"noopener noreferrer\"><img loading=\"lazy\" decoding=\"async\" width=\"669\" height=\"376\" class=\"gb-image gb-image-3463df4c\" src=\"https:\/\/squatsolutions.com\/wp-content\/uploads\/2025\/03\/CJenquete.jpg\" alt=\"\" title=\"CJenquete\" srcset=\"https:\/\/squatsolutions.com\/wp-content\/uploads\/2025\/03\/CJenquete.jpg 669w, https:\/\/squatsolutions.com\/wp-content\/uploads\/2025\/03\/CJenquete-300x169.jpg 300w\" sizes=\"auto, (max-width: 669px) 100vw, 669px\" \/><\/a><\/figure>\n\n\n\n<h5 class=\"gb-headline gb-headline-e2385237 gb-headline-text\">C8 &#8211; JC Enqu\u00eate<\/h5>\n\n<\/div><\/div><\/div>\n\n<div class=\"gb-grid-column gb-grid-column-cfa996cb\"><div class=\"gb-container gb-container-cfa996cb\"><div class=\"gb-inside-container\">\n\n<figure class=\"gb-block-image gb-block-image-17dc661c\"><a href=\"https:\/\/squatsolutions.com\/videos\/ZONE_INTERDITE-LIIC.mp4\" target=\"_blank\" rel=\"noopener noreferrer\"><img loading=\"lazy\" decoding=\"async\" width=\"670\" height=\"377\" class=\"gb-image gb-image-17dc661c\" src=\"https:\/\/squatsolutions.com\/wp-content\/uploads\/2022\/11\/zone-interdite-m6-squatsolutions.jpg\" alt=\"\" title=\"zone-interdite-m6-squatsolutions\" srcset=\"https:\/\/squatsolutions.com\/wp-content\/uploads\/2022\/11\/zone-interdite-m6-squatsolutions.jpg 670w, https:\/\/squatsolutions.com\/wp-content\/uploads\/2022\/11\/zone-interdite-m6-squatsolutions-300x169.jpg 300w\" sizes=\"auto, (max-width: 670px) 100vw, 670px\" \/><\/a><\/figure>\n\n\n\n<h5 class=\"gb-headline gb-headline-a392afff gb-headline-text\">M6 &#8211; Zone Interdite<\/h5>\n\n<\/div><\/div><\/div>\n\n<div class=\"gb-grid-column gb-grid-column-5909c1b5\"><div class=\"gb-container gb-container-5909c1b5\"><div class=\"gb-inside-container\">\n\n<figure class=\"gb-block-image gb-block-image-3a8821f3\"><a href=\"https:\/\/squatsolutions.com\/videos\/M6info-2023.mp4\" target=\"_blank\" rel=\"noopener noreferrer\"><img loading=\"lazy\" decoding=\"async\" width=\"669\" height=\"376\" class=\"gb-image gb-image-3a8821f3\" src=\"https:\/\/squatsolutions.com\/wp-content\/uploads\/2025\/12\/M6info-2023.jpg\" alt=\"\" title=\"M6info-2023\" srcset=\"https:\/\/squatsolutions.com\/wp-content\/uploads\/2025\/12\/M6info-2023.jpg 669w, https:\/\/squatsolutions.com\/wp-content\/uploads\/2025\/12\/M6info-2023-300x169.jpg 300w\" sizes=\"auto, (max-width: 669px) 100vw, 669px\" \/><\/a><\/figure>\n\n\n\n<h5 class=\"gb-headline gb-headline-e3088055 gb-headline-text\">M6 Info<\/h5>\n\n<\/div><\/div><\/div>\n\n<div class=\"gb-grid-column gb-grid-column-934a85a2\"><div class=\"gb-container gb-container-934a85a2\"><div class=\"gb-inside-container\">\n\n<figure class=\"gb-block-image gb-block-image-20c5bf68\"><a href=\"https:\/\/squatsolutions.com\/videos\/squatsolutions-octobre2023.mp4\" target=\"_blank\" rel=\"noopener noreferrer\"><img loading=\"lazy\" decoding=\"async\" width=\"669\" height=\"376\" class=\"gb-image gb-image-20c5bf68\" src=\"https:\/\/squatsolutions.com\/wp-content\/uploads\/2025\/12\/squat-carcassonne-squatsolutions.webp\" alt=\"\" title=\"squat-carcassonne-squatsolutions\" srcset=\"https:\/\/squatsolutions.com\/wp-content\/uploads\/2025\/12\/squat-carcassonne-squatsolutions.webp 669w, https:\/\/squatsolutions.com\/wp-content\/uploads\/2025\/12\/squat-carcassonne-squatsolutions-300x169.webp 300w\" sizes=\"auto, (max-width: 669px) 100vw, 669px\" \/><\/a><\/figure>\n\n\n\n<h5 class=\"gb-headline gb-headline-391f7bad gb-headline-text\">Enqu\u00eate exclusive <\/h5>\n\n<\/div><\/div><\/div>\n\n<div class=\"gb-grid-column gb-grid-column-00f9e395\"><div class=\"gb-container gb-container-00f9e395\"><div class=\"gb-inside-container\">\n\n<figure class=\"wp-block-image size-full\"><a href=\"https:\/\/squatsolutions.com\/videos\/BFMTV-2022-11-03.mp4\" target=\"_blank\" rel=\" noreferrer noopener\"><img loading=\"lazy\" decoding=\"async\" width=\"669\" height=\"376\" src=\"https:\/\/squatsolutions.com\/wp-content\/uploads\/2025\/12\/BFMTV-22_11_03.jpg\" alt=\"\" class=\"wp-image-9319\" srcset=\"https:\/\/squatsolutions.com\/wp-content\/uploads\/2025\/12\/BFMTV-22_11_03.jpg 669w, https:\/\/squatsolutions.com\/wp-content\/uploads\/2025\/12\/BFMTV-22_11_03-300x169.jpg 300w\" sizes=\"auto, (max-width: 669px) 100vw, 669px\" \/><\/a><\/figure>\n\n\n\n<h5 class=\"gb-headline gb-headline-08cab3a5 gb-headline-text\">BFM TV<\/h5>\n\n<\/div><\/div><\/div>\n\n<div class=\"gb-grid-column gb-grid-column-94265856\"><div class=\"gb-container gb-container-94265856\"><div class=\"gb-inside-container\">\n\n<figure class=\"wp-block-image size-full\"><a href=\"https:\/\/squatsolutions.com\/videos\/7a8-SquatSolutions-091022.mp4\" target=\"_blank\" rel=\" noreferrer noopener\"><img loading=\"lazy\" decoding=\"async\" width=\"785\" height=\"442\" src=\"https:\/\/squatsolutions.com\/wp-content\/uploads\/2022\/11\/septahuit-squatsolutions.jpg\" alt=\"\" class=\"wp-image-9305\" srcset=\"https:\/\/squatsolutions.com\/wp-content\/uploads\/2022\/11\/septahuit-squatsolutions.jpg 785w, https:\/\/squatsolutions.com\/wp-content\/uploads\/2022\/11\/septahuit-squatsolutions-300x169.jpg 300w, https:\/\/squatsolutions.com\/wp-content\/uploads\/2022\/11\/septahuit-squatsolutions-768x432.jpg 768w\" sizes=\"auto, (max-width: 785px) 100vw, 785px\" \/><\/a><\/figure>\n\n\n\n<h5 class=\"gb-headline gb-headline-714f04fe gb-headline-text\">Sept \u00e0 Huit, TF1<\/h5>\n\n<\/div><\/div><\/div>\n\n<div class=\"gb-grid-column gb-grid-column-3fc7f5bc\"><div class=\"gb-container gb-container-3fc7f5bc\"><div class=\"gb-inside-container\">\n\n<figure class=\"wp-block-image size-full\"><a href=\"https:\/\/squatsolutions.com\/videos\/France2-squatsolutions.mp4\" target=\"_blank\" rel=\" noreferrer noopener\"><img loading=\"lazy\" decoding=\"async\" width=\"800\" height=\"448\" src=\"https:\/\/squatsolutions.com\/wp-content\/uploads\/2025\/12\/france2-squatsolutions.webp\" alt=\"\" class=\"wp-image-9318\" title=\"france2-squatsolutions Dans la presse\" srcset=\"https:\/\/squatsolutions.com\/wp-content\/uploads\/2025\/12\/france2-squatsolutions.webp 800w, https:\/\/squatsolutions.com\/wp-content\/uploads\/2025\/12\/france2-squatsolutions-300x168.webp 300w, https:\/\/squatsolutions.com\/wp-content\/uploads\/2025\/12\/france2-squatsolutions-768x430.webp 768w\" sizes=\"auto, (max-width: 800px) 100vw, 800px\" \/><\/a><\/figure>\n\n\n\n<h5 class=\"gb-headline gb-headline-f255757e gb-headline-text\">Journal, France 2<\/h5>\n\n<\/div><\/div><\/div>\n\n<div class=\"gb-grid-column gb-grid-column-6587179a\"><div class=\"gb-container gb-container-6587179a wp-embed-aspect-16-9 wp-has-aspect-ratio\"><div class=\"gb-inside-container\">\n\n<figure class=\"wp-block-image size-full\"><img loading=\"lazy\" decoding=\"async\" width=\"1024\" height=\"576\" src=\"https:\/\/squatsolutions.com\/wp-content\/uploads\/2025\/12\/Tele-Taiwanaise-fevrier-2022-squatsolution-edited-1024x576-1.png\" alt=\"\" class=\"wp-image-9317\" srcset=\"https:\/\/squatsolutions.com\/wp-content\/uploads\/2025\/12\/Tele-Taiwanaise-fevrier-2022-squatsolution-edited-1024x576-1.png 1024w, https:\/\/squatsolutions.com\/wp-content\/uploads\/2025\/12\/Tele-Taiwanaise-fevrier-2022-squatsolution-edited-1024x576-1-300x169.png 300w, https:\/\/squatsolutions.com\/wp-content\/uploads\/2025\/12\/Tele-Taiwanaise-fevrier-2022-squatsolution-edited-1024x576-1-768x432.png 768w\" sizes=\"auto, (max-width: 1024px) 100vw, 1024px\" \/><\/figure>\n\n\n\n<h5 class=\"gb-headline gb-headline-a346ddd4 gb-headline-text\">T\u00e9l\u00e9 Taiwanaise<\/h5>\n\n<\/div><\/div><\/div>\n\n<div class=\"gb-grid-column gb-grid-column-fd5b967a\"><div class=\"gb-container gb-container-fd5b967a wp-embed-aspect-16-9 wp-has-aspect-ratio\"><div class=\"gb-inside-container\">\n\n<figure class=\"wp-block-image size-full\"><a href=\"https:\/\/squatsolutions.com\/videos\/immodramme-20h-TF1.mp4\" target=\"_blank\" rel=\" noreferrer noopener\"><img loading=\"lazy\" decoding=\"async\" width=\"1024\" height=\"576\" src=\"https:\/\/squatsolutions.com\/wp-content\/uploads\/2025\/12\/radio-immo-edited-1024x576-1.jpg\" alt=\"\" class=\"wp-image-9316\" title=\"radio-immo Dans la presse\" srcset=\"https:\/\/squatsolutions.com\/wp-content\/uploads\/2025\/12\/radio-immo-edited-1024x576-1.jpg 1024w, https:\/\/squatsolutions.com\/wp-content\/uploads\/2025\/12\/radio-immo-edited-1024x576-1-300x169.jpg 300w, https:\/\/squatsolutions.com\/wp-content\/uploads\/2025\/12\/radio-immo-edited-1024x576-1-768x432.jpg 768w\" sizes=\"auto, (max-width: 1024px) 100vw, 1024px\" \/><\/a><\/figure>\n\n\n\n<h5 class=\"gb-headline gb-headline-aef5d2f0 gb-headline-text\">Emission de radio-immo.fr <\/h5>\n\n<\/div><\/div><\/div>\n\n<div class=\"gb-grid-column gb-grid-column-16e3aebf\"><div class=\"gb-container gb-container-16e3aebf wp-embed-aspect-16-9 wp-has-aspect-ratio\"><div class=\"gb-inside-container\">\n\n<figure class=\"wp-block-image size-full\"><img loading=\"lazy\" decoding=\"async\" width=\"961\" height=\"539\" src=\"https:\/\/squatsolutions.com\/wp-content\/uploads\/2025\/12\/yann-collet-entreprise-squatteurs-paris.webp\" alt=\"\" class=\"wp-image-9315\" title=\"yann-collet-entreprise-squatteurs-paris Dans la presse\" srcset=\"https:\/\/squatsolutions.com\/wp-content\/uploads\/2025\/12\/yann-collet-entreprise-squatteurs-paris.webp 961w, https:\/\/squatsolutions.com\/wp-content\/uploads\/2025\/12\/yann-collet-entreprise-squatteurs-paris-300x168.webp 300w, https:\/\/squatsolutions.com\/wp-content\/uploads\/2025\/12\/yann-collet-entreprise-squatteurs-paris-768x431.webp 768w\" sizes=\"auto, (max-width: 961px) 100vw, 961px\" \/><\/figure>\n\n\n\n<h5 class=\"gb-headline gb-headline-8952a33f gb-headline-text\">Radio Canada <\/h5>\n\n<\/div><\/div><\/div>\n\n<div class=\"gb-grid-column gb-grid-column-45b23056\"><div class=\"gb-container gb-container-45b23056\"><div class=\"gb-inside-container\">\n\n<figure class=\"wp-block-image size-full\"><a href=\"https:\/\/squatsolutions.com\/videos\/squatsolutions-enquete-exclusive-052021.mp4\" target=\"_blank\" rel=\" noreferrer noopener\"><img loading=\"lazy\" decoding=\"async\" width=\"785\" height=\"442\" src=\"https:\/\/squatsolutions.com\/wp-content\/uploads\/2022\/11\/enquete-exclusive-squatsolutions.jpg\" alt=\"\" class=\"wp-image-9306\" srcset=\"https:\/\/squatsolutions.com\/wp-content\/uploads\/2022\/11\/enquete-exclusive-squatsolutions.jpg 785w, https:\/\/squatsolutions.com\/wp-content\/uploads\/2022\/11\/enquete-exclusive-squatsolutions-300x169.jpg 300w, https:\/\/squatsolutions.com\/wp-content\/uploads\/2022\/11\/enquete-exclusive-squatsolutions-768x432.jpg 768w\" sizes=\"auto, (max-width: 785px) 100vw, 785px\" \/><\/a><\/figure>\n\n\n\n<h5 class=\"gb-headline gb-headline-1f766acd gb-headline-text\">Enqu\u00eate Exclusive, M6<\/h5>\n\n<\/div><\/div><\/div>\n\n<div class=\"gb-grid-column gb-grid-column-81c2dd2d\"><div class=\"gb-container gb-container-81c2dd2d\"><div class=\"gb-inside-container\">\n\n<figure class=\"wp-block-image size-full\"><a href=\"https:\/\/squatsolutions.com\/videos\/BFM_LIGNE_ROUGE.mp4\" target=\"_blank\" rel=\" noreferrer noopener\"><img loading=\"lazy\" decoding=\"async\" width=\"785\" height=\"442\" src=\"https:\/\/squatsolutions.com\/wp-content\/uploads\/2025\/12\/ligne-rouge.jpg\" alt=\"\" class=\"wp-image-9314\" srcset=\"https:\/\/squatsolutions.com\/wp-content\/uploads\/2025\/12\/ligne-rouge.jpg 785w, https:\/\/squatsolutions.com\/wp-content\/uploads\/2025\/12\/ligne-rouge-300x169.jpg 300w, https:\/\/squatsolutions.com\/wp-content\/uploads\/2025\/12\/ligne-rouge-768x432.jpg 768w\" sizes=\"auto, (max-width: 785px) 100vw, 785px\" \/><\/a><\/figure>\n\n\n\n<h5 class=\"gb-headline gb-headline-6839b60a gb-headline-text\">Ligne Rouge, BFM TV<\/h5>\n\n<\/div><\/div><\/div>\n\n<div class=\"gb-grid-column gb-grid-column-0930f716\"><div class=\"gb-container gb-container-0930f716\"><div class=\"gb-inside-container\">\n\n<figure class=\"wp-block-image size-full\"><a href=\"https:\/\/squatsolutions.com\/videos\/Envoye-special-0920.mp4\" target=\"_blank\" rel=\" noreferrer noopener\"><img loading=\"lazy\" decoding=\"async\" width=\"785\" height=\"442\" src=\"https:\/\/squatsolutions.com\/wp-content\/uploads\/2022\/11\/envoye-special-squatsolutions.jpg\" alt=\"\" class=\"wp-image-9308\" srcset=\"https:\/\/squatsolutions.com\/wp-content\/uploads\/2022\/11\/envoye-special-squatsolutions.jpg 785w, https:\/\/squatsolutions.com\/wp-content\/uploads\/2022\/11\/envoye-special-squatsolutions-300x169.jpg 300w, https:\/\/squatsolutions.com\/wp-content\/uploads\/2022\/11\/envoye-special-squatsolutions-768x432.jpg 768w\" sizes=\"auto, (max-width: 785px) 100vw, 785px\" \/><\/a><\/figure>\n\n\n\n<h5 class=\"gb-headline gb-headline-638671fd gb-headline-text\">Envoy\u00e9-sp\u00e9cial, France 2<\/h5>\n\n<\/div><\/div><\/div>\n\n<div class=\"gb-grid-column gb-grid-column-9d241650\"><div class=\"gb-container gb-container-9d241650\"><div class=\"gb-inside-container\">\n\n<figure class=\"wp-block-image size-full\"><a href=\"https:\/\/squatsolutions.com\/videos\/66minutes-270920.mp4\" target=\"_blank\" rel=\" noreferrer noopener\"><img loading=\"lazy\" decoding=\"async\" width=\"785\" height=\"442\" src=\"https:\/\/squatsolutions.com\/wp-content\/uploads\/2022\/11\/66minutes-squatsolutions.jpg\" alt=\"\" class=\"wp-image-9309\" srcset=\"https:\/\/squatsolutions.com\/wp-content\/uploads\/2022\/11\/66minutes-squatsolutions.jpg 785w, https:\/\/squatsolutions.com\/wp-content\/uploads\/2022\/11\/66minutes-squatsolutions-300x169.jpg 300w, https:\/\/squatsolutions.com\/wp-content\/uploads\/2022\/11\/66minutes-squatsolutions-768x432.jpg 768w\" sizes=\"auto, (max-width: 785px) 100vw, 785px\" \/><\/a><\/figure>\n\n\n\n<h5 class=\"gb-headline gb-headline-c207e2ba gb-headline-text\">66 minutes, M6<\/h5>\n\n<\/div><\/div><\/div>\n\n<div class=\"gb-grid-column gb-grid-column-d7ac5c8f\"><div class=\"gb-container gb-container-d7ac5c8f\"><div class=\"gb-inside-container\">\n\n<figure class=\"wp-block-image size-full\"><a href=\"https:\/\/squatsolutions.com\/videos\/BFMTV-0920.mp4\" target=\"_blank\" rel=\" noreferrer noopener\"><img loading=\"lazy\" decoding=\"async\" width=\"785\" height=\"442\" src=\"https:\/\/squatsolutions.com\/wp-content\/uploads\/2025\/12\/bfmtv-squatsolutions.jpg\" alt=\"\" class=\"wp-image-9307\" srcset=\"https:\/\/squatsolutions.com\/wp-content\/uploads\/2025\/12\/bfmtv-squatsolutions.jpg 785w, https:\/\/squatsolutions.com\/wp-content\/uploads\/2025\/12\/bfmtv-squatsolutions-300x169.jpg 300w, https:\/\/squatsolutions.com\/wp-content\/uploads\/2025\/12\/bfmtv-squatsolutions-768x432.jpg 768w\" sizes=\"auto, (max-width: 785px) 100vw, 785px\" \/><\/a><\/figure>\n\n\n\n<h5 class=\"gb-headline gb-headline-a88bdecd gb-headline-text\">Journal, BFM TV<\/h5>\n\n<\/div><\/div><\/div>\n\n<div class=\"gb-grid-column gb-grid-column-3df73c95\"><div class=\"gb-container gb-container-3df73c95\"><div class=\"gb-inside-container\">\n\n<figure class=\"wp-block-image size-full\"><img loading=\"lazy\" decoding=\"async\" width=\"800\" height=\"450\" src=\"https:\/\/squatsolutions.com\/wp-content\/uploads\/2025\/12\/cnews-sept-2020.jpg\" alt=\"\" class=\"wp-image-9313\" srcset=\"https:\/\/squatsolutions.com\/wp-content\/uploads\/2025\/12\/cnews-sept-2020.jpg 800w, https:\/\/squatsolutions.com\/wp-content\/uploads\/2025\/12\/cnews-sept-2020-300x169.jpg 300w, https:\/\/squatsolutions.com\/wp-content\/uploads\/2025\/12\/cnews-sept-2020-768x432.jpg 768w\" sizes=\"auto, (max-width: 800px) 100vw, 800px\" \/><\/figure>\n\n\n\n<h5 class=\"gb-headline gb-headline-2b546b9c gb-headline-text\">CNEWS<\/h5>\n\n<\/div><\/div><\/div>\n<\/div>\n\n\n<h4 class=\"gb-headline gb-headline-3fb4ce48 gb-headline-text\">Comment cette soci\u00e9t\u00e9 transforme votre logement squatt\u00e9 en opportunit\u00e9 immobili\u00e8re &#8211; <a href=\"https:\/\/www.capital.fr\/immobilier\/comment-cette-societe-transforme-votre-logement-squatte-en-opportunite-immobiliere-1500496\" target=\"_blank\" rel=\"noreferrer noopener\">Capital<\/a><\/h4>\n\n\n\n<h4 class=\"gb-headline gb-headline-0c51f256 gb-headline-text\">En Vaucluse, cette soci\u00e9t\u00e9 rach\u00e8te votre bien squatt\u00e9 &#8211; <a href=\"https:\/\/www.laprovence.com\/article\/societe\/1328409698971215\/en-vaucluse-cette-societe-rachete-votre-bien-squatte\">La Provence<\/a><\/h4>\n","protected":false},"excerpt":{"rendered":"<p>Comment cette soci\u00e9t\u00e9 transforme votre logement squatt\u00e9 en opportunit\u00e9 immobili\u00e8re &#8211; Capital En Vaucluse, cette soci\u00e9t\u00e9 rach\u00e8te votre bien squatt\u00e9 &#8211; La Provence<\/p>\n","protected":false},"author":1,"featured_media":0,"parent":0,"menu_order":25,"comment_status":"closed","ping_status":"closed","template":"","meta":{"footnotes":""},"class_list":["post-9530","page","type-page","status-publish"],"yoast_head":"<!-- This site is optimized with the Yoast SEO plugin v27.3 - https:\/\/yoast.com\/product\/yoast-seo-wordpress\/ -->\n<title>M\u00e9dias - Squat solutions | Rachat de biens squatt\u00e9s<\/title>\n<meta name=\"robots\" content=\"index, follow, max-snippet:-1, max-image-preview:large, max-video-preview:-1\" \/>\n<link rel=\"canonical\" href=\"https:\/\/squatsolutions.com\/lu\/dans-la-presse\/\" \/>\n<meta property=\"og:locale\" content=\"fr_FR\" \/>\n<meta property=\"og:type\" content=\"article\" \/>\n<meta property=\"og:title\" content=\"M\u00e9dias - Squat solutions | Rachat de biens squatt\u00e9s\" \/>\n<meta property=\"og:description\" content=\"Comment cette soci\u00e9t\u00e9 transforme votre logement squatt\u00e9 en opportunit\u00e9 immobili\u00e8re &#8211; Capital En Vaucluse, cette soci\u00e9t\u00e9 rach\u00e8te votre bien squatt\u00e9 &#8211; La Provence\" \/>\n<meta property=\"og:url\" content=\"https:\/\/squatsolutions.com\/lu\/dans-la-presse\/\" \/>\n<meta property=\"og:site_name\" content=\"Squat solutions\" \/>\n<meta property=\"article:modified_time\" content=\"2026-03-16T17:10:36+00:00\" \/>\n<meta property=\"og:image\" content=\"https:\/\/squatsolutions.com\/wp-content\/uploads\/2026\/01\/instagram-M6.jpg\" \/>\n<meta name=\"twitter:card\" content=\"summary_large_image\" \/>\n<meta name=\"twitter:label1\" content=\"Est. reading time\" \/>\n\t<meta name=\"twitter:data1\" content=\"4 minutes\" \/>\n<!-- \/ Yoast SEO plugin. -->","yoast_head_json":{"title":"M\u00e9dias - Squat solutions | Rachat de biens squatt\u00e9s","robots":{"index":"index","follow":"follow","max-snippet":"max-snippet:-1","max-image-preview":"max-image-preview:large","max-video-preview":"max-video-preview:-1"},"canonical":"https:\/\/squatsolutions.com\/lu\/dans-la-presse\/","og_locale":"fr_FR","og_type":"article","og_title":"M\u00e9dias - Squat solutions | Rachat de biens squatt\u00e9s","og_description":"Comment cette soci\u00e9t\u00e9 transforme votre logement squatt\u00e9 en opportunit\u00e9 immobili\u00e8re &#8211; Capital En Vaucluse, cette soci\u00e9t\u00e9 rach\u00e8te votre bien squatt\u00e9 &#8211; La Provence","og_url":"https:\/\/squatsolutions.com\/lu\/dans-la-presse\/","og_site_name":"Squat solutions","article_modified_time":"2026-03-16T17:10:36+00:00","og_image":[{"url":"https:\/\/squatsolutions.com\/wp-content\/uploads\/2026\/01\/instagram-M6.jpg","type":"","width":"","height":""}],"twitter_card":"summary_large_image","twitter_misc":{"Est. reading time":"4 minutes"},"schema":{"@context":"https:\/\/schema.org","@graph":[{"@type":"WebPage","@id":"https:\/\/squatsolutions.com\/lu\/dans-la-presse\/","url":"https:\/\/squatsolutions.com\/lu\/dans-la-presse\/","name":"M\u00e9dias - Squat solutions | Rachat de biens squatt\u00e9s","isPartOf":{"@id":"https:\/\/squatsolutions.com\/lu\/#website"},"primaryImageOfPage":{"@id":"https:\/\/squatsolutions.com\/lu\/dans-la-presse\/#primaryimage"},"image":{"@id":"https:\/\/squatsolutions.com\/lu\/dans-la-presse\/#primaryimage"},"thumbnailUrl":"https:\/\/squatsolutions.com\/wp-content\/uploads\/2026\/01\/instagram-M6.jpg","datePublished":"2019-05-29T07:27:32+00:00","dateModified":"2026-03-16T17:10:36+00:00","breadcrumb":{"@id":"https:\/\/squatsolutions.com\/lu\/dans-la-presse\/#breadcrumb"},"inLanguage":"fr-LU","potentialAction":[{"@type":"ReadAction","target":["https:\/\/squatsolutions.com\/lu\/dans-la-presse\/"]}]},{"@type":"ImageObject","inLanguage":"fr-LU","@id":"https:\/\/squatsolutions.com\/lu\/dans-la-presse\/#primaryimage","url":"https:\/\/squatsolutions.com\/wp-content\/uploads\/2026\/01\/instagram-M6.jpg","contentUrl":"https:\/\/squatsolutions.com\/wp-content\/uploads\/2026\/01\/instagram-M6.jpg"},{"@type":"BreadcrumbList","@id":"https:\/\/squatsolutions.com\/lu\/dans-la-presse\/#breadcrumb","itemListElement":[{"@type":"ListItem","position":1,"name":"Accueil","item":"https:\/\/squatsolutions.com\/lu\/"},{"@type":"ListItem","position":2,"name":"M\u00e9dias"}]},{"@type":"WebSite","@id":"https:\/\/squatsolutions.com\/lu\/#website","url":"https:\/\/squatsolutions.com\/lu\/","name":"Squat Solutions","description":"Rachat de logements squatt\u00e9s et de parts indivises","publisher":{"@id":"https:\/\/squatsolutions.com\/lu\/#organization"},"potentialAction":[{"@type":"SearchAction","target":{"@type":"EntryPoint","urlTemplate":"https:\/\/squatsolutions.com\/lu\/?s={search_term_string}"},"query-input":{"@type":"PropertyValueSpecification","valueRequired":true,"valueName":"search_term_string"}}],"inLanguage":"fr-LU"},{"@type":"Organization","@id":"https:\/\/squatsolutions.com\/lu\/#organization","name":"Squat Solutions","url":"https:\/\/squatsolutions.com\/lu\/","logo":{"@type":"ImageObject","inLanguage":"fr-LU","@id":"https:\/\/squatsolutions.com\/lu\/#\/schema\/logo\/image\/","url":"https:\/\/squatsolutions.com\/wp-content\/uploads\/2019\/03\/logo-squatsolutions.png","contentUrl":"https:\/\/squatsolutions.com\/wp-content\/uploads\/2019\/03\/logo-squatsolutions.png","width":558,"height":214,"caption":"Squat Solutions"},"image":{"@id":"https:\/\/squatsolutions.com\/lu\/#\/schema\/logo\/image\/"}}]}},"_links":{"self":[{"href":"https:\/\/squatsolutions.com\/lu\/wp-json\/wp\/v2\/pages\/9530","targetHints":{"allow":["GET"]}}],"collection":[{"href":"https:\/\/squatsolutions.com\/lu\/wp-json\/wp\/v2\/pages"}],"about":[{"href":"https:\/\/squatsolutions.com\/lu\/wp-json\/wp\/v2\/types\/page"}],"author":[{"embeddable":true,"href":"https:\/\/squatsolutions.com\/lu\/wp-json\/wp\/v2\/users\/1"}],"replies":[{"embeddable":true,"href":"https:\/\/squatsolutions.com\/lu\/wp-json\/wp\/v2\/comments?post=9530"}],"version-history":[{"count":2,"href":"https:\/\/squatsolutions.com\/lu\/wp-json\/wp\/v2\/pages\/9530\/revisions"}],"predecessor-version":[{"id":9732,"href":"https:\/\/squatsolutions.com\/lu\/wp-json\/wp\/v2\/pages\/9530\/revisions\/9732"}],"wp:attachment":[{"href":"https:\/\/squatsolutions.com\/lu\/wp-json\/wp\/v2\/media?parent=9530"}],"curies":[{"name":"wp","href":"https:\/\/api.w.org\/{rel}","templated":true}]}}